{"id":245774,"date":"2025-10-09T00:12:04","date_gmt":"2025-10-08T21:12:04","guid":{"rendered":"https:\/\/ecoshop.ee\/?post_type=product&#038;p=245774"},"modified":"2026-05-08T11:44:06","modified_gmt":"2026-05-08T08:44:06","slug":"bettr-gluteeniton-runsasproteiininen-luomu-pannukakkumix-400g","status":"publish","type":"product","link":"https:\/\/ecoshop.ee\/fi\/kupsetussegud-ja-kuivained\/bettr-gluteenivaba-proteiinirohke-pannkoogisegu-mahe-400g\/","title":{"rendered":"Bett&#039;r gluteeniton runsasproteiininen pannukakkumix, 400g"},"content":{"rendered":"<p data-start=\"62\" data-end=\"317\">Aloita p\u00e4iv\u00e4si terveellisesti ja herkullisesti! Bett&#039;rin luomu vegaaninen proteiinipitoinen pannukakkumix tekee pehmeiden ja kuohkeiden pannukakkujen valmistuksesta helppoa \u2013 vain muutamassa minuutissa saat proteiinipitoisen aamiaisen, joka antaa sinulle energiaa ja pit\u00e4\u00e4 sinut kyll\u00e4isen\u00e4 pitk\u00e4\u00e4n.<\/p>\n<p data-start=\"319\" data-end=\"559\">Valmistettu huolella valituista luomukasvipohjaisista ainesosista, ilman lis\u00e4tty\u00e4 sokeria ja t\u00e4ysin gluteeniton, se sopii erinomaisesti aktiivisille ihmisille, urheilijoille ja kaikille, jotka arvostavat terveellist\u00e4 ja ravitsevaa p\u00e4iv\u00e4n alkua.<\/p>\n<ul data-start=\"561\" data-end=\"784\">\n<li data-start=\"561\" data-end=\"584\">\n<p data-start=\"563\" data-end=\"584\">100% luomu ja yrtti<\/p>\n<\/li>\n<li data-start=\"628\" data-end=\"644\">\n<p data-start=\"630\" data-end=\"644\">Gluteeniton<\/p>\n<\/li>\n<li data-start=\"645\" data-end=\"695\">\n<p data-start=\"647\" data-end=\"695\">Ei lis\u00e4tty\u00e4 sokeria, taatelit tuovat makeutta<\/p>\n<\/li>\n<li data-start=\"696\" data-end=\"751\">\n<p data-start=\"698\" data-end=\"751\">Ei keinotekoisia lis\u00e4aineita tai s\u00e4il\u00f6nt\u00e4aineita<\/p>\n<\/li>\n<li data-start=\"752\" data-end=\"784\">\n<p data-start=\"754\" data-end=\"784\">Valmis alle 10 minuutissa<\/p>\n<\/li>\n<\/ul>\n<p data-start=\"786\" data-end=\"1147\"><strong data-start=\"786\" data-end=\"803\">Valmistelu:<\/strong><br data-start=\"803\" data-end=\"806\" \/>Sekoita lettuseos kulhossa litran veden tai yrttijuoman kanssa. Vatkaa tasaiseksi ja anna seist\u00e4 5 minuuttia. Kuumenna pannulla tilkka \u00f6ljy\u00e4 ja paista pieni\u00e4 (10\u201312 cm) lettuja, kunnes ne ovat molemmin puolin kullanruskeita. Tarjoile tuoreiden marjojen tai suosikkit\u00e4ytteiden ja -lisukkeiden kanssa.<\/p>","protected":false},"excerpt":{"rendered":"<p>Alusta oma p\u00e4eva tervislikult ja maitsvalt! Bett\u2019r mahe vegan proteiinirohke pannkoogisegu teeb pehmete ja kohevate pannkookide valmistamise imelihtsaks \u2013 vaid m\u00f5ne minutiga&hellip;<\/p>","protected":false},"featured_media":245775,"comment_status":"open","ping_status":"closed","template":"","meta":{"wprm-recipe-roundup-name":"","wprm-recipe-roundup-description":""},"product_brand":[],"product_cat":[323,514,302],"product_tag":[286],"class_list":{"0":"post-245774","1":"product","2":"type-product","3":"status-publish","4":"has-post-thumbnail","6":"product_cat-kupsetussegud-ja-kuivained","7":"product_cat-hommikusook-ja-granolad","8":"product_cat-gluteenivaba","9":"product_tag-pannkoogisegu","10":"j79_wcxd_expiry_type-best-before","12":"first","13":"instock","14":"taxable","15":"shipping-taxable","16":"purchasable","17":"product-type-simple"},"supplier_id":9165,"supplier_sku":"","barcode":"3800233783452","atum_controlled":true,"out_stock_date":null,"out_stock_threshold":null,"inheritable":false,"inbound_stock":0,"stock_on_hold":0,"sold_today":0,"sales_last_days":2,"reserved_stock":0,"customer_returns":0,"warehouse_damage":0,"lost_in_post":0,"other_logs":0,"out_stock_days":0,"lost_sales":0,"has_location":false,"update_date":"2026-05-12T12:37:21","atum_locations":[],"atum_stock_status":"instock","restock_status":true,"low_stock_amount":"","sales_update_date":"2026-05-12T12:37:21","calc_backorders":null,"aioseo_notices":[],"_links":{"self":[{"href":"https:\/\/ecoshop.ee\/fi\/wp-json\/wp\/v2\/product\/245774","targetHints":{"allow":["GET"]}}],"collection":[{"href":"https:\/\/ecoshop.ee\/fi\/wp-json\/wp\/v2\/product"}],"about":[{"href":"https:\/\/ecoshop.ee\/fi\/wp-json\/wp\/v2\/types\/product"}],"replies":[{"embeddable":true,"href":"https:\/\/ecoshop.ee\/fi\/wp-json\/wp\/v2\/comments?post=245774"}],"version-history":[{"count":0,"href":"https:\/\/ecoshop.ee\/fi\/wp-json\/wp\/v2\/product\/245774\/revisions"}],"wp:featuredmedia":[{"embeddable":true,"href":"https:\/\/ecoshop.ee\/fi\/wp-json\/wp\/v2\/media\/245775"}],"wp:attachment":[{"href":"https:\/\/ecoshop.ee\/fi\/wp-json\/wp\/v2\/media?parent=245774"}],"wp:term":[{"taxonomy":"product_brand","embeddable":true,"href":"https:\/\/ecoshop.ee\/fi\/wp-json\/wp\/v2\/product_brand?post=245774"},{"taxonomy":"product_cat","embeddable":true,"href":"https:\/\/ecoshop.ee\/fi\/wp-json\/wp\/v2\/product_cat?post=245774"},{"taxonomy":"product_tag","embeddable":true,"href":"https:\/\/ecoshop.ee\/fi\/wp-json\/wp\/v2\/product_tag?post=245774"}],"curies":[{"name":"wp","href":"https:\/\/api.w.org\/{rel}","templated":true}]}}