{"id":245785,"date":"2025-10-09T20:21:21","date_gmt":"2025-10-09T17:21:21","guid":{"rendered":"https:\/\/ecoshop.ee\/?post_type=product&#038;p=245785"},"modified":"2026-04-14T00:37:44","modified_gmt":"2026-04-13T21:37:44","slug":"luomu-agavesiirappi-400ml","status":"publish","type":"product","link":"https:\/\/ecoshop.ee\/fi\/piimad-ja-maarded\/agaavisiirup-mahe-400ml\/","title":{"rendered":"Agavesiirappi, luomu, 400ml"},"content":{"rendered":"<p data-start=\"52\" data-end=\"315\">Luomu agavesiirappi on luonnollinen makeutusaine, joka sopii t\u00e4ydellisesti sokerin korvikkeeksi sek\u00e4 juomissa ett\u00e4 ruoissa. Se valmistetaan agaave-kasvin ytimest\u00e4 uutetusta ja suodatetusta mehusta, jolloin lopputuloksena on puhdas, pehme\u00e4 ja miellytt\u00e4v\u00e4n makuinen siirappi.<\/p>\n<ul>\n<li data-start=\"317\" data-end=\"574\">luonnollinen ja orgaaninen makeutusaine<\/li>\n<li data-start=\"317\" data-end=\"574\">jolla on alhaisempi glykeeminen indeksi kuin tavallisella sokerilla<\/li>\n<li data-start=\"317\" data-end=\"574\">auttaa ehk\u00e4isem\u00e4\u00e4n nopeita verensokerin nousuja<\/li>\n<li data-start=\"317\" data-end=\"574\">sopii kylmien ja kuumien juomien makeuttamiseen<\/li>\n<li data-start=\"317\" data-end=\"574\">liukenee nopeasti<\/li>\n<li data-start=\"317\" data-end=\"574\">ihanteellinen valinta sokerin sijaan jokap\u00e4iv\u00e4iseen k\u00e4ytt\u00f6\u00f6n<\/li>\n<\/ul>\n<p data-start=\"576\" data-end=\"711\" data-is-last-node=\"\" data-is-only-node=\"\"><strong data-start=\"576\" data-end=\"591\">K\u00e4ytt\u00f6:<\/strong> Lis\u00e4\u00e4 agavesiirappia cocktaileihin, smoothieihin, j\u00e4\u00e4teehen tai leivonnaisiin saadaksesi luonnollisen makeuden ja pehme\u00e4n maun.<\/p>","protected":false},"excerpt":{"rendered":"<p>Mahe agaavisiirup on looduslik magustaja, mis sobib suurep\u00e4raselt suhkruasendajaks nii jookides kui ka toitudes. See on valmistatud agaavitaime s\u00fcdamikust ekstraheeritud ja filtreeritud&hellip;<\/p>","protected":false},"featured_media":245786,"comment_status":"open","ping_status":"closed","template":"","meta":{"wprm-recipe-roundup-name":"","wprm-recipe-roundup-description":""},"product_brand":[12065],"product_cat":[325,388],"product_tag":[7996],"class_list":{"0":"post-245785","1":"product","2":"type-product","3":"status-publish","4":"has-post-thumbnail","6":"product_brand-dragon-superfoods","7":"product_cat-piimad-ja-maarded","8":"product_cat-maitseained","9":"product_tag-siirup","10":"j79_wcxd_expiry_type-best-before","12":"first","13":"instock","14":"taxable","15":"shipping-taxable","16":"purchasable","17":"product-type-simple"},"supplier_id":9165,"supplier_sku":"","barcode":"3800225477116","atum_controlled":true,"out_stock_date":null,"out_stock_threshold":null,"inheritable":false,"inbound_stock":0,"stock_on_hold":0,"sold_today":0,"sales_last_days":0,"reserved_stock":0,"customer_returns":0,"warehouse_damage":0,"lost_in_post":0,"other_logs":0,"out_stock_days":0,"lost_sales":0,"has_location":false,"update_date":"2026-04-13T21:37:45","atum_locations":[],"atum_stock_status":"instock","restock_status":false,"low_stock_amount":"","sales_update_date":"2026-04-06T20:01:11","calc_backorders":null,"aioseo_notices":[],"_links":{"self":[{"href":"https:\/\/ecoshop.ee\/fi\/wp-json\/wp\/v2\/product\/245785","targetHints":{"allow":["GET"]}}],"collection":[{"href":"https:\/\/ecoshop.ee\/fi\/wp-json\/wp\/v2\/product"}],"about":[{"href":"https:\/\/ecoshop.ee\/fi\/wp-json\/wp\/v2\/types\/product"}],"replies":[{"embeddable":true,"href":"https:\/\/ecoshop.ee\/fi\/wp-json\/wp\/v2\/comments?post=245785"}],"version-history":[{"count":0,"href":"https:\/\/ecoshop.ee\/fi\/wp-json\/wp\/v2\/product\/245785\/revisions"}],"wp:featuredmedia":[{"embeddable":true,"href":"https:\/\/ecoshop.ee\/fi\/wp-json\/wp\/v2\/media\/245786"}],"wp:attachment":[{"href":"https:\/\/ecoshop.ee\/fi\/wp-json\/wp\/v2\/media?parent=245785"}],"wp:term":[{"taxonomy":"product_brand","embeddable":true,"href":"https:\/\/ecoshop.ee\/fi\/wp-json\/wp\/v2\/product_brand?post=245785"},{"taxonomy":"product_cat","embeddable":true,"href":"https:\/\/ecoshop.ee\/fi\/wp-json\/wp\/v2\/product_cat?post=245785"},{"taxonomy":"product_tag","embeddable":true,"href":"https:\/\/ecoshop.ee\/fi\/wp-json\/wp\/v2\/product_tag?post=245785"}],"curies":[{"name":"wp","href":"https:\/\/api.w.org\/{rel}","templated":true}]}}