{"id":245788,"date":"2025-10-09T20:52:20","date_gmt":"2025-10-09T17:52:20","guid":{"rendered":"https:\/\/ecoshop.ee\/?post_type=product&#038;p=245788"},"modified":"2026-01-22T13:28:23","modified_gmt":"2026-01-22T10:28:23","slug":"bettr-luomu-gluteeniton-banaanileipasekoitus-300-g","status":"publish","type":"product","link":"https:\/\/ecoshop.ee\/fi\/kupsetussegud-ja-kuivained\/bettr-mahe-gluteenivaba-banaanileiva-segu-300g\/","title":{"rendered":"Bett&#039;r Luomu Gluteeniton Banaanileip\u00e4sekoitus, 300g"},"content":{"rendered":"<p data-start=\"56\" data-end=\"327\">Valmista herkullista ja kuohkeaa banaanileip\u00e4\u00e4 vain muutamassa minuutissa Bett&#039;r Organic Banana Bread Mix -sekoituksella - terveellinen ja syyllisyydentuntoton herkku koko perheelle. Seos on 100% vegaaninen ja gluteeniton, valmistettu huolella valituista luomuaineksista ilman keinotekoisia lis\u00e4aineita tai puhdistettua sokeria.<\/p>\n<ul>\n<li data-start=\"329\" data-end=\"558\">orgaanisia ja luonnollisia ainesosia<\/li>\n<li data-start=\"329\" data-end=\"558\">gluteeniton ja 100% vegaaninen<\/li>\n<li data-start=\"329\" data-end=\"558\">ei sis\u00e4ll\u00e4 puhdistettua sokeria tai keinotekoisia lis\u00e4aineita<\/li>\n<li data-start=\"329\" data-end=\"558\">luonnollinen makeus kookossokerista<\/li>\n<li data-start=\"329\" data-end=\"558\">helppo ja nopea tehd\u00e4 \u2013 tuoretta banaanileip\u00e4\u00e4 alle tunnissa<\/li>\n<\/ul>\n<p data-start=\"560\" data-end=\"579\"><strong data-start=\"560\" data-end=\"577\">Valmistelu:<\/strong><\/p>\n<ol data-start=\"580\" data-end=\"1216\">\n<li data-start=\"580\" data-end=\"654\">\n<p data-start=\"583\" data-end=\"654\">Kuumenna uuni 165\u00b0C:een (kiertoilmauuni) tai 180\u2013185\u00b0C:een (ei kiertoilmauuni).<\/p>\n<\/li>\n<li data-start=\"655\" data-end=\"736\">\n<p data-start=\"658\" data-end=\"736\">Voitele leip\u00e4vuoka (10 \u00d7 20 cm tai enint. 12 \u00d7 24 cm) \u00f6ljyll\u00e4 tai peit\u00e4 leivinpaperilla.<\/p>\n<\/li>\n<li data-start=\"737\" data-end=\"811\">\n<p data-start=\"740\" data-end=\"811\">Kuori ja muussaa kulhossa haarukalla 210 g (noin 2 keskikokoista) kyps\u00e4\u00e4 banaania.<\/p>\n<\/li>\n<li data-start=\"812\" data-end=\"949\">\n<p data-start=\"815\" data-end=\"949\">Lis\u00e4\u00e4 15 ml kasvipohjaista maitoa tai vett\u00e4 ja 30 ml \u00f6ljy\u00e4 tai sulatettua kasvivoita.<\/p>\n<\/li>\n<li data-start=\"950\" data-end=\"1023\">\n<p data-start=\"953\" data-end=\"1023\">Kaada kaikki Bett&#039;rin banaanileip\u00e4seos joukkoon ja sekoita tasaiseksi.<\/p>\n<\/li>\n<li data-start=\"1024\" data-end=\"1123\">\n<p data-start=\"1027\" data-end=\"1123\">Kaada taikina vuokaan ja paista 50\u201360 minuuttia, kunnes keskelle ty\u00f6nnettyyn tikkuun ei tartu taikinaa.<\/p>\n<\/li>\n<li data-start=\"1124\" data-end=\"1216\">\n<p data-start=\"1127\" data-end=\"1216\">Anna leiv\u00e4n j\u00e4\u00e4hty\u00e4 vuoassa 10 minuuttia, ota sitten vuoasta ja anna j\u00e4\u00e4hty\u00e4 kokonaan.<\/p>\n<\/li>\n<\/ol>\n<p data-start=\"1218\" data-end=\"1321\" data-is-last-node=\"\" data-is-only-node=\"\">Nauti miedosti makeasta, mehukkaasta ja itse tehdyst\u00e4 banaanileiv\u00e4st\u00e4 aamiaiseksi, v\u00e4lipalaksi tai j\u00e4lkiruoaksi!<\/p>","protected":false},"excerpt":{"rendered":"<p>Valmista h\u00f5rk ja kohev banaanileib vaid m\u00f5ne minutiga Bett\u2019r maheda banaanileiva seguga \u2013 tervislik ja s\u00fc\u00fcmepiinadeta maius kogu perele. Segu on 100%&hellip;<\/p>","protected":false},"featured_media":245791,"comment_status":"open","ping_status":"closed","template":"","meta":{"wprm-recipe-roundup-name":"","wprm-recipe-roundup-description":""},"product_brand":[],"product_cat":[323,303,302],"product_tag":[296,330],"class_list":{"0":"post-245788","1":"product","2":"type-product","3":"status-publish","4":"has-post-thumbnail","6":"product_cat-kupsetussegud-ja-kuivained","7":"product_cat-mahetooted","8":"product_cat-gluteenivaba","9":"product_tag-gluteenivaba","10":"product_tag-kupsetussegu","11":"j79_wcxd_expiry_type-best-before","13":"first","14":"instock","15":"taxable","16":"shipping-taxable","17":"purchasable","18":"product-type-simple"},"supplier_id":9165,"supplier_sku":"","barcode":"3800233783421","atum_controlled":true,"out_stock_date":null,"out_stock_threshold":null,"inheritable":false,"inbound_stock":0,"stock_on_hold":0,"sold_today":0,"sales_last_days":0,"reserved_stock":0,"customer_returns":0,"warehouse_damage":0,"lost_in_post":0,"other_logs":0,"out_stock_days":0,"lost_sales":0,"has_location":false,"update_date":"2026-04-06T20:01:11","atum_locations":[],"atum_stock_status":"instock","restock_status":false,"low_stock_amount":"","sales_update_date":"2026-04-06T20:01:11","calc_backorders":null,"aioseo_notices":[],"_links":{"self":[{"href":"https:\/\/ecoshop.ee\/fi\/wp-json\/wp\/v2\/product\/245788","targetHints":{"allow":["GET"]}}],"collection":[{"href":"https:\/\/ecoshop.ee\/fi\/wp-json\/wp\/v2\/product"}],"about":[{"href":"https:\/\/ecoshop.ee\/fi\/wp-json\/wp\/v2\/types\/product"}],"replies":[{"embeddable":true,"href":"https:\/\/ecoshop.ee\/fi\/wp-json\/wp\/v2\/comments?post=245788"}],"version-history":[{"count":0,"href":"https:\/\/ecoshop.ee\/fi\/wp-json\/wp\/v2\/product\/245788\/revisions"}],"wp:featuredmedia":[{"embeddable":true,"href":"https:\/\/ecoshop.ee\/fi\/wp-json\/wp\/v2\/media\/245791"}],"wp:attachment":[{"href":"https:\/\/ecoshop.ee\/fi\/wp-json\/wp\/v2\/media?parent=245788"}],"wp:term":[{"taxonomy":"product_brand","embeddable":true,"href":"https:\/\/ecoshop.ee\/fi\/wp-json\/wp\/v2\/product_brand?post=245788"},{"taxonomy":"product_cat","embeddable":true,"href":"https:\/\/ecoshop.ee\/fi\/wp-json\/wp\/v2\/product_cat?post=245788"},{"taxonomy":"product_tag","embeddable":true,"href":"https:\/\/ecoshop.ee\/fi\/wp-json\/wp\/v2\/product_tag?post=245788"}],"curies":[{"name":"wp","href":"https:\/\/api.w.org\/{rel}","templated":true}]}}