{"id":245814,"date":"2025-10-09T22:55:41","date_gmt":"2025-10-09T19:55:41","guid":{"rendered":"https:\/\/ecoshop.ee\/?post_type=product&#038;p=245814"},"modified":"2026-05-11T22:27:08","modified_gmt":"2026-05-11T19:27:08","slug":"daflor-savustettu-tofu-200-g","status":"publish","type":"product","link":"https:\/\/ecoshop.ee\/fi\/tofu\/daflori-suitsutatud-tofu-200g\/","title":{"rendered":"Daflor savustettu tofu, 200 g"},"content":{"rendered":"<p data-start=\"24\" data-end=\"281\">Savustettu tofu on herkullinen kasvipohjainen vaihtoehto, jolla on t\u00e4ytel\u00e4inen maku ja herkullinen savuinen aromi. Perinteisen savustusprosessin ansiosta tofu saa kiinte\u00e4mm\u00e4n rakenteen ja ainutlaatuisen maun, joka sopii t\u00e4ydellisesti sek\u00e4 kylmiin ett\u00e4 kuumiin ruokiin.<\/p>\n<p data-start=\"283\" data-end=\"492\" data-is-last-node=\"\" data-is-only-node=\"\">Savustettu tofu sopii t\u00e4ydellisesti salaatteihin, pastaruokiin, wokkivihanneksiin tai voileipiin. Se on terveellinen ja proteiinipitoinen vaihtoehto lihalle, tuoden herkullista vaihtelua ja t\u00e4ytt\u00e4vyytt\u00e4 ruokavalioosi.<\/p>\n<p data-start=\"283\" data-end=\"492\" data-is-last-node=\"\" data-is-only-node=\"\">Avaamaton tuote\u00a0<strong>voidaan s\u00e4ilytt\u00e4\u00e4 huoneenl\u00e4mm\u00f6ss\u00e4.<\/strong><\/p>","protected":false},"excerpt":{"rendered":"<p>Suitsutatud tofu on maitsev taimne valik, millel on rikkalik maitse ja h\u00f5rk suitsune aroom. T\u00e4nu traditsioonilisele suitsutamisprotsessile omandab tofu tihkema tekstuuri ja&hellip;<\/p>","protected":false},"featured_media":245815,"comment_status":"open","ping_status":"closed","template":"","meta":{"wprm-recipe-roundup-name":"","wprm-recipe-roundup-description":""},"product_brand":[12030],"product_cat":[379,240],"product_tag":[5781],"class_list":{"0":"post-245814","1":"product","2":"type-product","3":"status-publish","4":"has-post-thumbnail","6":"product_brand-daflori","7":"product_cat-tofu","8":"product_cat-allahinnatud","9":"product_tag-tofu","10":"j79_wcxd_expiry_type-best-before","12":"first","13":"instock","14":"sale","15":"taxable","16":"shipping-taxable","17":"purchasable","18":"product-type-simple"},"supplier_id":245718,"supplier_sku":"","barcode":"5600378778232","atum_controlled":true,"out_stock_date":null,"out_stock_threshold":null,"inheritable":false,"inbound_stock":0,"stock_on_hold":0,"sold_today":0,"sales_last_days":5,"reserved_stock":0,"customer_returns":0,"warehouse_damage":0,"lost_in_post":0,"other_logs":0,"out_stock_days":0,"lost_sales":0,"has_location":false,"update_date":"2026-05-13T15:06:55","atum_locations":[],"atum_stock_status":"instock","restock_status":false,"low_stock_amount":"","sales_update_date":"2026-05-13T15:06:55","calc_backorders":null,"aioseo_notices":[],"_links":{"self":[{"href":"https:\/\/ecoshop.ee\/fi\/wp-json\/wp\/v2\/product\/245814","targetHints":{"allow":["GET"]}}],"collection":[{"href":"https:\/\/ecoshop.ee\/fi\/wp-json\/wp\/v2\/product"}],"about":[{"href":"https:\/\/ecoshop.ee\/fi\/wp-json\/wp\/v2\/types\/product"}],"replies":[{"embeddable":true,"href":"https:\/\/ecoshop.ee\/fi\/wp-json\/wp\/v2\/comments?post=245814"}],"version-history":[{"count":0,"href":"https:\/\/ecoshop.ee\/fi\/wp-json\/wp\/v2\/product\/245814\/revisions"}],"wp:featuredmedia":[{"embeddable":true,"href":"https:\/\/ecoshop.ee\/fi\/wp-json\/wp\/v2\/media\/245815"}],"wp:attachment":[{"href":"https:\/\/ecoshop.ee\/fi\/wp-json\/wp\/v2\/media?parent=245814"}],"wp:term":[{"taxonomy":"product_brand","embeddable":true,"href":"https:\/\/ecoshop.ee\/fi\/wp-json\/wp\/v2\/product_brand?post=245814"},{"taxonomy":"product_cat","embeddable":true,"href":"https:\/\/ecoshop.ee\/fi\/wp-json\/wp\/v2\/product_cat?post=245814"},{"taxonomy":"product_tag","embeddable":true,"href":"https:\/\/ecoshop.ee\/fi\/wp-json\/wp\/v2\/product_tag?post=245814"}],"curies":[{"name":"wp","href":"https:\/\/api.w.org\/{rel}","templated":true}]}}