{"id":245822,"date":"2025-10-10T21:54:03","date_gmt":"2025-10-10T18:54:03","guid":{"rendered":"https:\/\/ecoshop.ee\/?post_type=product&#038;p=245822"},"modified":"2026-05-11T22:27:08","modified_gmt":"2026-05-11T19:27:08","slug":"daflor-savustettu-vegaaninen-farinheira-110g","status":"publish","type":"product","link":"https:\/\/ecoshop.ee\/fi\/seitan\/daflori-suitsutatud-vegan-farinheira-110g\/","title":{"rendered":"Daflor savustettu vegaaninen \u201cFarinheira\u201d, 110g"},"content":{"rendered":"<p data-start=\"36\" data-end=\"320\">Savustettu vegaaninen Farinheira on portugalilaisesta keitti\u00f6st\u00e4 inspiraationsa saanut kasvipohjainen makkara, jonka syv\u00e4, savuinen maku on per\u00e4isin huolella valituista ainesosista ja mausteista. Tuloksena on rikas ja aromaattinen makuel\u00e4mys, joka sopii hyvin sek\u00e4 perinteisten ett\u00e4 innovatiivisempien ruokien kanssa.<\/p>\n<p data-start=\"322\" data-end=\"415\" data-is-last-node=\"\" data-is-only-node=\"\">Ihanteellinen grillaamiseen, uunissa paistamiseen tai ruokiin erityisen silauksen antamiseen.<\/p>\n<p data-start=\"36\" data-end=\"339\"><span style=\"letter-spacing: 0.02em;\">Avaamaton tuote <\/span><strong style=\"letter-spacing: 0.02em;\">voidaan s\u00e4ilytt\u00e4\u00e4 huoneenl\u00e4mm\u00f6ss\u00e4.<\/strong><\/p>","protected":false},"excerpt":{"rendered":"<p>Suitsutatud vegan Farinheira on Portugali k\u00f6\u00f6gist inspireeritud taimne vorst, mille s\u00fcgav ja suitsune maitse tuleneb hoolikalt valitud koostisosadest ja v\u00fcrtsidest. Tulemuseks on&hellip;<\/p>","protected":false},"featured_media":245823,"comment_status":"open","ping_status":"closed","template":"","meta":{"wprm-recipe-roundup-name":"","wprm-recipe-roundup-description":""},"product_brand":[12030],"product_cat":[170,240,155],"product_tag":[166,299],"class_list":{"0":"post-245822","1":"product","2":"type-product","3":"status-publish","4":"has-post-thumbnail","6":"product_brand-daflori","7":"product_cat-seitan","8":"product_cat-allahinnatud","9":"product_cat-valguallikad","10":"product_tag-liha","11":"product_tag-vorst","12":"j79_wcxd_expiry_type-best-before","14":"first","15":"instock","16":"sale","17":"taxable","18":"shipping-taxable","19":"purchasable","20":"product-type-simple"},"supplier_id":245718,"supplier_sku":"","barcode":"5600378778553","atum_controlled":true,"out_stock_date":null,"out_stock_threshold":null,"inheritable":false,"inbound_stock":0,"stock_on_hold":0,"sold_today":0,"sales_last_days":2,"reserved_stock":0,"customer_returns":0,"warehouse_damage":0,"lost_in_post":0,"other_logs":0,"out_stock_days":0,"lost_sales":0,"has_location":false,"update_date":"2026-05-13T15:06:55","atum_locations":[],"atum_stock_status":"instock","restock_status":false,"low_stock_amount":"","sales_update_date":"2026-05-13T15:06:55","calc_backorders":null,"aioseo_notices":[],"_links":{"self":[{"href":"https:\/\/ecoshop.ee\/fi\/wp-json\/wp\/v2\/product\/245822","targetHints":{"allow":["GET"]}}],"collection":[{"href":"https:\/\/ecoshop.ee\/fi\/wp-json\/wp\/v2\/product"}],"about":[{"href":"https:\/\/ecoshop.ee\/fi\/wp-json\/wp\/v2\/types\/product"}],"replies":[{"embeddable":true,"href":"https:\/\/ecoshop.ee\/fi\/wp-json\/wp\/v2\/comments?post=245822"}],"version-history":[{"count":0,"href":"https:\/\/ecoshop.ee\/fi\/wp-json\/wp\/v2\/product\/245822\/revisions"}],"wp:featuredmedia":[{"embeddable":true,"href":"https:\/\/ecoshop.ee\/fi\/wp-json\/wp\/v2\/media\/245823"}],"wp:attachment":[{"href":"https:\/\/ecoshop.ee\/fi\/wp-json\/wp\/v2\/media?parent=245822"}],"wp:term":[{"taxonomy":"product_brand","embeddable":true,"href":"https:\/\/ecoshop.ee\/fi\/wp-json\/wp\/v2\/product_brand?post=245822"},{"taxonomy":"product_cat","embeddable":true,"href":"https:\/\/ecoshop.ee\/fi\/wp-json\/wp\/v2\/product_cat?post=245822"},{"taxonomy":"product_tag","embeddable":true,"href":"https:\/\/ecoshop.ee\/fi\/wp-json\/wp\/v2\/product_tag?post=245822"}],"curies":[{"name":"wp","href":"https:\/\/api.w.org\/{rel}","templated":true}]}}