{"id":246240,"date":"2025-11-12T18:56:21","date_gmt":"2025-11-12T15:56:21","guid":{"rendered":"https:\/\/ecoshop.ee\/?post_type=product&#038;p=246240"},"modified":"2026-05-08T20:32:46","modified_gmt":"2026-05-08T17:32:46","slug":"bettr-maapahkinavoi-suklaakulhot-39-g","status":"publish","type":"product","link":"https:\/\/ecoshop.ee\/fi\/kommid\/bettr-maapahklivoiga-sokolaadikausid-39g\/","title":{"rendered":"Bett&#039;r maap\u00e4hkin\u00e4voi-suklaakulhot, 39 g"},"content":{"rendered":"<p data-start=\"80\" data-end=\"292\">Koe harmonia, joka syntyy, kun silkinpehme\u00e4 maap\u00e4hkin\u00e4voi kohtaa t\u00e4ytel\u00e4isen vegaanisen suklaan. Bett&#039;r Peanut Butter Chocolate Bowls -suklaakulhot tarjoavat todellisen makuel\u00e4myksen \u2013 jokainen suupala on t\u00e4ytel\u00e4inen, kermainen ja yll\u00e4tt\u00e4v\u00e4n tasapainoinen.<\/p>\n<p data-start=\"294\" data-end=\"560\">N\u00e4m\u00e4 herkulliset maiused-leivokset on valmistettu yksinomaan luomukasvipohjaisista ainesosista, ilman palmu\u00f6ljy\u00e4 ja makeutettu luonnollisella kookospalmusokerilla.<\/p>","protected":false},"excerpt":{"rendered":"<p>Avasta harmoonia, mis s\u00fcnnib, kui siidiselt pehme maap\u00e4hkliv\u00f5i kohtub rikkaliku vegan\u0161okolaadiga. Bett\u2019r maap\u00e4hkliv\u00f5iga \u0161okolaadikausid pakuvad t\u00f5elist maitser\u00f5\u00f5mu \u2013 iga suut\u00e4is on t\u00e4idlane,&hellip;<\/p>","protected":false},"featured_media":246241,"comment_status":"open","ping_status":"closed","template":"","meta":{"wprm-recipe-roundup-name":"","wprm-recipe-roundup-description":""},"product_brand":[11995],"product_cat":[160],"product_tag":[288],"class_list":{"0":"post-246240","1":"product","2":"type-product","3":"status-publish","4":"has-post-thumbnail","6":"product_brand-bettr","7":"product_cat-kommid","8":"product_tag-pahklivoikausid","9":"j79_wcxd_expiry_type-expiry-date","11":"first","12":"instock","13":"taxable","14":"shipping-taxable","15":"purchasable","16":"product-type-simple"},"supplier_id":9165,"supplier_sku":"","barcode":"3800233781250","atum_controlled":true,"out_stock_date":null,"out_stock_threshold":null,"inheritable":false,"inbound_stock":0,"stock_on_hold":0,"sold_today":0,"sales_last_days":0,"reserved_stock":0,"customer_returns":0,"warehouse_damage":0,"lost_in_post":0,"other_logs":0,"out_stock_days":0,"lost_sales":0,"has_location":false,"update_date":"2026-05-08T17:32:48","atum_locations":[],"atum_stock_status":"instock","restock_status":false,"low_stock_amount":"","sales_update_date":"2026-04-06T20:01:11","calc_backorders":null,"aioseo_notices":[],"_links":{"self":[{"href":"https:\/\/ecoshop.ee\/fi\/wp-json\/wp\/v2\/product\/246240","targetHints":{"allow":["GET"]}}],"collection":[{"href":"https:\/\/ecoshop.ee\/fi\/wp-json\/wp\/v2\/product"}],"about":[{"href":"https:\/\/ecoshop.ee\/fi\/wp-json\/wp\/v2\/types\/product"}],"replies":[{"embeddable":true,"href":"https:\/\/ecoshop.ee\/fi\/wp-json\/wp\/v2\/comments?post=246240"}],"version-history":[{"count":1,"href":"https:\/\/ecoshop.ee\/fi\/wp-json\/wp\/v2\/product\/246240\/revisions"}],"predecessor-version":[{"id":396132,"href":"https:\/\/ecoshop.ee\/fi\/wp-json\/wp\/v2\/product\/246240\/revisions\/396132"}],"wp:featuredmedia":[{"embeddable":true,"href":"https:\/\/ecoshop.ee\/fi\/wp-json\/wp\/v2\/media\/246241"}],"wp:attachment":[{"href":"https:\/\/ecoshop.ee\/fi\/wp-json\/wp\/v2\/media?parent=246240"}],"wp:term":[{"taxonomy":"product_brand","embeddable":true,"href":"https:\/\/ecoshop.ee\/fi\/wp-json\/wp\/v2\/product_brand?post=246240"},{"taxonomy":"product_cat","embeddable":true,"href":"https:\/\/ecoshop.ee\/fi\/wp-json\/wp\/v2\/product_cat?post=246240"},{"taxonomy":"product_tag","embeddable":true,"href":"https:\/\/ecoshop.ee\/fi\/wp-json\/wp\/v2\/product_tag?post=246240"}],"curies":[{"name":"wp","href":"https:\/\/api.w.org\/{rel}","templated":true}]}}