{"id":246267,"date":"2025-11-13T18:19:06","date_gmt":"2025-11-13T15:19:06","guid":{"rendered":"https:\/\/ecoshop.ee\/?post_type=product&#038;p=246267"},"modified":"2026-01-05T17:51:37","modified_gmt":"2026-01-05T14:51:37","slug":"kookie-cat-talviminikeksilajitelma-250g","status":"publish","type":"product","link":"https:\/\/ecoshop.ee\/fi\/vahvlid-ja-kupsised\/kookie-cat-talvine-minikupsiste-valik-250g\/","title":{"rendered":"Kookie Cat talviminikeksilajitelma, 250g"},"content":{"rendered":"<p data-start=\"76\" data-end=\"331\">T\u00e4m\u00e4 juhlava lajitelmapakkaus sis\u00e4lt\u00e4\u00e4 viisi erilaista Kookie Cat -minikeksi\u00e4, joista jokainen on erikseen pakattu ja valmis annettavaksi lahjaksi tai nautittavaksi sellaisenaan. T\u00e4ydellinen joulusesonkiin tai vain pienten ilon hetkien juhlistamiseen.<\/p>\n<p data-start=\"333\" data-end=\"457\">Kaikki keksit ovat luomua, vegaanisia, gluteenittomia, soijattomia ja palmu\u00f6ljytt\u00f6mi\u00e4.<\/p>\n<p data-start=\"459\" data-end=\"483\"><strong data-start=\"459\" data-end=\"481\">Setti sis\u00e4lt\u00e4\u00e4:<\/strong><\/p>\n<ul data-start=\"484\" data-end=\"833\">\n<li data-start=\"484\" data-end=\"530\">\n<p data-start=\"486\" data-end=\"530\"><strong data-start=\"486\" data-end=\"502\">Mets\u00e4marjat<\/strong> \u2013 marjainen ja raikas shotti.<\/p>\n<\/li>\n<li data-start=\"531\" data-end=\"610\">\n<p data-start=\"533\" data-end=\"610\"><strong data-start=\"533\" data-end=\"556\">Vanilja- ja suklaahippu<\/strong> \u2013 klassinen vaniljan ja suklaarouheen yhdistelm\u00e4.<\/p>\n<\/li>\n<li data-start=\"611\" data-end=\"686\">\n<p data-start=\"613\" data-end=\"686\"><strong data-start=\"613\" data-end=\"636\">Kaakaonibsit ja saksanp\u00e4hkin\u00e4t<\/strong> \u2013 suklainen ja hieman p\u00e4hkin\u00e4inen makuel\u00e4mys.<\/p>\n<\/li>\n<li data-start=\"687\" data-end=\"755\">\n<p data-start=\"689\" data-end=\"755\"><strong data-start=\"689\" data-end=\"705\">Chia ja sitruuna<\/strong> \u2013 sitruunankuorta ja chiasiementen rapeutta.<\/p>\n<\/li>\n<li data-start=\"756\" data-end=\"833\">\n<p data-start=\"758\" data-end=\"833\"><strong data-start=\"758\" data-end=\"783\">Suolattu karamellimanteli<\/strong> \u2013 t\u00e4ydellinen tasapaino makean, suolaisen ja p\u00e4hkin\u00e4isen v\u00e4lill\u00e4.<\/p>\n<\/li>\n<\/ul>","protected":false},"excerpt":{"rendered":"<p>See pidulik valikupakk toob sinuni viis erinevat Kookie Cati minik\u00fcpsist, iga\u00fcks eraldi pakendatud ja valmis kinkimiseks v\u00f5i \u00fcksinda nautimiseks. Ideaalne nii p\u00fchadeajaks&hellip;<\/p>","protected":false},"featured_media":246268,"comment_status":"open","ping_status":"closed","template":"","meta":{"wprm-recipe-roundup-name":"","wprm-recipe-roundup-description":""},"product_brand":[12029],"product_cat":[240,148,303,302],"product_tag":[181],"class_list":{"0":"post-246267","1":"product","2":"type-product","3":"status-publish","4":"has-post-thumbnail","6":"product_brand-kookie-cat","7":"product_cat-allahinnatud","8":"product_cat-vahvlid-ja-kupsised","9":"product_cat-mahetooted","10":"product_cat-gluteenivaba","11":"product_tag-kupsised","12":"j79_wcxd_expiry_type-best-before","14":"first","15":"instock","16":"sale","17":"taxable","18":"shipping-taxable","19":"purchasable","20":"product-type-simple"},"supplier_id":9165,"supplier_sku":"","barcode":"3800233686784","atum_controlled":true,"out_stock_date":null,"out_stock_threshold":null,"inheritable":false,"inbound_stock":0,"stock_on_hold":0,"sold_today":0,"sales_last_days":0,"reserved_stock":0,"customer_returns":0,"warehouse_damage":0,"lost_in_post":0,"other_logs":0,"out_stock_days":0,"lost_sales":0,"has_location":false,"update_date":"2026-04-06T20:01:10","atum_locations":[],"atum_stock_status":"instock","restock_status":false,"low_stock_amount":"","sales_update_date":"2026-04-06T20:01:10","calc_backorders":null,"aioseo_notices":[],"_links":{"self":[{"href":"https:\/\/ecoshop.ee\/fi\/wp-json\/wp\/v2\/product\/246267","targetHints":{"allow":["GET"]}}],"collection":[{"href":"https:\/\/ecoshop.ee\/fi\/wp-json\/wp\/v2\/product"}],"about":[{"href":"https:\/\/ecoshop.ee\/fi\/wp-json\/wp\/v2\/types\/product"}],"replies":[{"embeddable":true,"href":"https:\/\/ecoshop.ee\/fi\/wp-json\/wp\/v2\/comments?post=246267"}],"version-history":[{"count":0,"href":"https:\/\/ecoshop.ee\/fi\/wp-json\/wp\/v2\/product\/246267\/revisions"}],"wp:featuredmedia":[{"embeddable":true,"href":"https:\/\/ecoshop.ee\/fi\/wp-json\/wp\/v2\/media\/246268"}],"wp:attachment":[{"href":"https:\/\/ecoshop.ee\/fi\/wp-json\/wp\/v2\/media?parent=246267"}],"wp:term":[{"taxonomy":"product_brand","embeddable":true,"href":"https:\/\/ecoshop.ee\/fi\/wp-json\/wp\/v2\/product_brand?post=246267"},{"taxonomy":"product_cat","embeddable":true,"href":"https:\/\/ecoshop.ee\/fi\/wp-json\/wp\/v2\/product_cat?post=246267"},{"taxonomy":"product_tag","embeddable":true,"href":"https:\/\/ecoshop.ee\/fi\/wp-json\/wp\/v2\/product_tag?post=246267"}],"curies":[{"name":"wp","href":"https:\/\/api.w.org\/{rel}","templated":true}]}}