{"id":246359,"date":"2025-11-28T11:48:26","date_gmt":"2025-11-28T08:48:26","guid":{"rendered":"https:\/\/ecoshop.ee\/?post_type=product&#038;p=246359"},"modified":"2026-01-29T11:09:37","modified_gmt":"2026-01-29T08:09:37","slug":"cosmeau-hatapesuaineen-taittopakkaus","status":"publish","type":"product","link":"https:\/\/ecoshop.ee\/fi\/puhastusvahendid\/cosmeau-noudepesuvahendi-taitepakend\/","title":{"rendered":"Cosmeau astianpesuaineen t\u00e4ytt\u00f6pakkaus, sitruunaruohon tuoksu"},"content":{"rendered":"<p data-start=\"75\" data-end=\"286\">Sitruunaruohon tuoksuinen jauhemainen astianpesuaine, joka sekoittuu vesijohtoveteen ja tuottaa jopa 400 ml tehokasta pesuainetta. Ihanteellinen k\u00e4ytett\u00e4v\u00e4ksi Cosmeaun kauniin himme\u00e4n lasin annostelijan kanssa, mutta sopii my\u00f6s mihin tahansa uudelleenk\u00e4ytett\u00e4v\u00e4\u00e4n pulloon.<\/p>\n<p data-start=\"288\" data-end=\"523\">Koostumus perustuu biohajoavaan selluloosaan ja on valmistettu ilman kovia kemikaaleja \u2013 yli 95% ainesosista on luonnollista alkuper\u00e4\u00e4. Jauhe on kevytt\u00e4, vie v\u00e4h\u00e4n tilaa ja v\u00e4hent\u00e4\u00e4 tarpeetonta veden kuljetusta ja kertak\u00e4ytt\u00f6isen muovin tarvetta.<\/p>\n<ul>\n<li data-start=\"525\" data-end=\"680\">Tehokas rasvanpoistoaine<\/li>\n<li data-start=\"525\" data-end=\"680\">Vegaaninen ja el\u00e4inkokeeton<\/li>\n<li data-start=\"525\" data-end=\"680\">V\u00e4hent\u00e4\u00e4 muovij\u00e4tett\u00e4<\/li>\n<li data-start=\"525\" data-end=\"680\">Lompakkoyst\u00e4v\u00e4llinen t\u00e4ytt\u00f6j\u00e4rjestelm\u00e4<\/li>\n<li data-start=\"525\" data-end=\"680\">Sekoitettuna saadaan jopa 400 ml pesuainetta<\/li>\n<\/ul>\n<p data-start=\"682\" data-end=\"744\" data-is-last-node=\"\" data-is-only-node=\"\">Helppo tapa tehd\u00e4 arjen astianpesusta ymp\u00e4rist\u00f6yst\u00e4v\u00e4llisemp\u00e4\u00e4.<\/p>","protected":false},"excerpt":{"rendered":"<p>Sidrunheina l\u00f5hnaga pulbriline n\u00f5udepesuvahend, mis segatakse kraaniveega, et saada kuni 400 ml t\u00f5husat pesuvahendit. Ideaalne kasutamiseks Cosmeau kauni mattklaasist dosaatoriga, kuid sobib&hellip;<\/p>","protected":false},"featured_media":246360,"comment_status":"open","ping_status":"closed","template":"","meta":{"wprm-recipe-roundup-name":"","wprm-recipe-roundup-description":""},"product_brand":[11998],"product_cat":[8002],"product_tag":[8004],"class_list":{"0":"post-246359","1":"product","2":"type-product","3":"status-publish","4":"has-post-thumbnail","6":"product_brand-cosmeau","7":"product_cat-puhastusvahendid","8":"product_tag-noudepesu","10":"first","11":"instock","12":"taxable","13":"shipping-taxable","14":"purchasable","15":"product-type-simple"},"supplier_id":246354,"supplier_sku":"","barcode":"8720655303135","atum_controlled":true,"out_stock_date":null,"out_stock_threshold":null,"inheritable":false,"inbound_stock":0,"stock_on_hold":0,"sold_today":0,"sales_last_days":0,"reserved_stock":0,"customer_returns":0,"warehouse_damage":0,"lost_in_post":0,"other_logs":0,"out_stock_days":0,"lost_sales":0,"has_location":false,"update_date":"2026-03-07T01:16:16","atum_locations":[],"atum_stock_status":"instock","restock_status":false,"low_stock_amount":"","sales_update_date":"2026-03-07T01:16:16","calc_backorders":null,"aioseo_notices":[],"_links":{"self":[{"href":"https:\/\/ecoshop.ee\/fi\/wp-json\/wp\/v2\/product\/246359","targetHints":{"allow":["GET"]}}],"collection":[{"href":"https:\/\/ecoshop.ee\/fi\/wp-json\/wp\/v2\/product"}],"about":[{"href":"https:\/\/ecoshop.ee\/fi\/wp-json\/wp\/v2\/types\/product"}],"replies":[{"embeddable":true,"href":"https:\/\/ecoshop.ee\/fi\/wp-json\/wp\/v2\/comments?post=246359"}],"version-history":[{"count":0,"href":"https:\/\/ecoshop.ee\/fi\/wp-json\/wp\/v2\/product\/246359\/revisions"}],"wp:featuredmedia":[{"embeddable":true,"href":"https:\/\/ecoshop.ee\/fi\/wp-json\/wp\/v2\/media\/246360"}],"wp:attachment":[{"href":"https:\/\/ecoshop.ee\/fi\/wp-json\/wp\/v2\/media?parent=246359"}],"wp:term":[{"taxonomy":"product_brand","embeddable":true,"href":"https:\/\/ecoshop.ee\/fi\/wp-json\/wp\/v2\/product_brand?post=246359"},{"taxonomy":"product_cat","embeddable":true,"href":"https:\/\/ecoshop.ee\/fi\/wp-json\/wp\/v2\/product_cat?post=246359"},{"taxonomy":"product_tag","embeddable":true,"href":"https:\/\/ecoshop.ee\/fi\/wp-json\/wp\/v2\/product_tag?post=246359"}],"curies":[{"name":"wp","href":"https:\/\/api.w.org\/{rel}","templated":true}]}}