{"id":246366,"date":"2025-11-28T12:16:18","date_gmt":"2025-11-28T09:16:18","guid":{"rendered":"https:\/\/ecoshop.ee\/?post_type=product&#038;p=246366"},"modified":"2026-04-03T22:27:32","modified_gmt":"2026-04-03T19:27:32","slug":"cosmeau-varinvahvenne-likaiselle-pyykille-10-kpl","status":"publish","type":"product","link":"https:\/\/ecoshop.ee\/fi\/puhastusvahendid\/cosmeau-musta-pesu-varvitugevdaja-10tk\/","title":{"rendered":"Cosmeau mustan pyykin v\u00e4rinvahvenne, 10 kpl"},"content":{"rendered":"<p data-start=\"78\" data-end=\"331\">Erityiset v\u00e4rinparannusliuskat, jotka palauttavat syvyytt\u00e4 haalistuneeseen mustaan pyykkiin. Lis\u00e4\u00e4 liuska pesukoneeseesi normaalin pesurutiinin yhteydess\u00e4 \u2013 tuloksena on tummempia ja intensiivisempi\u00e4 s\u00e4vyj\u00e4, joita tavallinen mustan pyykin pesuaine ei pysty saavuttamaan.<\/p>\n<p data-start=\"333\" data-end=\"638\">Huom! T\u00e4m\u00e4 ei ole pesuaine. K\u00e4yt\u00e4 <strong data-start=\"367\" data-end=\"388\">vain mustaa pyykki\u00e4<\/strong> \u00c4l\u00e4 lis\u00e4\u00e4 vaaleisiin, v\u00e4rillisiin tai valkoisiin vaatteisiin \u2013 nauha voi haalistaa vaaleita v\u00e4rej\u00e4. Jos vaatteissa on valkoinen logo tai kuvio, se voi my\u00f6s haalistua. Arkipesuun ilman tehosteainetta sopivat paremmin Cosmeau mustat pyykkinauhat.<\/p>\n<ul>\n<li data-start=\"640\" data-end=\"833\">Antaa tummalle pyykille syvemm\u00e4n s\u00e4vyn<\/li>\n<li data-start=\"640\" data-end=\"833\">Helppok\u00e4ytt\u00f6inen, lis\u00e4\u00e4 vain tavalliseen pyykkiisi<\/li>\n<li data-start=\"640\" data-end=\"833\">Sopii kaikkiin l\u00e4mp\u00f6tiloihin<\/li>\n<li data-start=\"640\" data-end=\"833\">Sopii villalle ja silkille<\/li>\n<li data-start=\"640\" data-end=\"833\">K\u00e4tev\u00e4mpi ja ymp\u00e4rist\u00f6yst\u00e4v\u00e4llisempi valinta<\/li>\n<\/ul>\n<p data-start=\"835\" data-end=\"872\" data-is-last-node=\"\" data-is-only-node=\"\"><em data-start=\"835\" data-end=\"872\" data-is-last-node=\"\">Huomautus: Liuska ei liukene kokonaan.<\/em><\/p>","protected":false},"excerpt":{"rendered":"<p>Spetsiaalsed v\u00e4rvitugevdaja ribad, mis annavad tuhmunud mustale pesule uuesti s\u00fcgavuse. Lisa riba lihtsalt pesumasinasse oma tavalise pesurutiini juurde \u2013 tulemuseks on tumedamad,&hellip;<\/p>","protected":false},"featured_media":246367,"comment_status":"open","ping_status":"closed","template":"","meta":{"wprm-recipe-roundup-name":"","wprm-recipe-roundup-description":""},"product_brand":[11998],"product_cat":[8002],"product_tag":[],"class_list":{"0":"post-246366","1":"product","2":"type-product","3":"status-publish","4":"has-post-thumbnail","6":"product_brand-cosmeau","7":"product_cat-puhastusvahendid","9":"first","10":"instock","11":"taxable","12":"shipping-taxable","13":"purchasable","14":"product-type-simple"},"supplier_id":246354,"supplier_sku":"","barcode":"8720655301407","atum_controlled":true,"out_stock_date":null,"out_stock_threshold":null,"inheritable":false,"inbound_stock":0,"stock_on_hold":0,"sold_today":0,"sales_last_days":1,"reserved_stock":0,"customer_returns":0,"warehouse_damage":0,"lost_in_post":0,"other_logs":0,"out_stock_days":0,"lost_sales":0,"has_location":false,"update_date":"2026-04-07T16:51:56","atum_locations":[],"atum_stock_status":"instock","restock_status":false,"low_stock_amount":"","sales_update_date":"2026-04-07T16:51:56","calc_backorders":null,"aioseo_notices":[],"_links":{"self":[{"href":"https:\/\/ecoshop.ee\/fi\/wp-json\/wp\/v2\/product\/246366","targetHints":{"allow":["GET"]}}],"collection":[{"href":"https:\/\/ecoshop.ee\/fi\/wp-json\/wp\/v2\/product"}],"about":[{"href":"https:\/\/ecoshop.ee\/fi\/wp-json\/wp\/v2\/types\/product"}],"replies":[{"embeddable":true,"href":"https:\/\/ecoshop.ee\/fi\/wp-json\/wp\/v2\/comments?post=246366"}],"version-history":[{"count":0,"href":"https:\/\/ecoshop.ee\/fi\/wp-json\/wp\/v2\/product\/246366\/revisions"}],"wp:featuredmedia":[{"embeddable":true,"href":"https:\/\/ecoshop.ee\/fi\/wp-json\/wp\/v2\/media\/246367"}],"wp:attachment":[{"href":"https:\/\/ecoshop.ee\/fi\/wp-json\/wp\/v2\/media?parent=246366"}],"wp:term":[{"taxonomy":"product_brand","embeddable":true,"href":"https:\/\/ecoshop.ee\/fi\/wp-json\/wp\/v2\/product_brand?post=246366"},{"taxonomy":"product_cat","embeddable":true,"href":"https:\/\/ecoshop.ee\/fi\/wp-json\/wp\/v2\/product_cat?post=246366"},{"taxonomy":"product_tag","embeddable":true,"href":"https:\/\/ecoshop.ee\/fi\/wp-json\/wp\/v2\/product_tag?post=246366"}],"curies":[{"name":"wp","href":"https:\/\/api.w.org\/{rel}","templated":true}]}}