{"id":246370,"date":"2025-11-28T12:43:33","date_gmt":"2025-11-28T09:43:33","guid":{"rendered":"https:\/\/ecoshop.ee\/?post_type=product&#038;p=246370"},"modified":"2025-11-28T12:43:35","modified_gmt":"2025-11-28T09:43:35","slug":"cosmeau-lasinpuhdistustabletteja-6-kpl","status":"publish","type":"product","link":"https:\/\/ecoshop.ee\/fi\/puhastusvahendid\/cosmeau-klaasipuhastustabletid-6tk\/","title":{"rendered":"Cosmeau lasinpuhdistustabletteja, 6 kpl."},"content":{"rendered":"<p data-start=\"50\" data-end=\"244\">Tehokkaat lasinpuhdistustabletit, jotka muuttavat hanaveden hetkess\u00e4 lasinpuhdistusaineeksi. Osta vain suihkepullo kerran, t\u00e4yt\u00e4 se vedell\u00e4, lis\u00e4\u00e4 tabletti \u2013 ja saat s\u00e4ihkyv\u00e4n puhtaat tulokset ilman ylim\u00e4\u00e4r\u00e4ist\u00e4 muovia.<\/p>\n<p data-start=\"246\" data-end=\"392\">Kevyet tabletit v\u00e4hent\u00e4v\u00e4t tarpeetonta veden kuljetusta, kemikaalien kulutusta ja pakkausj\u00e4tett\u00e4. K\u00e4tev\u00e4 tapa pit\u00e4\u00e4 koti puhtaana ja edist\u00e4\u00e4 kest\u00e4v\u00e4\u00e4 kehityst\u00e4.<\/p>\n<ul>\n<li data-start=\"394\" data-end=\"511\">Edullinen ja muoviton valinta<\/li>\n<li data-start=\"394\" data-end=\"511\">Tehokkaita ja raidattomia puhdistustuloksia<\/li>\n<li data-start=\"394\" data-end=\"511\">Vegaani<\/li>\n<li data-start=\"394\" data-end=\"511\">Edullinen t\u00e4ytt\u00f6j\u00e4rjestelm\u00e4<\/li>\n<\/ul>\n<p data-start=\"513\" data-end=\"623\"><strong data-start=\"513\" data-end=\"536\">Hajuton koostumus<\/strong><br data-start=\"536\" data-end=\"539\" \/>Sopii ikkunoille, peileille ja kaikille lasipinnoille - j\u00e4tt\u00e4\u00e4 pinnan raidattomaksi ja kiilt\u00e4v\u00e4ksi.<\/p>\n<p data-start=\"625\" data-end=\"747\">Ent\u00e4 jos n\u00e4kyviin tulee raitoja tai sumua?<br data-start=\"653\" data-end=\"656\" \/>\u2022 Lis\u00e4\u00e4 ripaus etikkaa tai k\u00e4yt\u00e4 puoli tablettia 500 ml:n pulloa kohden \u2013 t\u00e4m\u00e4 kest\u00e4\u00e4 pidemp\u00e4\u00e4n.<\/p>\n<p data-start=\"749\" data-end=\"822\">Jos puhdistuskyky on edelleen heikko:<br data-start=\"780\" data-end=\"783\" \/>\u2022 K\u00e4yt\u00e4 kaksinkertaista tablettia saadaksesi lis\u00e4vahvuutta.<\/p>\n<p data-start=\"824\" data-end=\"1006\" data-is-last-node=\"\" data-is-only-node=\"\">Voinko k\u00e4ytt\u00e4\u00e4 sit\u00e4 suihkepulloni kanssa?<br data-start=\"862\" data-end=\"865\" \/>\u2022 Kyll\u00e4! Suosittelemme 500 ml vett\u00e4 tablettia kohden. Voit tarvittaessa v\u00e4hent\u00e4\u00e4 tai lis\u00e4t\u00e4 veden m\u00e4\u00e4r\u00e4\u00e4 halutun vahvuuden ja keston saavuttamiseksi.<\/p>","protected":false},"excerpt":{"rendered":"<p>T\u00f5husad klaasipuhastustabletid, mis muudavad kraanivee hetkega klaasipuhastusvahendiks. Osta pihustipudel vaid korra, t\u00e4ida see veega, lisa tablett \u2013 ja sul on s\u00e4ravpuhas tulemus&hellip;<\/p>","protected":false},"featured_media":246371,"comment_status":"open","ping_status":"closed","template":"","meta":{"wprm-recipe-roundup-name":"","wprm-recipe-roundup-description":""},"product_brand":[11998],"product_cat":[8002],"product_tag":[],"class_list":{"0":"post-246370","1":"product","2":"type-product","3":"status-publish","4":"has-post-thumbnail","6":"product_brand-cosmeau","7":"product_cat-puhastusvahendid","9":"first","10":"instock","11":"sale","12":"taxable","13":"shipping-taxable","14":"purchasable","15":"product-type-simple"},"supplier_id":246354,"supplier_sku":"","barcode":"8720655301254","atum_controlled":true,"out_stock_date":null,"out_stock_threshold":null,"inheritable":false,"inbound_stock":0,"stock_on_hold":0,"sold_today":0,"sales_last_days":0,"reserved_stock":0,"customer_returns":0,"warehouse_damage":0,"lost_in_post":0,"other_logs":0,"out_stock_days":0,"lost_sales":0,"has_location":false,"update_date":"2026-03-07T01:16:09","atum_locations":[],"atum_stock_status":"instock","restock_status":false,"low_stock_amount":"","sales_update_date":"2026-03-07T01:16:09","calc_backorders":null,"aioseo_notices":[],"_links":{"self":[{"href":"https:\/\/ecoshop.ee\/fi\/wp-json\/wp\/v2\/product\/246370","targetHints":{"allow":["GET"]}}],"collection":[{"href":"https:\/\/ecoshop.ee\/fi\/wp-json\/wp\/v2\/product"}],"about":[{"href":"https:\/\/ecoshop.ee\/fi\/wp-json\/wp\/v2\/types\/product"}],"replies":[{"embeddable":true,"href":"https:\/\/ecoshop.ee\/fi\/wp-json\/wp\/v2\/comments?post=246370"}],"version-history":[{"count":0,"href":"https:\/\/ecoshop.ee\/fi\/wp-json\/wp\/v2\/product\/246370\/revisions"}],"wp:featuredmedia":[{"embeddable":true,"href":"https:\/\/ecoshop.ee\/fi\/wp-json\/wp\/v2\/media\/246371"}],"wp:attachment":[{"href":"https:\/\/ecoshop.ee\/fi\/wp-json\/wp\/v2\/media?parent=246370"}],"wp:term":[{"taxonomy":"product_brand","embeddable":true,"href":"https:\/\/ecoshop.ee\/fi\/wp-json\/wp\/v2\/product_brand?post=246370"},{"taxonomy":"product_cat","embeddable":true,"href":"https:\/\/ecoshop.ee\/fi\/wp-json\/wp\/v2\/product_cat?post=246370"},{"taxonomy":"product_tag","embeddable":true,"href":"https:\/\/ecoshop.ee\/fi\/wp-json\/wp\/v2\/product_tag?post=246370"}],"curies":[{"name":"wp","href":"https:\/\/api.w.org\/{rel}","templated":true}]}}