{"id":246374,"date":"2025-11-28T13:00:07","date_gmt":"2025-11-28T10:00:07","guid":{"rendered":"https:\/\/ecoshop.ee\/?post_type=product&#038;p=246374"},"modified":"2026-02-03T15:09:32","modified_gmt":"2026-02-03T12:09:32","slug":"cosmeau-yleispuhdistustabletit-6-kpl","status":"publish","type":"product","link":"https:\/\/ecoshop.ee\/fi\/puhastusvahendid\/cosmeau-universaalsed-puhastustabletid-6tk\/","title":{"rendered":"Cosmeau yleispuhdistustabletit, 6 kpl"},"content":{"rendered":"<p data-start=\"58\" data-end=\"244\">Monik\u00e4ytt\u00f6iset puhdistustabletit, jotka muuttavat hanaveden nopeasti tehokkaaksi puhdistusaineeksi. Osta vain suihkepullo kerran, t\u00e4yt\u00e4 se vedell\u00e4, lis\u00e4\u00e4 tabletti \u2013 ja olet valmis siivoamaan.<\/p>\n<p data-start=\"246\" data-end=\"453\">Kevyet tabletit v\u00e4hent\u00e4v\u00e4t tarpeetonta veden kuljetusta, kemikaalien kulutusta ja kertak\u00e4ytt\u00f6muovin k\u00e4ytt\u00f6\u00e4. Edulliset t\u00e4ytt\u00f6pakkaukset toimitetaan k\u00e4tev\u00e4ss\u00e4 postilaatikkomuodossa ja auttavat pit\u00e4m\u00e4\u00e4n kotisi puhtaana ja ymp\u00e4rist\u00f6yst\u00e4v\u00e4llisen\u00e4.<\/p>\n<ul>\n<li data-start=\"455\" data-end=\"557\">Tehokas yleispuhdistusaine<\/li>\n<li data-start=\"455\" data-end=\"557\">Taloudellinen ja muoviton ratkaisu<\/li>\n<li data-start=\"455\" data-end=\"557\">Vegaani<\/li>\n<li data-start=\"455\" data-end=\"557\">Edullinen t\u00e4ytt\u00f6j\u00e4rjestelm\u00e4<\/li>\n<\/ul>\n<p data-start=\"559\" data-end=\"644\">Jos puhdistuskyky on edelleen heikko:<br data-start=\"594\" data-end=\"597\" \/>\u2022 K\u00e4yt\u00e4 kahta tablettia saadaksesi vahvemman liuoksen.<\/p>\n<p data-start=\"646\" data-end=\"818\" data-is-last-node=\"\" data-is-only-node=\"\">Voinko k\u00e4ytt\u00e4\u00e4 sit\u00e4 suihkepulloni kanssa?<br data-start=\"688\" data-end=\"691\" \/>\u2022 Kyll\u00e4! Suosittelemme 500 ml vett\u00e4 tablettia kohden. Liuosta voidaan tehd\u00e4 vahvemmaksi tai ohemmaksi haluttaessa s\u00e4\u00e4t\u00e4m\u00e4ll\u00e4 veden m\u00e4\u00e4r\u00e4\u00e4.<\/p>","protected":false},"excerpt":{"rendered":"<p>Mitmeotstarbelised puhastustabletid, mis muudavad kraanivee kiiresti t\u00f5husaks puhastusvahendiks. Osta pihustipudel vaid korra, t\u00e4ida see veega, lisa tablett \u2013 ja oledki valmis koristama.&hellip;<\/p>","protected":false},"featured_media":246375,"comment_status":"open","ping_status":"closed","template":"","meta":{"wprm-recipe-roundup-name":"","wprm-recipe-roundup-description":""},"product_brand":[11998],"product_cat":[8002],"product_tag":[],"class_list":{"0":"post-246374","1":"product","2":"type-product","3":"status-publish","4":"has-post-thumbnail","6":"product_brand-cosmeau","7":"product_cat-puhastusvahendid","9":"first","10":"instock","11":"sale","12":"taxable","13":"shipping-taxable","14":"purchasable","15":"product-type-simple"},"supplier_id":246354,"supplier_sku":"","barcode":"8720655301223","atum_controlled":true,"out_stock_date":null,"out_stock_threshold":null,"inheritable":false,"inbound_stock":0,"stock_on_hold":0,"sold_today":0,"sales_last_days":0,"reserved_stock":0,"customer_returns":0,"warehouse_damage":0,"lost_in_post":0,"other_logs":0,"out_stock_days":0,"lost_sales":0,"has_location":false,"update_date":"2026-03-07T01:16:16","atum_locations":[],"atum_stock_status":"instock","restock_status":false,"low_stock_amount":"","sales_update_date":"2026-03-07T01:16:16","calc_backorders":null,"aioseo_notices":[],"_links":{"self":[{"href":"https:\/\/ecoshop.ee\/fi\/wp-json\/wp\/v2\/product\/246374","targetHints":{"allow":["GET"]}}],"collection":[{"href":"https:\/\/ecoshop.ee\/fi\/wp-json\/wp\/v2\/product"}],"about":[{"href":"https:\/\/ecoshop.ee\/fi\/wp-json\/wp\/v2\/types\/product"}],"replies":[{"embeddable":true,"href":"https:\/\/ecoshop.ee\/fi\/wp-json\/wp\/v2\/comments?post=246374"}],"version-history":[{"count":0,"href":"https:\/\/ecoshop.ee\/fi\/wp-json\/wp\/v2\/product\/246374\/revisions"}],"wp:featuredmedia":[{"embeddable":true,"href":"https:\/\/ecoshop.ee\/fi\/wp-json\/wp\/v2\/media\/246375"}],"wp:attachment":[{"href":"https:\/\/ecoshop.ee\/fi\/wp-json\/wp\/v2\/media?parent=246374"}],"wp:term":[{"taxonomy":"product_brand","embeddable":true,"href":"https:\/\/ecoshop.ee\/fi\/wp-json\/wp\/v2\/product_brand?post=246374"},{"taxonomy":"product_cat","embeddable":true,"href":"https:\/\/ecoshop.ee\/fi\/wp-json\/wp\/v2\/product_cat?post=246374"},{"taxonomy":"product_tag","embeddable":true,"href":"https:\/\/ecoshop.ee\/fi\/wp-json\/wp\/v2\/product_tag?post=246374"}],"curies":[{"name":"wp","href":"https:\/\/api.w.org\/{rel}","templated":true}]}}