{"id":246379,"date":"2025-11-28T13:15:21","date_gmt":"2025-11-28T10:15:21","guid":{"rendered":"https:\/\/ecoshop.ee\/?post_type=product&#038;p=246379"},"modified":"2025-11-28T13:15:22","modified_gmt":"2025-11-28T10:15:22","slug":"cosmeau-kakunpuhdistustabletteja-6-kpl","status":"publish","type":"product","link":"https:\/\/ecoshop.ee\/fi\/puhastusvahendid\/cosmeau-koogipuhastuse-tabletid-6tk\/","title":{"rendered":"Cosmeau keitti\u00f6npuhdistustabletteja, 6 kpl"},"content":{"rendered":"<p data-start=\"51\" data-end=\"264\">K\u00e4yt\u00e4nn\u00f6lliset keitti\u00f6n puhdistustabletit, jotka muuttavat hanaveden nopeasti tehokkaaksi puhdistusaineeksi. Osta suihkepullo kerran, t\u00e4yt\u00e4 vedell\u00e4, lis\u00e4\u00e4 tabletti \u2013 ja sinulla on ymp\u00e4rist\u00f6yst\u00e4v\u00e4llinen ratkaisu jokap\u00e4iv\u00e4iseen siivoukseen.<\/p>\n<p data-start=\"266\" data-end=\"472\">Kevyet tabletit v\u00e4hent\u00e4v\u00e4t tarpeetonta veden kuljetusta, kemikaalien kulutusta ja kertak\u00e4ytt\u00f6muovin k\u00e4ytt\u00f6\u00e4. Edulliset t\u00e4ytt\u00f6pakkaukset toimitetaan postilaatikon mukana ja auttavat pit\u00e4m\u00e4\u00e4n kotisi puhtaana ja planeetan turvassa.<\/p>\n<ul>\n<li>Tehokas rasvan ja ruokaj\u00e4\u00e4mien poistaja<\/li>\n<li>Edullinen ja muoviton valinta<\/li>\n<li>Vegaani<\/li>\n<li>Edullinen t\u00e4ytt\u00f6j\u00e4rjestelm\u00e4<\/li>\n<\/ul>\n<p data-start=\"589\" data-end=\"703\"><strong>Limetin tuoksuinen koostumus<\/strong><br data-start=\"620\" data-end=\"623\" \/>Suunniteltu liesitasoille, ty\u00f6tasoille ja lattioille. Raikas limen tuoksu.<\/p>\n<p data-start=\"705\" data-end=\"796\">Jos puhdistuskyky on edelleen heikko:<br data-start=\"740\" data-end=\"743\" \/>\u2022 K\u00e4yt\u00e4 kahta tablettia vahvempien tulosten saavuttamiseksi.<\/p>\n<p data-start=\"798\" data-end=\"970\" data-is-last-node=\"\" data-is-only-node=\"\">Voinko k\u00e4ytt\u00e4\u00e4 sit\u00e4 suihkepulloni kanssa?<br data-start=\"840\" data-end=\"843\" \/>\u2022 Kyll\u00e4! Suosittelemme 500 ml vett\u00e4 tablettia kohden. Voit tarvittaessa s\u00e4\u00e4t\u00e4\u00e4 veden m\u00e4\u00e4r\u00e4\u00e4, jotta liuos on vahvempi tai kest\u00e4\u00e4 pidemp\u00e4\u00e4n.<\/p>","protected":false},"excerpt":{"rendered":"<p>Praktilised k\u00f6\u00f6gipuhastustabletid, mis muudavad kraanivee kiiresti t\u00f5husaks puhastusvahendiks. Osta pihustipudel \u00fcks kord, t\u00e4ida veega, lisa tablett \u2013 ja saad keskkonnas\u00e4\u00e4stliku lahenduse igap\u00e4evaseks&hellip;<\/p>","protected":false},"featured_media":246381,"comment_status":"open","ping_status":"closed","template":"","meta":{"wprm-recipe-roundup-name":"","wprm-recipe-roundup-description":""},"product_brand":[11998],"product_cat":[8002],"product_tag":[],"class_list":{"0":"post-246379","1":"product","2":"type-product","3":"status-publish","4":"has-post-thumbnail","6":"product_brand-cosmeau","7":"product_cat-puhastusvahendid","9":"first","10":"instock","11":"sale","12":"taxable","13":"shipping-taxable","14":"purchasable","15":"product-type-simple"},"supplier_id":246354,"supplier_sku":"","barcode":"8720655301230","atum_controlled":true,"out_stock_date":null,"out_stock_threshold":null,"inheritable":false,"inbound_stock":0,"stock_on_hold":0,"sold_today":0,"sales_last_days":0,"reserved_stock":0,"customer_returns":0,"warehouse_damage":0,"lost_in_post":0,"other_logs":0,"out_stock_days":0,"lost_sales":0,"has_location":false,"update_date":"2026-03-07T01:16:05","atum_locations":[],"atum_stock_status":"instock","restock_status":false,"low_stock_amount":"","sales_update_date":"2026-03-07T01:16:05","calc_backorders":null,"aioseo_notices":[],"_links":{"self":[{"href":"https:\/\/ecoshop.ee\/fi\/wp-json\/wp\/v2\/product\/246379","targetHints":{"allow":["GET"]}}],"collection":[{"href":"https:\/\/ecoshop.ee\/fi\/wp-json\/wp\/v2\/product"}],"about":[{"href":"https:\/\/ecoshop.ee\/fi\/wp-json\/wp\/v2\/types\/product"}],"replies":[{"embeddable":true,"href":"https:\/\/ecoshop.ee\/fi\/wp-json\/wp\/v2\/comments?post=246379"}],"version-history":[{"count":0,"href":"https:\/\/ecoshop.ee\/fi\/wp-json\/wp\/v2\/product\/246379\/revisions"}],"wp:featuredmedia":[{"embeddable":true,"href":"https:\/\/ecoshop.ee\/fi\/wp-json\/wp\/v2\/media\/246381"}],"wp:attachment":[{"href":"https:\/\/ecoshop.ee\/fi\/wp-json\/wp\/v2\/media?parent=246379"}],"wp:term":[{"taxonomy":"product_brand","embeddable":true,"href":"https:\/\/ecoshop.ee\/fi\/wp-json\/wp\/v2\/product_brand?post=246379"},{"taxonomy":"product_cat","embeddable":true,"href":"https:\/\/ecoshop.ee\/fi\/wp-json\/wp\/v2\/product_cat?post=246379"},{"taxonomy":"product_tag","embeddable":true,"href":"https:\/\/ecoshop.ee\/fi\/wp-json\/wp\/v2\/product_tag?post=246379"}],"curies":[{"name":"wp","href":"https:\/\/api.w.org\/{rel}","templated":true}]}}