{"id":246387,"date":"2025-11-28T13:59:39","date_gmt":"2025-11-28T10:59:39","guid":{"rendered":"https:\/\/ecoshop.ee\/?post_type=product&#038;p=246387"},"modified":"2026-05-07T20:05:27","modified_gmt":"2026-05-07T17:05:27","slug":"cosmeau-pesuliuskat-pesemattomat-60-kpl","status":"publish","type":"product","link":"https:\/\/ecoshop.ee\/fi\/puhastusvahendid\/cosmeau-pesuribad-lohnatu-60tk\/","title":{"rendered":"Cosmeau pyykkisuikaleita, hajusteettomia, 60 kpl"},"content":{"rendered":"<p data-start=\"56\" data-end=\"357\">Yleismalliset, hypoallergeeniset pyykinpesuliuskat ilman hajusteita. Edullinen ja ihanteellinen kaikille, joilla on allerginen reaktio pesuaineille. Helppok\u00e4ytt\u00f6inen, muoviton ja biohajoava, tarjoaa k\u00e4tev\u00e4n ja ymp\u00e4rist\u00f6yst\u00e4v\u00e4llisen vaihtoehdon voimakkaille pesugeeleille ja -kapseleille.<\/p>\n<p data-start=\"359\" data-end=\"609\">Eritt\u00e4in tiivistetty koostumus liukenee sek\u00e4 kylm\u00e4\u00e4n ett\u00e4 kuumaan veteen, varmistaa puhtaat tulokset ja j\u00e4tt\u00e4\u00e4 pyykin luonnollisen pehme\u00e4ksi \u2013 ilman huuhteluainetta.<\/p>\n<ul>\n<li data-start=\"611\" data-end=\"1120\">Uusi entsyymitehostettu puhdistusteho<\/li>\n<li data-start=\"611\" data-end=\"1120\">Sertifioidun ihoterapeutin SPROETin testaama ja suosittelema<\/li>\n<li data-start=\"611\" data-end=\"1120\">Sopii kaikkiin l\u00e4mp\u00f6tiloihin (15\u201390 \u00b0C) ja my\u00f6s k\u00e4sinpesuun<\/li>\n<li data-start=\"611\" data-end=\"1120\">Vegaaninen, muoviton ja biohajoava<\/li>\n<li data-start=\"611\" data-end=\"1120\">Dermatologisesti testattu herk\u00e4lle iholle<\/li>\n<li data-start=\"611\" data-end=\"1120\">Sopii valkoiselle, v\u00e4rilliselle ja tummalle pyykille<\/li>\n<li data-start=\"611\" data-end=\"1120\">Pehment\u00e4\u00e4 pyykki\u00e4 luonnollisesti \u2013 huuhteluainetta ei tarvita<\/li>\n<li data-start=\"611\" data-end=\"1120\">Ei sis\u00e4ll\u00e4 parabeeneja, fosfaatteja, limoneenia, kloorivalkaisuainetta tai v\u00e4riaineita<\/li>\n<\/ul>\n<p>Yksinkertainen, kompakti ja ymp\u00e4rist\u00f6yst\u00e4v\u00e4llinen tapa pest\u00e4 pyykki\u00e4.<\/p>\n<p data-start=\"1122\" data-end=\"1434\"><strong data-start=\"1122\" data-end=\"1129\">HUOM!<\/strong><br data-start=\"1129\" data-end=\"1132\" \/>\u2022 Ei sovellu villalle ja silkille \u2013 k\u00e4yt\u00e4 n\u00e4ille Cosmeau Wool &amp; Silk -pyykkisuikaleita.<br data-start=\"1322\" data-end=\"1325\" \/>\u2022 Pinttyneiden tahrojen poistamiseen revi pala liuskaa ja hiero sit\u00e4 m\u00e4rk\u00e4\u00e4n tahraan ennen pesua \u2013 t\u00e4m\u00e4 antaa sille lis\u00e4lujuutta.<\/p>","protected":false},"excerpt":{"rendered":"<p>Universaalsed h\u00fcpoallergeensed pesuribad ilma parf\u00fc\u00fcmideta. Soodne ja ideaalne k\u00f5igile, kellel on pesuvahendite suhtes allergiline reaktsioon. Lihtne kasutada, plastikuvaba ja biolagunev, pakkudes mugavat&hellip;<\/p>","protected":false},"featured_media":246389,"comment_status":"open","ping_status":"closed","template":"","meta":{"wprm-recipe-roundup-name":"","wprm-recipe-roundup-description":""},"product_brand":[11998],"product_cat":[8002],"product_tag":[],"class_list":{"0":"post-246387","1":"product","2":"type-product","3":"status-publish","4":"has-post-thumbnail","6":"product_brand-cosmeau","7":"product_cat-puhastusvahendid","9":"first","10":"instock","11":"taxable","12":"shipping-taxable","13":"purchasable","14":"product-type-simple"},"supplier_id":246354,"supplier_sku":"","barcode":"8720655300653","atum_controlled":true,"out_stock_date":null,"out_stock_threshold":null,"inheritable":false,"inbound_stock":0,"stock_on_hold":0,"sold_today":0,"sales_last_days":1,"reserved_stock":0,"customer_returns":0,"warehouse_damage":0,"lost_in_post":0,"other_logs":0,"out_stock_days":0,"lost_sales":0,"has_location":false,"update_date":"2026-05-11T15:18:05","atum_locations":[],"atum_stock_status":"instock","restock_status":false,"low_stock_amount":"","sales_update_date":"2026-05-11T15:18:05","calc_backorders":null,"aioseo_notices":[],"_links":{"self":[{"href":"https:\/\/ecoshop.ee\/fi\/wp-json\/wp\/v2\/product\/246387","targetHints":{"allow":["GET"]}}],"collection":[{"href":"https:\/\/ecoshop.ee\/fi\/wp-json\/wp\/v2\/product"}],"about":[{"href":"https:\/\/ecoshop.ee\/fi\/wp-json\/wp\/v2\/types\/product"}],"replies":[{"embeddable":true,"href":"https:\/\/ecoshop.ee\/fi\/wp-json\/wp\/v2\/comments?post=246387"}],"version-history":[{"count":0,"href":"https:\/\/ecoshop.ee\/fi\/wp-json\/wp\/v2\/product\/246387\/revisions"}],"wp:featuredmedia":[{"embeddable":true,"href":"https:\/\/ecoshop.ee\/fi\/wp-json\/wp\/v2\/media\/246389"}],"wp:attachment":[{"href":"https:\/\/ecoshop.ee\/fi\/wp-json\/wp\/v2\/media?parent=246387"}],"wp:term":[{"taxonomy":"product_brand","embeddable":true,"href":"https:\/\/ecoshop.ee\/fi\/wp-json\/wp\/v2\/product_brand?post=246387"},{"taxonomy":"product_cat","embeddable":true,"href":"https:\/\/ecoshop.ee\/fi\/wp-json\/wp\/v2\/product_cat?post=246387"},{"taxonomy":"product_tag","embeddable":true,"href":"https:\/\/ecoshop.ee\/fi\/wp-json\/wp\/v2\/product_tag?post=246387"}],"curies":[{"name":"wp","href":"https:\/\/api.w.org\/{rel}","templated":true}]}}