{"id":246407,"date":"2025-11-28T15:50:43","date_gmt":"2025-11-28T12:50:43","guid":{"rendered":"https:\/\/ecoshop.ee\/?post_type=product&#038;p=246407"},"modified":"2026-04-14T14:14:04","modified_gmt":"2026-04-14T11:14:04","slug":"cosmeau-pyykkisuikaleita-pilvia-60-kpl","status":"publish","type":"product","link":"https:\/\/ecoshop.ee\/fi\/puhastusvahendid\/cosmeau-pesuribad-pilved-60tk\/","title":{"rendered":"Cosmeau pyykkisuikaleita, pilvi\u00e4, 60 kpl"},"content":{"rendered":"<p data-start=\"56\" data-end=\"357\">Yleismalliset viisi yhdess\u00e4 -pyykkisuikaleet, joiden raikas ja ilmava tuoksu tuo mieleen unelmien lent\u00e4misen \u2013 kevyt tuuli kasvoilla, pehme\u00e4t pilvet ymp\u00e4rill\u00e4 ja puhdasta raikkautta. Ihanteellinen erityisesti vuodevaatteille luomaan rauhallinen ja unelmainen tunnelma. Tuoksu on yleismaailmallinen, puhdas ja arvioitu parhaaksi sisustusmessuilla.<\/p>\n<p data-start=\"359\" data-end=\"609\">Eritt\u00e4in tiivistetty koostumus liukenee sek\u00e4 kylm\u00e4\u00e4n ett\u00e4 kuumaan veteen varmistaen puhtaat tulokset ja j\u00e4tt\u00e4en pyykin luonnollisen pehme\u00e4ksi \u2013 ilman huuhteluainetta. Tuoksu aktivoituu kitkan avulla: kuivumisen j\u00e4lkeen vaatteiden kevyt hankaus yhteen vapauttaa raikkaan, hienovaraisen aromin.<\/p>\n<ul>\n<li data-start=\"611\" data-end=\"1120\">Uusi entsyymitehostettu puhdistusteho<\/li>\n<li data-start=\"611\" data-end=\"1120\">Pitk\u00e4kestoinen tuoksuteknologia<\/li>\n<li data-start=\"611\" data-end=\"1120\">5-in-1: v\u00e4rillinen, valkoinen, musta, pehmeys ja tuoksu samassa<\/li>\n<li data-start=\"611\" data-end=\"1120\">Sopii kaikkiin l\u00e4mp\u00f6tiloihin (15\u201390 \u00b0C) ja my\u00f6s k\u00e4sinpesuun<\/li>\n<li data-start=\"611\" data-end=\"1120\">Vegaaninen, muoviton ja biohajoava<\/li>\n<li data-start=\"611\" data-end=\"1120\">Dermatologisesti testattu herk\u00e4lle iholle<\/li>\n<li data-start=\"611\" data-end=\"1120\">Sopii valkoiselle, v\u00e4rilliselle ja tummalle pyykille<\/li>\n<li data-start=\"611\" data-end=\"1120\">Pehment\u00e4\u00e4 pyykki\u00e4 luonnollisesti \u2013 huuhteluainetta ei tarvita<\/li>\n<li data-start=\"611\" data-end=\"1120\">Ei sis\u00e4ll\u00e4 parabeeneja, fosfaatteja, limoneenia, kloorivalkaisuainetta tai v\u00e4riaineita<\/li>\n<\/ul>\n<p>Yksinkertainen, kompakti ja ymp\u00e4rist\u00f6yst\u00e4v\u00e4llinen tapa pest\u00e4 pyykki\u00e4.<\/p>\n<p data-start=\"1122\" data-end=\"1434\"><strong data-start=\"1122\" data-end=\"1129\">HUOM!<\/strong><br data-start=\"1129\" data-end=\"1132\" \/>\u2022 Ei sovellu villalle ja silkille \u2013 k\u00e4yt\u00e4 n\u00e4ille Cosmeau Wool &amp; Silk -pyykkisuikaleita.<br data-start=\"1216\" data-end=\"1219\" \/>\u2022 Pyykkisuikaleiden tuoksu on miedompi kuin pyykkikapseleiden. Tuoksu voimistuu liikkeen ja kitkan my\u00f6t\u00e4.<br data-start=\"1322\" data-end=\"1325\" \/>\u2022 Pinttyneiden tahrojen poistamiseen revi pala liuskaa ja hiero sit\u00e4 m\u00e4rk\u00e4\u00e4n tahraan ennen pesua \u2013 t\u00e4m\u00e4 antaa sille lis\u00e4lujuutta.<\/p>","protected":false},"excerpt":{"rendered":"<p>Universaalsed viis-\u00fches pesuribad v\u00e4rske ja \u00f5hulise aroomiga, mis meenutab unistustest tuttavat lendamist \u2013 kerge tuule\u00f5hk n\u00e4ol, pehmed pilved \u00fcmberringi ja puhas v\u00e4rskus.&hellip;<\/p>","protected":false},"featured_media":246408,"comment_status":"open","ping_status":"closed","template":"","meta":{"wprm-recipe-roundup-name":"","wprm-recipe-roundup-description":""},"product_brand":[11998],"product_cat":[8002],"product_tag":[],"class_list":{"0":"post-246407","1":"product","2":"type-product","3":"status-publish","4":"has-post-thumbnail","6":"product_brand-cosmeau","7":"product_cat-puhastusvahendid","9":"first","10":"instock","11":"taxable","12":"shipping-taxable","13":"purchasable","14":"product-type-simple"},"supplier_id":246354,"supplier_sku":"","barcode":"8720655303623","atum_controlled":true,"out_stock_date":null,"out_stock_threshold":null,"inheritable":false,"inbound_stock":0,"stock_on_hold":0,"sold_today":0,"sales_last_days":1,"reserved_stock":0,"customer_returns":0,"warehouse_damage":0,"lost_in_post":0,"other_logs":0,"out_stock_days":0,"lost_sales":0,"has_location":false,"update_date":"2026-04-17T07:24:10","atum_locations":[],"atum_stock_status":"instock","restock_status":false,"low_stock_amount":"","sales_update_date":"2026-04-17T07:24:10","calc_backorders":null,"aioseo_notices":[],"_links":{"self":[{"href":"https:\/\/ecoshop.ee\/fi\/wp-json\/wp\/v2\/product\/246407","targetHints":{"allow":["GET"]}}],"collection":[{"href":"https:\/\/ecoshop.ee\/fi\/wp-json\/wp\/v2\/product"}],"about":[{"href":"https:\/\/ecoshop.ee\/fi\/wp-json\/wp\/v2\/types\/product"}],"replies":[{"embeddable":true,"href":"https:\/\/ecoshop.ee\/fi\/wp-json\/wp\/v2\/comments?post=246407"}],"version-history":[{"count":0,"href":"https:\/\/ecoshop.ee\/fi\/wp-json\/wp\/v2\/product\/246407\/revisions"}],"wp:featuredmedia":[{"embeddable":true,"href":"https:\/\/ecoshop.ee\/fi\/wp-json\/wp\/v2\/media\/246408"}],"wp:attachment":[{"href":"https:\/\/ecoshop.ee\/fi\/wp-json\/wp\/v2\/media?parent=246407"}],"wp:term":[{"taxonomy":"product_brand","embeddable":true,"href":"https:\/\/ecoshop.ee\/fi\/wp-json\/wp\/v2\/product_brand?post=246407"},{"taxonomy":"product_cat","embeddable":true,"href":"https:\/\/ecoshop.ee\/fi\/wp-json\/wp\/v2\/product_cat?post=246407"},{"taxonomy":"product_tag","embeddable":true,"href":"https:\/\/ecoshop.ee\/fi\/wp-json\/wp\/v2\/product_tag?post=246407"}],"curies":[{"name":"wp","href":"https:\/\/api.w.org\/{rel}","templated":true}]}}