{"id":246423,"date":"2025-11-28T17:07:53","date_gmt":"2025-11-28T14:07:53","guid":{"rendered":"https:\/\/ecoshop.ee\/?post_type=product&#038;p=246423"},"modified":"2026-01-08T22:53:27","modified_gmt":"2026-01-08T19:53:27","slug":"cosmeau-puhdistustablettien-aloitussetti-8-kpl","status":"publish","type":"product","link":"https:\/\/ecoshop.ee\/fi\/puhastusvahendid\/cosmeau-puhastustablettide-stardikomplekt-8tk\/","title":{"rendered":"Cosmeau puhdistustablettien aloitussetti, 8 kpl"},"content":{"rendered":"<p data-start=\"93\" data-end=\"367\">Monipuolinen puhdistussarja, joka sis\u00e4lt\u00e4\u00e4 nelj\u00e4 erilaista puhdistustablettia jokap\u00e4iv\u00e4iseen kodin puhdistukseen. T\u00e4yt\u00e4 suihkepullo vesijohtovedell\u00e4, lis\u00e4\u00e4 tabletti ja sinulla on tehokas puhdistusaine ilman turhaa muovia ja liiallista veden kuljetusta. Taloudellinen, ymp\u00e4rist\u00f6yst\u00e4v\u00e4llinen, tilaa s\u00e4\u00e4st\u00e4v\u00e4 ja k\u00e4tev\u00e4.<\/p>\n<p data-start=\"369\" data-end=\"494\">\u2022 V\u00e4hent\u00e4\u00e4 muovin ja veden kulkeutumista<br data-start=\"406\" data-end=\"409\" \/>\u2022 Tehokas puhdistus kaikilla pinnoilla<br data-start=\"439\" data-end=\"442\" \/>\u2022 Vegaani<br data-start=\"449\" data-end=\"452\" \/>\u2022 Edullinen ja k\u00e4yt\u00e4nn\u00f6llinen t\u00e4ytt\u00f6j\u00e4rjestelm\u00e4<\/p>\n<p data-start=\"496\" data-end=\"669\"><strong data-start=\"496\" data-end=\"518\">Setti sis\u00e4lt\u00e4\u00e4:<\/strong><br data-start=\"518\" data-end=\"521\" \/>\u2022 <strong data-start=\"523\" data-end=\"554\">2\u00d7 Lasinpuhdistusaine \u2013 hajuton<\/strong><br data-start=\"554\" data-end=\"557\" \/>Raidattomat tulokset ikkunoissa, peileiss\u00e4 ja kaikilla lasipinnoilla. Jos raitoja tai huurua j\u00e4\u00e4, lis\u00e4\u00e4 hieman etikkaa.<\/p>\n<p data-start=\"671\" data-end=\"800\">\u2022 <strong data-start=\"673\" data-end=\"691\">2\u00d7 Keitti\u00f6 \u2013 lime<\/strong><br data-start=\"691\" data-end=\"694\" \/>Suunniteltu poistamaan rasvaa ja ruokaj\u00e4\u00e4mi\u00e4 liesitasolta, ty\u00f6tasoista ja lattioilta. Raikas limen tuoksu.<\/p>\n<p data-start=\"802\" data-end=\"906\">\u2022 <strong data-start=\"804\" data-end=\"841\">2\u00d7 Kylpyhuone ja saniteettitilat \u2013 oranssi<\/strong><br data-start=\"841\" data-end=\"844\" \/>Poistaa ja ehk\u00e4isee kalkkisaostumia. Sopii kylpyhuoneisiin ja wc-tiloihin.<\/p>\n<p data-start=\"908\" data-end=\"1018\">\u2022 <strong data-start=\"910\" data-end=\"946\">2\u00d7 Yleispuhdistusaine \u2013 laventeli<\/strong><br data-start=\"946\" data-end=\"949\" \/>Monik\u00e4ytt\u00f6inen puhdistusaine useille pinnoille, jossa on hienovarainen laventelin tuoksu.<\/p>\n<p data-start=\"1020\" data-end=\"1113\"><strong data-start=\"1020\" data-end=\"1055\">Jos puhdistuskyky on edelleen heikko:<\/strong><br data-start=\"1055\" data-end=\"1058\" \/>K\u00e4yt\u00e4 kahta tablettia tehokkaamman tuloksen saavuttamiseksi.<\/p>\n<p data-start=\"1115\" data-end=\"1226\"><strong data-start=\"1115\" data-end=\"1157\">Voinko k\u00e4ytt\u00e4\u00e4 sit\u00e4 suihkepulloni kanssa?<\/strong><br data-start=\"1157\" data-end=\"1160\" \/>Kyll\u00e4, tabletit sopivat useimpiin kapeakaulaisiin suihkepulloihin.<\/p>","protected":false},"excerpt":{"rendered":"<p>Mitmek\u00fclgne puhastuskomplekt, mis sisaldab nelja erinevat puhastustabletti igap\u00e4evase koduhoolduse jaoks. T\u00e4ida pihustipudel kraaniveega, lisa tablett ja saad t\u00f5husa puhastusvahendi ilma tarbetu plastikuta&hellip;<\/p>","protected":false},"featured_media":246424,"comment_status":"open","ping_status":"closed","template":"","meta":{"wprm-recipe-roundup-name":"","wprm-recipe-roundup-description":""},"product_brand":[11998],"product_cat":[8002],"product_tag":[],"class_list":{"0":"post-246423","1":"product","2":"type-product","3":"status-publish","4":"has-post-thumbnail","6":"product_brand-cosmeau","7":"product_cat-puhastusvahendid","9":"first","10":"instock","11":"taxable","12":"shipping-taxable","13":"purchasable","14":"product-type-simple"},"supplier_id":246354,"supplier_sku":"","barcode":"8720655301445","atum_controlled":true,"out_stock_date":null,"out_stock_threshold":null,"inheritable":false,"inbound_stock":0,"stock_on_hold":0,"sold_today":0,"sales_last_days":0,"reserved_stock":0,"customer_returns":0,"warehouse_damage":0,"lost_in_post":0,"other_logs":0,"out_stock_days":0,"lost_sales":0,"has_location":false,"update_date":"2026-04-20T21:45:56","atum_locations":[],"atum_stock_status":"instock","restock_status":false,"low_stock_amount":"","sales_update_date":"2026-04-20T21:45:56","calc_backorders":null,"aioseo_notices":[],"_links":{"self":[{"href":"https:\/\/ecoshop.ee\/fi\/wp-json\/wp\/v2\/product\/246423","targetHints":{"allow":["GET"]}}],"collection":[{"href":"https:\/\/ecoshop.ee\/fi\/wp-json\/wp\/v2\/product"}],"about":[{"href":"https:\/\/ecoshop.ee\/fi\/wp-json\/wp\/v2\/types\/product"}],"replies":[{"embeddable":true,"href":"https:\/\/ecoshop.ee\/fi\/wp-json\/wp\/v2\/comments?post=246423"}],"version-history":[{"count":0,"href":"https:\/\/ecoshop.ee\/fi\/wp-json\/wp\/v2\/product\/246423\/revisions"}],"wp:featuredmedia":[{"embeddable":true,"href":"https:\/\/ecoshop.ee\/fi\/wp-json\/wp\/v2\/media\/246424"}],"wp:attachment":[{"href":"https:\/\/ecoshop.ee\/fi\/wp-json\/wp\/v2\/media?parent=246423"}],"wp:term":[{"taxonomy":"product_brand","embeddable":true,"href":"https:\/\/ecoshop.ee\/fi\/wp-json\/wp\/v2\/product_brand?post=246423"},{"taxonomy":"product_cat","embeddable":true,"href":"https:\/\/ecoshop.ee\/fi\/wp-json\/wp\/v2\/product_cat?post=246423"},{"taxonomy":"product_tag","embeddable":true,"href":"https:\/\/ecoshop.ee\/fi\/wp-json\/wp\/v2\/product_tag?post=246423"}],"curies":[{"name":"wp","href":"https:\/\/api.w.org\/{rel}","templated":true}]}}