{"id":246426,"date":"2025-11-28T17:28:01","date_gmt":"2025-11-28T14:28:01","guid":{"rendered":"https:\/\/ecoshop.ee\/?post_type=product&#038;p=246426"},"modified":"2025-11-28T17:28:03","modified_gmt":"2025-11-28T14:28:03","slug":"cosmeau-tuoksuhelmet-kevat-50-pesua","status":"publish","type":"product","link":"https:\/\/ecoshop.ee\/fi\/puhastusvahendid\/cosmeau-lohnaparlid-kevad-50-pesu\/","title":{"rendered":"Cosmeau-tuoksuhelmet, kev\u00e4t, 50 pesukertaa"},"content":{"rendered":"<p data-start=\"47\" data-end=\"347\">Ymp\u00e4rist\u00f6yst\u00e4v\u00e4lliset tuoksuhelmet, jotka antavat pyykille raikkaan ja pitk\u00e4kestoisen tuoksun. Mikrotuoksukapselit vapautuvat hierottaessa \u2013 k\u00e4velless\u00e4, liikkuessa tai liikunnan aikana \u2013 ja antavat miellytt\u00e4v\u00e4n tuoksun jopa 12 viikkoa. Tuoksu on luonnollinen, ei synteettinen, ja sopii sek\u00e4 naisille ett\u00e4 miehille.<\/p>\n<p data-start=\"349\" data-end=\"541\"><em data-start=\"349\" data-end=\"363\">Kev\u00e4\u00e4n raikkaus<\/em>\u00a0Tuo mieleen aurinkoisen kev\u00e4tp\u00e4iv\u00e4n tunteen: l\u00e4mmint\u00e4 ilmaa, linnunlaulua ja kevyt kukkaistuoksu. Ihanteellinen erityisesti vuodevaatteisiin, antaen pehme\u00e4n, raikkaan ja ei liian makean tuoksun.<\/p>\n<ul>\n<li data-start=\"543\" data-end=\"991\">Antaa pyykille lis\u00e4tuoksua<\/li>\n<li data-start=\"543\" data-end=\"991\">Valmistettu maissit\u00e4rkkelyksest\u00e4, vegaaninen<\/li>\n<li data-start=\"543\" data-end=\"991\">Luonnollinen tuoksu<\/li>\n<li data-start=\"543\" data-end=\"991\">Jopa 12 viikkoa tuoreutta<\/li>\n<li data-start=\"543\" data-end=\"991\">Mittakuppi sis\u00e4ltyy hintaan<\/li>\n<li data-start=\"543\" data-end=\"991\">Jopa 50 pesukertaa miedolla tuoksulla tai 25 pesukertaa voimakkaammalla tuoksulla<\/li>\n<li data-start=\"543\" data-end=\"991\">Lis\u00e4\u00e4 suoraan tyhj\u00e4\u00e4n rumpuun ennen pesua<\/li>\n<li data-start=\"543\" data-end=\"991\">Sopii t\u00e4ydellisesti Cosmeau-pesuliuskoihin<\/li>\n<\/ul>\n<p data-start=\"993\" data-end=\"1072\" data-is-last-node=\"\" data-is-only-node=\"\">Pehme\u00e4\u00e4, kev\u00e4ist\u00e4 raikkautta joka pesussa \u2013 luonnollista, pitk\u00e4kestoista ja kest\u00e4v\u00e4\u00e4.<\/p>\n<p data-start=\"0\" data-end=\"17\"><strong data-start=\"0\" data-end=\"17\">T\u00e4ytt\u00f6pakkaukset<\/strong><\/p>\n<p data-start=\"19\" data-end=\"251\" data-is-last-node=\"\" data-is-only-node=\"\">Mittakuppillinen vakiotuubi on pakattu siten, ett\u00e4 tuoksu s\u00e4ilyy mahdollisimman pitk\u00e4\u00e4n. Sit\u00e4 ei tarvitse vaihtaa joka kerta \u2013 tulevaisuudessa voit yksinkertaisesti tilata edullisempia t\u00e4ytt\u00f6pakkauksia, jotka k\u00e4ytt\u00e4v\u00e4t v\u00e4hemm\u00e4n pakkausmateriaalia.<\/p>","protected":false},"excerpt":{"rendered":"<p>Keskkonnas\u00f5bralikud l\u00f5hnap\u00e4rlid, mis annavad pesule v\u00e4rske ja kauap\u00fcsiva aroomi. Mikro-l\u00f5hnakapslid vabanevad h\u00f5\u00f5rdumisel \u2013 k\u00f5ndides, liikudes v\u00f5i trenni tehes \u2013 ning pakuvad kuni&hellip;<\/p>","protected":false},"featured_media":246427,"comment_status":"open","ping_status":"closed","template":"","meta":{"wprm-recipe-roundup-name":"","wprm-recipe-roundup-description":""},"product_brand":[11998],"product_cat":[8002],"product_tag":[],"class_list":{"0":"post-246426","1":"product","2":"type-product","3":"status-publish","4":"has-post-thumbnail","6":"product_brand-cosmeau","7":"product_cat-puhastusvahendid","9":"first","10":"instock","11":"taxable","12":"shipping-taxable","13":"purchasable","14":"product-type-simple"},"supplier_id":246354,"supplier_sku":"","barcode":"8720655301452","atum_controlled":true,"out_stock_date":null,"out_stock_threshold":null,"inheritable":false,"inbound_stock":0,"stock_on_hold":0,"sold_today":0,"sales_last_days":0,"reserved_stock":0,"customer_returns":0,"warehouse_damage":0,"lost_in_post":0,"other_logs":0,"out_stock_days":0,"lost_sales":0,"has_location":false,"update_date":"2026-04-20T21:45:56","atum_locations":[],"atum_stock_status":"instock","restock_status":false,"low_stock_amount":"","sales_update_date":"2026-04-20T21:45:56","calc_backorders":null,"aioseo_notices":[],"_links":{"self":[{"href":"https:\/\/ecoshop.ee\/fi\/wp-json\/wp\/v2\/product\/246426","targetHints":{"allow":["GET"]}}],"collection":[{"href":"https:\/\/ecoshop.ee\/fi\/wp-json\/wp\/v2\/product"}],"about":[{"href":"https:\/\/ecoshop.ee\/fi\/wp-json\/wp\/v2\/types\/product"}],"replies":[{"embeddable":true,"href":"https:\/\/ecoshop.ee\/fi\/wp-json\/wp\/v2\/comments?post=246426"}],"version-history":[{"count":0,"href":"https:\/\/ecoshop.ee\/fi\/wp-json\/wp\/v2\/product\/246426\/revisions"}],"wp:featuredmedia":[{"embeddable":true,"href":"https:\/\/ecoshop.ee\/fi\/wp-json\/wp\/v2\/media\/246427"}],"wp:attachment":[{"href":"https:\/\/ecoshop.ee\/fi\/wp-json\/wp\/v2\/media?parent=246426"}],"wp:term":[{"taxonomy":"product_brand","embeddable":true,"href":"https:\/\/ecoshop.ee\/fi\/wp-json\/wp\/v2\/product_brand?post=246426"},{"taxonomy":"product_cat","embeddable":true,"href":"https:\/\/ecoshop.ee\/fi\/wp-json\/wp\/v2\/product_cat?post=246426"},{"taxonomy":"product_tag","embeddable":true,"href":"https:\/\/ecoshop.ee\/fi\/wp-json\/wp\/v2\/product_tag?post=246426"}],"curies":[{"name":"wp","href":"https:\/\/api.w.org\/{rel}","templated":true}]}}