{"id":246442,"date":"2025-11-30T18:35:47","date_gmt":"2025-11-30T15:35:47","guid":{"rendered":"https:\/\/ecoshop.ee\/?post_type=product&#038;p=246442"},"modified":"2025-11-30T18:35:49","modified_gmt":"2025-11-30T15:35:49","slug":"cosmeau-noude-astianpesuaineen-annostelija-mattavalkoinen-lasi-450-ml","status":"publish","type":"product","link":"https:\/\/ecoshop.ee\/fi\/puhastusvahendid\/cosmeau-noudepesuseebi-dosaator-mattvalge-klaas-450-ml\/","title":{"rendered":"Cosmeau astianpesuaineannostelija, mattavalkoinen lasi, 450 ml"},"content":{"rendered":"<p data-start=\"63\" data-end=\"348\">Elegantti mattavalkoinen lasinen annostelija, joka sopii t\u00e4ydellisesti Cosmeau-astianpesuainejauheelle. Korkealaatuinen ruostumattomasta ter\u00e4ksest\u00e4 valmistettu pumppu takaa k\u00e4tev\u00e4n k\u00e4yt\u00f6n.<\/p>\n<p data-start=\"350\" data-end=\"548\">Pakkaus sis\u00e4lt\u00e4\u00e4 my\u00f6s jauhemaisen astianpesuaineen, jonka sekoitat veteen saadaksesi jopa 400 ml tehokasta ja ymp\u00e4rist\u00f6yst\u00e4v\u00e4llist\u00e4 pesuainetta. Koostumus perustuu biohajoavaan selluloosaan, eik\u00e4 siin\u00e4 ole lainkaan kovia kemikaaleja.<\/p>\n<p data-start=\"550\" data-end=\"807\">\u2022 450 ml mattavalkoinen lasipullo<br data-start=\"579\" data-end=\"582\" \/>\u2022 Ruostumattomasta ter\u00e4ksest\u00e4 valmistettu pumppu<br data-start=\"610\" data-end=\"613\" \/>\u2022 Uudelleenk\u00e4ytett\u00e4v\u00e4 ja kest\u00e4v\u00e4<br data-start=\"644\" data-end=\"647\" \/>\u2022 Biohajoava jauhemainen astianpesuaine<br data-start=\"688\" data-end=\"691\" \/>\u2022 Tehokas rasvanpoistoaine<br data-start=\"739\" data-end=\"742\" \/>\u2022 Kest\u00e4v\u00e4 \u2013 ei tarpeetonta vesikuljetusta tai muovipakkauksia<\/p>","protected":false},"excerpt":{"rendered":"<p>Elegantne mattvalge klaasist dosaator, mis sobib ideaalselt Cosmeau pulbrilise n\u00f5udepesuvahendiga. Kvaliteetne roostevabast terasest pump tagab mugava kasutuse. Komplektis on ka pulbriline n\u00f5udepesuvahend,&hellip;<\/p>","protected":false},"featured_media":246443,"comment_status":"open","ping_status":"closed","template":"","meta":{"wprm-recipe-roundup-name":"","wprm-recipe-roundup-description":""},"product_brand":[11998],"product_cat":[8002],"product_tag":[],"class_list":{"0":"post-246442","1":"product","2":"type-product","3":"status-publish","4":"has-post-thumbnail","6":"product_brand-cosmeau","7":"product_cat-puhastusvahendid","9":"first","10":"instock","11":"taxable","12":"shipping-taxable","13":"purchasable","14":"product-type-simple"},"supplier_id":246354,"supplier_sku":"","barcode":"8720655303418","atum_controlled":true,"out_stock_date":null,"out_stock_threshold":null,"inheritable":false,"inbound_stock":0,"stock_on_hold":0,"sold_today":0,"sales_last_days":0,"reserved_stock":0,"customer_returns":0,"warehouse_damage":0,"lost_in_post":0,"other_logs":0,"out_stock_days":0,"lost_sales":0,"has_location":false,"update_date":"2026-04-20T21:45:56","atum_locations":[],"atum_stock_status":"instock","restock_status":false,"low_stock_amount":"","sales_update_date":"2026-04-20T21:45:56","calc_backorders":null,"aioseo_notices":[],"_links":{"self":[{"href":"https:\/\/ecoshop.ee\/fi\/wp-json\/wp\/v2\/product\/246442","targetHints":{"allow":["GET"]}}],"collection":[{"href":"https:\/\/ecoshop.ee\/fi\/wp-json\/wp\/v2\/product"}],"about":[{"href":"https:\/\/ecoshop.ee\/fi\/wp-json\/wp\/v2\/types\/product"}],"replies":[{"embeddable":true,"href":"https:\/\/ecoshop.ee\/fi\/wp-json\/wp\/v2\/comments?post=246442"}],"version-history":[{"count":0,"href":"https:\/\/ecoshop.ee\/fi\/wp-json\/wp\/v2\/product\/246442\/revisions"}],"wp:featuredmedia":[{"embeddable":true,"href":"https:\/\/ecoshop.ee\/fi\/wp-json\/wp\/v2\/media\/246443"}],"wp:attachment":[{"href":"https:\/\/ecoshop.ee\/fi\/wp-json\/wp\/v2\/media?parent=246442"}],"wp:term":[{"taxonomy":"product_brand","embeddable":true,"href":"https:\/\/ecoshop.ee\/fi\/wp-json\/wp\/v2\/product_brand?post=246442"},{"taxonomy":"product_cat","embeddable":true,"href":"https:\/\/ecoshop.ee\/fi\/wp-json\/wp\/v2\/product_cat?post=246442"},{"taxonomy":"product_tag","embeddable":true,"href":"https:\/\/ecoshop.ee\/fi\/wp-json\/wp\/v2\/product_tag?post=246442"}],"curies":[{"name":"wp","href":"https:\/\/api.w.org\/{rel}","templated":true}]}}