{"id":246453,"date":"2025-11-30T19:06:58","date_gmt":"2025-11-30T16:06:58","guid":{"rendered":"https:\/\/ecoshop.ee\/?post_type=product&#038;p=246453"},"modified":"2025-11-30T19:06:59","modified_gmt":"2025-11-30T16:06:59","slug":"cosmeau-lattianpuhdistusliuskat-60-kpl","status":"publish","type":"product","link":"https:\/\/ecoshop.ee\/fi\/puhastusvahendid\/cosmeau-porandapuhastusribad-60tk\/","title":{"rendered":"Cosmeau lattianpuhdistusliuskat, 60 kpl"},"content":{"rendered":"<p data-start=\"34\" data-end=\"239\">Ymp\u00e4rist\u00f6yst\u00e4v\u00e4llinen lattianpuhdistusaine k\u00e4tev\u00e4n paperiliuskan muodossa - lis\u00e4\u00e4 liuska \u00e4mp\u00e4riin ja anna sen liueta. Biohajoava, tilaa s\u00e4\u00e4st\u00e4v\u00e4 ja edullisempi kuin perinteiset lattianpuhdistusaineet.<\/p>\n<p data-start=\"241\" data-end=\"583\">\u2022 Eritt\u00e4in tiivistetty \u2013 poistaa lian, tahrat ja bakteerit entsyymien avulla<br data-start=\"319\" data-end=\"322\" \/>\u2022 Hell\u00e4varainen koostumus, joka ei vahingoita lattioita eik\u00e4 vauvan paljaita jalkoja<br data-start=\"407\" data-end=\"410\" \/>\u2022 Ei sis\u00e4ll\u00e4 fosfaatteja, valkaisuaineita tai aggressiivisia kemikaaleja<br data-start=\"471\" data-end=\"474\" \/>\u2022 Sopii kaikille lattiatyypeille: laminaatti, puu, laatat, valulattiat jne.<br data-start=\"545\" data-end=\"548\" \/>\u2022 T\u00e4ysin liukeneva ja muoviton<\/p>\n<p data-start=\"241\" data-end=\"583\">Yksinkertainen, tehokas ja ymp\u00e4rist\u00f6yst\u00e4v\u00e4llinen tapa saada lattiasi loistamaan.<\/p>\n<p data-start=\"585\" data-end=\"607\"><strong data-start=\"585\" data-end=\"605\">Kuinka k\u00e4ytt\u00e4\u00e4?<\/strong><\/p>\n<ol data-start=\"608\" data-end=\"852\">\n<li data-start=\"608\" data-end=\"679\">\n<p data-start=\"611\" data-end=\"679\">Revi suikale kahtia perforointia pitkin tai k\u00e4yt\u00e4 kokonaista suikaletta.<\/p>\n<\/li>\n<li data-start=\"680\" data-end=\"736\">\n<p data-start=\"683\" data-end=\"736\">Aseta liuska kuumalla tai kylm\u00e4ll\u00e4 vedell\u00e4 t\u00e4ytettyyn \u00e4mp\u00e4riin.<\/p>\n<\/li>\n<li data-start=\"737\" data-end=\"780\">\n<p data-start=\"740\" data-end=\"780\">Anna sen liueta 20\u201330 sekuntia.<\/p>\n<\/li>\n<li data-start=\"781\" data-end=\"815\">\n<p data-start=\"784\" data-end=\"815\">Upota moppi kokonaan veteen.<\/p>\n<\/li>\n<li data-start=\"816\" data-end=\"852\">\n<p data-start=\"819\" data-end=\"852\">Puhdista lattia normaalisti.<\/p>\n<\/li>\n<\/ol>\n<p data-start=\"854\" data-end=\"1028\"><strong data-start=\"854\" data-end=\"869\">Annostus<\/strong><br data-start=\"869\" data-end=\"872\" \/>\u2022 <strong data-start=\"874\" data-end=\"884\">\u00bd suikale<\/strong> \u2013 noin 5 litran \u00e4mp\u00e4riin tai s\u00e4\u00e4nn\u00f6lliseen siivoukseen<br data-start=\"944\" data-end=\"947\" \/>\u2022 <strong data-start=\"949\" data-end=\"959\">1 suikale<\/strong> \u2013 10 litran \u00e4mp\u00e4riin tai eritt\u00e4in likaisen lattian puhdistukseen<\/p>","protected":false},"excerpt":{"rendered":"<p>Keskkonnas\u00f5bralik p\u00f5randapuhastusvahend mugava pabeririba kujul \u2013 lihtsalt lisa riba \u00e4mbrisse ja lase sellel lahustuda. Biolagunev, ruumis\u00e4\u00e4stlik ning soodsam kui traditsioonilised p\u00f5randapuhastusvahendid. \u2022&hellip;<\/p>","protected":false},"featured_media":246454,"comment_status":"open","ping_status":"closed","template":"","meta":{"wprm-recipe-roundup-name":"","wprm-recipe-roundup-description":""},"product_brand":[11998],"product_cat":[8002],"product_tag":[],"class_list":{"0":"post-246453","1":"product","2":"type-product","3":"status-publish","4":"has-post-thumbnail","6":"product_brand-cosmeau","7":"product_cat-puhastusvahendid","9":"first","10":"instock","11":"taxable","12":"shipping-taxable","13":"purchasable","14":"product-type-simple"},"supplier_id":246354,"supplier_sku":"","barcode":"8720655301353","atum_controlled":true,"out_stock_date":null,"out_stock_threshold":null,"inheritable":false,"inbound_stock":0,"stock_on_hold":0,"sold_today":0,"sales_last_days":0,"reserved_stock":0,"customer_returns":0,"warehouse_damage":0,"lost_in_post":0,"other_logs":0,"out_stock_days":0,"lost_sales":0,"has_location":false,"update_date":"2026-04-20T21:45:56","atum_locations":[],"atum_stock_status":"instock","restock_status":false,"low_stock_amount":"","sales_update_date":"2026-04-20T21:45:56","calc_backorders":null,"aioseo_notices":[],"_links":{"self":[{"href":"https:\/\/ecoshop.ee\/fi\/wp-json\/wp\/v2\/product\/246453","targetHints":{"allow":["GET"]}}],"collection":[{"href":"https:\/\/ecoshop.ee\/fi\/wp-json\/wp\/v2\/product"}],"about":[{"href":"https:\/\/ecoshop.ee\/fi\/wp-json\/wp\/v2\/types\/product"}],"replies":[{"embeddable":true,"href":"https:\/\/ecoshop.ee\/fi\/wp-json\/wp\/v2\/comments?post=246453"}],"version-history":[{"count":0,"href":"https:\/\/ecoshop.ee\/fi\/wp-json\/wp\/v2\/product\/246453\/revisions"}],"wp:featuredmedia":[{"embeddable":true,"href":"https:\/\/ecoshop.ee\/fi\/wp-json\/wp\/v2\/media\/246454"}],"wp:attachment":[{"href":"https:\/\/ecoshop.ee\/fi\/wp-json\/wp\/v2\/media?parent=246453"}],"wp:term":[{"taxonomy":"product_brand","embeddable":true,"href":"https:\/\/ecoshop.ee\/fi\/wp-json\/wp\/v2\/product_brand?post=246453"},{"taxonomy":"product_cat","embeddable":true,"href":"https:\/\/ecoshop.ee\/fi\/wp-json\/wp\/v2\/product_cat?post=246453"},{"taxonomy":"product_tag","embeddable":true,"href":"https:\/\/ecoshop.ee\/fi\/wp-json\/wp\/v2\/product_tag?post=246453"}],"curies":[{"name":"wp","href":"https:\/\/api.w.org\/{rel}","templated":true}]}}