{"id":246456,"date":"2025-11-30T19:21:09","date_gmt":"2025-11-30T16:21:09","guid":{"rendered":"https:\/\/ecoshop.ee\/?post_type=product&#038;p=246456"},"modified":"2026-04-20T12:03:34","modified_gmt":"2026-04-20T09:03:34","slug":"cosmeau-pesukoneen-puhdistusliuskat-60-kpl","status":"publish","type":"product","link":"https:\/\/ecoshop.ee\/fi\/puhastusvahendid\/cosmeau-noudepesumasina-ribad-60tk\/","title":{"rendered":"Cosmeau astianpesukoneen liuskoja, 60 kpl"},"content":{"rendered":"<p data-start=\"35\" data-end=\"216\">Ymp\u00e4rist\u00f6yst\u00e4v\u00e4llinen ja k\u00e4tev\u00e4 astianpesuaine paperisuikaleen muodossa. Revi, annostele ja laita koneeseen - helppoa! EU-vaatimusten mukaisesti biohajoava, muoviton ja eritt\u00e4in tilaa s\u00e4\u00e4st\u00e4v\u00e4.<\/p>\n<p data-start=\"218\" data-end=\"479\">\u2022 Eritt\u00e4in tiivistetty koostumus poistaa lian, tahrat, ruokaj\u00e4\u00e4m\u00e4t ja bakteerit entsyymien avulla<br data-start=\"318\" data-end=\"321\" \/>\u2022 Ei sis\u00e4ll\u00e4 parabeeneja, fosfaatteja tai aggressiivisia kemikaaleja<br data-start=\"381\" data-end=\"384\" \/>\u2022 T\u00e4ysin liukeneva liuska<br data-start=\"410\" data-end=\"413\" \/>\u2022 Muoviton pakkaus<br data-start=\"432\" data-end=\"435\" \/>\u2022 Annosteltavissa likaantumisasteen mukaan<\/p>\n<p data-start=\"481\" data-end=\"503\"><strong data-start=\"481\" data-end=\"501\">Kuinka k\u00e4ytt\u00e4\u00e4?<\/strong><\/p>\n<ol data-start=\"504\" data-end=\"833\">\n<li data-start=\"504\" data-end=\"626\">\n<p data-start=\"507\" data-end=\"626\">Taita liuska annostelijaan sopivaksi. Tarvittaessa revi pala irti ja aseta se astianpesukoneen pohjalle esipesua varten.<\/p>\n<\/li>\n<li data-start=\"627\" data-end=\"661\">\n<p data-start=\"630\" data-end=\"661\">Pese k\u00e4det k\u00e4sittelyn j\u00e4lkeen.<\/p>\n<\/li>\n<li data-start=\"662\" data-end=\"833\">\n<p data-start=\"665\" data-end=\"833\"><strong data-start=\"665\" data-end=\"680\">Huomio!<\/strong> Pieniss\u00e4 tai vanhemmissa astianpesukoneissa k\u00e4yt\u00e4 enint\u00e4\u00e4n \u00bd tai \u00bc baaria liiallisen vaahtoamisen v\u00e4ltt\u00e4miseksi. Jos vaahtoa on liikaa, v\u00e4henn\u00e4 m\u00e4\u00e4r\u00e4\u00e4.<\/p>\n<\/li>\n<\/ol>\n<p data-start=\"835\" data-end=\"979\"><strong data-start=\"835\" data-end=\"850\">Annostus<\/strong><br data-start=\"850\" data-end=\"853\" \/>\u2022 <strong data-start=\"855\" data-end=\"865\">\u00bd suikale<\/strong> \u2013 normaalisti likaantuneille astioille<br data-start=\"902\" data-end=\"905\" \/>\u2022 <strong data-start=\"907\" data-end=\"917\">1 suikale<\/strong> \u2013 eritt\u00e4in likaisille astioille (k\u00e4yt\u00e4 korkeampaa l\u00e4mp\u00f6tilaa)<\/p>\n<p data-start=\"981\" data-end=\"1098\">Varmista, ett\u00e4 astianpesukoneessa on riitt\u00e4v\u00e4sti suolaliuosta ja lis\u00e4\u00e4 huuhtelukirkastetta tarvittaessa, jos laseihin on j\u00e4\u00e4mi\u00e4.<\/p>","protected":false},"excerpt":{"rendered":"<p>Keskkonnas\u00f5bralik ja mugav n\u00f5udepesumasina pesuvahend pabeririba kujul. Rebi, doseeri ja aseta masinasse \u2013 lihtne! Biolagunev EU n\u00f5uete j\u00e4rgi, plastikuvaba ja eriti ruumis\u00e4\u00e4stlik.&hellip;<\/p>","protected":false},"featured_media":246457,"comment_status":"open","ping_status":"closed","template":"","meta":{"wprm-recipe-roundup-name":"","wprm-recipe-roundup-description":""},"product_brand":[11998],"product_cat":[8002],"product_tag":[],"class_list":{"0":"post-246456","1":"product","2":"type-product","3":"status-publish","4":"has-post-thumbnail","6":"product_brand-cosmeau","7":"product_cat-puhastusvahendid","9":"first","10":"instock","11":"taxable","12":"shipping-taxable","13":"purchasable","14":"product-type-simple"},"supplier_id":246354,"supplier_sku":"","barcode":"8720655302466","atum_controlled":true,"out_stock_date":null,"out_stock_threshold":null,"inheritable":false,"inbound_stock":0,"stock_on_hold":0,"sold_today":0,"sales_last_days":3,"reserved_stock":0,"customer_returns":0,"warehouse_damage":0,"lost_in_post":0,"other_logs":0,"out_stock_days":0,"lost_sales":0,"has_location":false,"update_date":"2026-04-22T08:48:01","atum_locations":[],"atum_stock_status":"instock","restock_status":true,"low_stock_amount":"","sales_update_date":"2026-04-22T08:48:01","calc_backorders":null,"aioseo_notices":[],"_links":{"self":[{"href":"https:\/\/ecoshop.ee\/fi\/wp-json\/wp\/v2\/product\/246456","targetHints":{"allow":["GET"]}}],"collection":[{"href":"https:\/\/ecoshop.ee\/fi\/wp-json\/wp\/v2\/product"}],"about":[{"href":"https:\/\/ecoshop.ee\/fi\/wp-json\/wp\/v2\/types\/product"}],"replies":[{"embeddable":true,"href":"https:\/\/ecoshop.ee\/fi\/wp-json\/wp\/v2\/comments?post=246456"}],"version-history":[{"count":0,"href":"https:\/\/ecoshop.ee\/fi\/wp-json\/wp\/v2\/product\/246456\/revisions"}],"wp:featuredmedia":[{"embeddable":true,"href":"https:\/\/ecoshop.ee\/fi\/wp-json\/wp\/v2\/media\/246457"}],"wp:attachment":[{"href":"https:\/\/ecoshop.ee\/fi\/wp-json\/wp\/v2\/media?parent=246456"}],"wp:term":[{"taxonomy":"product_brand","embeddable":true,"href":"https:\/\/ecoshop.ee\/fi\/wp-json\/wp\/v2\/product_brand?post=246456"},{"taxonomy":"product_cat","embeddable":true,"href":"https:\/\/ecoshop.ee\/fi\/wp-json\/wp\/v2\/product_cat?post=246456"},{"taxonomy":"product_tag","embeddable":true,"href":"https:\/\/ecoshop.ee\/fi\/wp-json\/wp\/v2\/product_tag?post=246456"}],"curies":[{"name":"wp","href":"https:\/\/api.w.org\/{rel}","templated":true}]}}