{"id":246459,"date":"2025-11-30T19:33:34","date_gmt":"2025-11-30T16:33:34","guid":{"rendered":"https:\/\/ecoshop.ee\/?post_type=product&#038;p=246459"},"modified":"2026-04-20T12:03:34","modified_gmt":"2026-04-20T09:03:34","slug":"cosmeau-noude-pyykinpesukoneen-puhdistustabletit-12-kpl","status":"publish","type":"product","link":"https:\/\/ecoshop.ee\/fi\/puhastusvahendid\/cosmeau-noudepesumasina-suvapuhastustabletid-12-tk\/","title":{"rendered":"Cosmeau astianpesukoneen syv\u00e4puhdistustabletteja, 12 kpl."},"content":{"rendered":"<p>Pid\u00e4 astianpesukoneesi puhtaana, raikkaana ja maksimaalisella teholla! N\u00e4m\u00e4 tehokkaat syv\u00e4puhdistustabletit poistavat rasvaa, kalkkia ja kiinni juuttuneet ruokaj\u00e4\u00e4m\u00e4t, jotka kertyv\u00e4t koneeseesi ajan my\u00f6t\u00e4. Tuloksena on hygieenisesti puhdas kone ja s\u00e4ihkyv\u00e4n puhtaat astiat joka kerta.<\/p>\n<p>&nbsp;<\/p>\n<p data-start=\"332\" data-end=\"347\"><strong data-start=\"336\" data-end=\"347\">Edut<\/strong><\/p>\n<ul>\n<li><strong data-start=\"351\" data-end=\"367\">Syv\u00e4puhdistus<\/strong> \u2013 poistaa rasvaa, kalkkia ja piilev\u00e4\u00e4 likaa suodattimista, suuttimista ja putkista<\/li>\n<li><strong data-start=\"456\" data-end=\"470\">Virkist\u00e4\u00e4<\/strong> \u2013 neutraloi pahat hajut ja j\u00e4tt\u00e4\u00e4 koneen miellytt\u00e4v\u00e4n puhtaaksi<\/li>\n<li><strong data-start=\"539\" data-end=\"556\">Parempi suorituskyky<\/strong> \u2013 puhtaampi kone = puhtaammat astiat<\/li>\n<li><strong data-start=\"592\" data-end=\"613\">Ymp\u00e4rist\u00f6yst\u00e4v\u00e4llinen<\/strong> \u2013 biohajoavia ainesosia, ei haitallisia kemikaaleja<\/li>\n<li><strong data-start=\"675\" data-end=\"694\">Helppok\u00e4ytt\u00f6inen<\/strong> \u2013 sopii kaikkiin astianpesukoneisiin<\/li>\n<\/ul>\n<p>&nbsp;<\/p>\n<p data-start=\"739\" data-end=\"763\"><strong data-start=\"743\" data-end=\"763\">Kuinka k\u00e4ytt\u00e4\u00e4?<\/strong><\/p>\n<ol data-start=\"765\" data-end=\"934\">\n<li data-start=\"765\" data-end=\"816\">Laita yksi tabletti tyhj\u00e4n astianpesukoneen pohjalle.<\/li>\n<li data-start=\"817\" data-end=\"877\">K\u00e4yt\u00e4 tehopesuohjelmaa v\u00e4hint\u00e4\u00e4n 60 \u00b0C:n l\u00e4mp\u00f6tilassa.<\/li>\n<li data-start=\"878\" data-end=\"934\">Toista prosessi kerran kuukaudessa pit\u00e4\u00e4ksesi laitteen huippukunnossa.<\/li>\n<\/ol>\n<p>&nbsp;<\/p>\n<p data-start=\"941\" data-end=\"966\"><strong data-start=\"945\" data-end=\"966\">Huoltosuositukset<\/strong><\/p>\n<p>\u2022 Puhdista astianpesukoneen pohjasuodatin kerran kuukaudessa.<br data-start=\"1017\" data-end=\"1020\" \/>\u2022 Poista ruokaj\u00e4\u00e4m\u00e4t ruiskusta ja tarkista, onko siin\u00e4 tukoksia.<br data-start=\"1075\" data-end=\"1078\" \/>\u2022 Poista kalkki k\u00e4ytt\u00e4m\u00e4ll\u00e4 kalkinpoistoainetta tai kulhoon (yl\u00e4korin p\u00e4\u00e4lle) kaadettua valkoviinietikkaa.<br data-start=\"1172\" data-end=\"1175\" \/>\u2022 Puhdista reunat ja oven tiivisteet kostealla liinalla ja astianpesuaineella.<br data-start=\"1242\" data-end=\"1245\" \/>\u2022 J\u00e4t\u00e4 ovi hieman raolleen pesun j\u00e4lkeen \u2013 t\u00e4m\u00e4 est\u00e4\u00e4 kosteuden ja homeen muodostumisen.<\/p>\n<p>&nbsp;<\/p>\n<p data-start=\"1335\" data-end=\"1361\"><strong data-start=\"1339\" data-end=\"1361\">Miten se toimii?<\/strong><\/p>\n<p>Jokainen syv\u00e4puhdistustabletin ainesosa t\u00e4ytt\u00e4\u00e4 tietyn puhdistusteht\u00e4v\u00e4n:<\/p>\n<ul data-start=\"1429\" data-end=\"1787\">\n<li data-start=\"1429\" data-end=\"1532\"><strong data-start=\"1431\" data-end=\"1452\">Natriumkarbonaatti<\/strong> nostaa pH-tasoa, liuottaa rasvaa ja saippuaj\u00e4\u00e4mi\u00e4 ja auttaa poistamaan kalkkia.<\/li>\n<li data-start=\"1533\" data-end=\"1618\"><strong data-start=\"1535\" data-end=\"1559\">Sitruunahappoanhydridi<\/strong> toimii miedona happona ja hajottaa mineraaleja ja kerrostumia.<\/li>\n<li data-start=\"1619\" data-end=\"1664\"><strong data-start=\"1621\" data-end=\"1640\">Natriumsulfaatti<\/strong> stabiloi liuosta.<\/li>\n<li data-start=\"1665\" data-end=\"1787\"><strong data-start=\"1667\" data-end=\"1721\">Metyyliglysiinidiasetaatti (MGDA), dinatriumsuola<\/strong> sitoo ylim\u00e4\u00e4r\u00e4isi\u00e4 mineraaleja, jotta ne eiv\u00e4t kiinnity uudelleen pintoihin.<\/li>\n<\/ul>\n<p>Yhdess\u00e4 n\u00e4m\u00e4 ainesosat varmistavat koneen syv\u00e4n ja tehokkaan puhdistuksen, pident\u00e4en sen k\u00e4ytt\u00f6ik\u00e4\u00e4 ja parantaen pesutuloksia.<\/p>\n<p>&nbsp;<\/p>\n<p data-start=\"1912\" data-end=\"1928\"><strong data-start=\"1916\" data-end=\"1928\">Sis\u00e4lt\u00e4\u00e4<\/strong><\/p>\n<p><strong data-start=\"1930\" data-end=\"1965\">12 tablettia \u2013 riitt\u00e4\u00e4 jopa vuodeksi<\/strong><\/p>\n<p>&nbsp;<\/p>","protected":false},"excerpt":{"rendered":"<p>Hoia oma n\u00f5udepesumasin puhas, v\u00e4rske ja maksimaalselt t\u00f5hus! Need v\u00f5imsad s\u00fcvapuhastustabletid eemaldavad rasva, katlakivi ja kinni j\u00e4\u00e4nud toiduj\u00e4\u00e4gid, mis aja jooksul masinasse&hellip;<\/p>","protected":false},"featured_media":246460,"comment_status":"open","ping_status":"closed","template":"","meta":{"wprm-recipe-roundup-name":"","wprm-recipe-roundup-description":""},"product_brand":[11998],"product_cat":[8002],"product_tag":[],"class_list":{"0":"post-246459","1":"product","2":"type-product","3":"status-publish","4":"has-post-thumbnail","6":"product_brand-cosmeau","7":"product_cat-puhastusvahendid","9":"first","10":"instock","11":"taxable","12":"shipping-taxable","13":"purchasable","14":"product-type-simple"},"supplier_id":246354,"supplier_sku":"","barcode":"8720655303777","atum_controlled":true,"out_stock_date":null,"out_stock_threshold":null,"inheritable":false,"inbound_stock":0,"stock_on_hold":0,"sold_today":0,"sales_last_days":1,"reserved_stock":0,"customer_returns":0,"warehouse_damage":0,"lost_in_post":0,"other_logs":0,"out_stock_days":0,"lost_sales":0,"has_location":false,"update_date":"2026-04-22T08:48:02","atum_locations":[],"atum_stock_status":"instock","restock_status":false,"low_stock_amount":"","sales_update_date":"2026-04-22T08:48:02","calc_backorders":null,"aioseo_notices":[],"_links":{"self":[{"href":"https:\/\/ecoshop.ee\/fi\/wp-json\/wp\/v2\/product\/246459","targetHints":{"allow":["GET"]}}],"collection":[{"href":"https:\/\/ecoshop.ee\/fi\/wp-json\/wp\/v2\/product"}],"about":[{"href":"https:\/\/ecoshop.ee\/fi\/wp-json\/wp\/v2\/types\/product"}],"replies":[{"embeddable":true,"href":"https:\/\/ecoshop.ee\/fi\/wp-json\/wp\/v2\/comments?post=246459"}],"version-history":[{"count":0,"href":"https:\/\/ecoshop.ee\/fi\/wp-json\/wp\/v2\/product\/246459\/revisions"}],"wp:featuredmedia":[{"embeddable":true,"href":"https:\/\/ecoshop.ee\/fi\/wp-json\/wp\/v2\/media\/246460"}],"wp:attachment":[{"href":"https:\/\/ecoshop.ee\/fi\/wp-json\/wp\/v2\/media?parent=246459"}],"wp:term":[{"taxonomy":"product_brand","embeddable":true,"href":"https:\/\/ecoshop.ee\/fi\/wp-json\/wp\/v2\/product_brand?post=246459"},{"taxonomy":"product_cat","embeddable":true,"href":"https:\/\/ecoshop.ee\/fi\/wp-json\/wp\/v2\/product_cat?post=246459"},{"taxonomy":"product_tag","embeddable":true,"href":"https:\/\/ecoshop.ee\/fi\/wp-json\/wp\/v2\/product_tag?post=246459"}],"curies":[{"name":"wp","href":"https:\/\/api.w.org\/{rel}","templated":true}]}}