{"id":246463,"date":"2025-11-30T19:54:13","date_gmt":"2025-11-30T16:54:13","guid":{"rendered":"https:\/\/ecoshop.ee\/?post_type=product&#038;p=246463"},"modified":"2026-04-03T13:03:37","modified_gmt":"2026-04-03T10:03:37","slug":"cosmeau-pesukoneen-puhdistustabletit-12-kpl","status":"publish","type":"product","link":"https:\/\/ecoshop.ee\/fi\/puhastusvahendid\/cosmeau-pesumasina-suvapuhastustabletid-12-tk\/","title":{"rendered":"Cosmeau pesukoneen syv\u00e4puhdistustabletteja, 12 kpl."},"content":{"rendered":"<p data-start=\"45\" data-end=\"268\">Onko pesukoneessasi tunkkainen tai ep\u00e4miellytt\u00e4v\u00e4 haju? Syv\u00e4puhdistustabletit auttavat puhdistamaan pesukoneesi sis\u00e4puolen poistamalla likaa, rasvaa ja kalkkia \u2013 t\u00e4ll\u00e4 tavoin kone pysyy hygieenisen\u00e4 ja pyykkisi tuoksuu aina raikkailta.<\/p>\n<p data-start=\"45\" data-end=\"268\">\n<p data-start=\"275\" data-end=\"290\"><strong data-start=\"279\" data-end=\"290\">Edut<\/strong><\/p>\n<ul>\n<li data-start=\"292\" data-end=\"636\"><strong data-start=\"294\" data-end=\"310\">Syv\u00e4puhdistus<\/strong> \u2013 poistaa kertyneen lian, rasvan, bakteerit ja ep\u00e4miellytt\u00e4vien hajujen l\u00e4hteet<\/li>\n<li data-start=\"292\" data-end=\"636\"><strong data-start=\"390\" data-end=\"429\">Raikastaa ja neutraloi hajuja<\/strong><\/li>\n<li data-start=\"292\" data-end=\"636\"><strong data-start=\"434\" data-end=\"460\">Pident\u00e4\u00e4 koneen k\u00e4ytt\u00f6ik\u00e4\u00e4<\/strong> \u2013 pit\u00e4\u00e4 pesukoneen hyv\u00e4ss\u00e4 toimintakunnossa<\/li>\n<li data-start=\"292\" data-end=\"636\"><strong data-start=\"499\" data-end=\"520\">Ymp\u00e4rist\u00f6yst\u00e4v\u00e4llinen<\/strong> \u2013 biohajoavia ainesosia, ei haitallisia kemikaaleja<\/li>\n<li data-start=\"292\" data-end=\"636\"><strong data-start=\"582\" data-end=\"601\">Helppok\u00e4ytt\u00f6inen<\/strong> \u2013 sopii kaikkiin pesukoneisiin<\/li>\n<\/ul>\n<p data-start=\"643\" data-end=\"667\"><strong data-start=\"647\" data-end=\"667\">Kuinka k\u00e4ytt\u00e4\u00e4?<\/strong><\/p>\n<ol data-start=\"669\" data-end=\"836\">\n<li data-start=\"669\" data-end=\"719\">\n<p data-start=\"672\" data-end=\"719\">Laita yksi tabletti tyhj\u00e4\u00e4n pesukoneen rumpuun.<\/p>\n<\/li>\n<li data-start=\"720\" data-end=\"781\">\n<p data-start=\"723\" data-end=\"781\">Aja pesuohjelma 60 \u00b0C:ssa tai 90 \u00b0C:ssa ilman pyykki\u00e4.<\/p>\n<\/li>\n<li data-start=\"782\" data-end=\"836\">\n<p data-start=\"785\" data-end=\"836\">Toista prosessi kerran kuukaudessa parhaan tuloksen varmistamiseksi.<\/p>\n<\/li>\n<\/ol>\n<p>&nbsp;<\/p>\n<p data-start=\"843\" data-end=\"868\"><strong data-start=\"847\" data-end=\"868\">Huoltosuositukset<\/strong><\/p>\n<p data-start=\"870\" data-end=\"1097\">\u2022 Puhdista pesukoneen lasi ja luukun reunat kostealla liinalla.<br data-start=\"925\" data-end=\"928\" \/>\u2022 Tarkista oven tiivisteet lian ja kerrostumien varalta.<br data-start=\"987\" data-end=\"990\" \/>\u2022 Puhdista suodatin \u2013 hiukset ja esineet ker\u00e4\u00e4ntyv\u00e4t usein siihen<br data-start=\"1050\" data-end=\"1053\" \/>\u2022 Irrota ja puhdista pesuainelokero<\/p>\n<p data-start=\"1104\" data-end=\"1130\"><strong data-start=\"1108\" data-end=\"1130\">Miten se toimii?<\/strong><\/p>\n<p data-start=\"1132\" data-end=\"1199\">Syv\u00e4puhdistustabletti toimii useiden tehokkaiden ainesosien yhteisvaikutuksen ansiosta:<\/p>\n<ul data-start=\"1201\" data-end=\"1638\">\n<li data-start=\"1201\" data-end=\"1311\">\n<p data-start=\"1203\" data-end=\"1311\"><strong data-start=\"1203\" data-end=\"1227\">Natriumperkarbonaatti<\/strong> vapauttaa vetyperoksidia joutuessaan kosketuksiin veden kanssa, joka hapettaa orgaanista likaa.<\/p>\n<\/li>\n<li data-start=\"1312\" data-end=\"1411\">\n<p data-start=\"1314\" data-end=\"1411\"><strong data-start=\"1314\" data-end=\"1358\">Natriumkarbonaatti ja natriumbikarbonaatti<\/strong> nostaa pH-tasoa, liuottaa rasvaa ja saippuaj\u00e4\u00e4mi\u00e4.<\/p>\n<\/li>\n<li data-start=\"1412\" data-end=\"1475\">\n<p data-start=\"1414\" data-end=\"1475\"><strong data-start=\"1414\" data-end=\"1428\">Sitruunahappo<\/strong> hajottaa kalkkia ja mineraalikerrostumia.<\/p>\n<\/li>\n<li data-start=\"1476\" data-end=\"1543\">\n<p data-start=\"1478\" data-end=\"1543\"><strong data-start=\"1478\" data-end=\"1501\">Pinta-aktiiviset aineet<\/strong> poistaa likaa ja tahroja pinnoilta.<\/p>\n<\/li>\n<li data-start=\"1544\" data-end=\"1638\">\n<p data-start=\"1546\" data-end=\"1638\"><strong data-start=\"1546\" data-end=\"1577\">Zeoliitti ja natriumsilikaatti<\/strong> tukea puhdistusprosessia ja suojata koneen osia.<\/p>\n<\/li>\n<\/ul>\n<p>&nbsp;<\/p>\n<p data-start=\"1912\" data-end=\"1928\"><strong data-start=\"1916\" data-end=\"1928\">Sis\u00e4lt\u00e4\u00e4<\/strong><\/p>\n<p><strong data-start=\"1930\" data-end=\"1965\">12 tablettia \u2013 riitt\u00e4\u00e4 jopa vuodeksi<\/strong><\/p>","protected":false},"excerpt":{"rendered":"<p>Pesumasinas on umbne v\u00f5i ebameeldiv l\u00f5hn? S\u00fcvapuhastustabletid aitavad puhastada pesumasina seestpoolt, eemaldades mustuse, rasva ja katlakivi \u2013 nii p\u00fcsib masin h\u00fcgieeniline ja&hellip;<\/p>","protected":false},"featured_media":246464,"comment_status":"open","ping_status":"closed","template":"","meta":{"wprm-recipe-roundup-name":"","wprm-recipe-roundup-description":""},"product_brand":[11998],"product_cat":[8002],"product_tag":[],"class_list":{"0":"post-246463","1":"product","2":"type-product","3":"status-publish","4":"has-post-thumbnail","6":"product_brand-cosmeau","7":"product_cat-puhastusvahendid","9":"first","10":"instock","11":"taxable","12":"shipping-taxable","13":"purchasable","14":"product-type-simple"},"supplier_id":246354,"supplier_sku":"","barcode":"8720655303753","atum_controlled":true,"out_stock_date":null,"out_stock_threshold":null,"inheritable":false,"inbound_stock":0,"stock_on_hold":0,"sold_today":0,"sales_last_days":0,"reserved_stock":0,"customer_returns":0,"warehouse_damage":0,"lost_in_post":0,"other_logs":0,"out_stock_days":0,"lost_sales":0,"has_location":false,"update_date":"2026-04-20T21:45:55","atum_locations":[],"atum_stock_status":"instock","restock_status":false,"low_stock_amount":"","sales_update_date":"2026-04-20T21:45:55","calc_backorders":null,"aioseo_notices":[],"_links":{"self":[{"href":"https:\/\/ecoshop.ee\/fi\/wp-json\/wp\/v2\/product\/246463","targetHints":{"allow":["GET"]}}],"collection":[{"href":"https:\/\/ecoshop.ee\/fi\/wp-json\/wp\/v2\/product"}],"about":[{"href":"https:\/\/ecoshop.ee\/fi\/wp-json\/wp\/v2\/types\/product"}],"replies":[{"embeddable":true,"href":"https:\/\/ecoshop.ee\/fi\/wp-json\/wp\/v2\/comments?post=246463"}],"version-history":[{"count":0,"href":"https:\/\/ecoshop.ee\/fi\/wp-json\/wp\/v2\/product\/246463\/revisions"}],"wp:featuredmedia":[{"embeddable":true,"href":"https:\/\/ecoshop.ee\/fi\/wp-json\/wp\/v2\/media\/246464"}],"wp:attachment":[{"href":"https:\/\/ecoshop.ee\/fi\/wp-json\/wp\/v2\/media?parent=246463"}],"wp:term":[{"taxonomy":"product_brand","embeddable":true,"href":"https:\/\/ecoshop.ee\/fi\/wp-json\/wp\/v2\/product_brand?post=246463"},{"taxonomy":"product_cat","embeddable":true,"href":"https:\/\/ecoshop.ee\/fi\/wp-json\/wp\/v2\/product_cat?post=246463"},{"taxonomy":"product_tag","embeddable":true,"href":"https:\/\/ecoshop.ee\/fi\/wp-json\/wp\/v2\/product_tag?post=246463"}],"curies":[{"name":"wp","href":"https:\/\/api.w.org\/{rel}","templated":true}]}}