{"id":390280,"date":"2026-03-23T18:34:25","date_gmt":"2026-03-23T15:34:25","guid":{"rendered":"https:\/\/ecoshop.ee\/?post_type=product&#038;p=390280"},"modified":"2026-04-01T22:16:49","modified_gmt":"2026-04-01T19:16:49","slug":"vivani-espresso-pistaasipahkina-tumma-suklaa-80g","status":"publish","type":"product","link":"https:\/\/ecoshop.ee\/fi\/sokolaadid\/vivani-espresso-pistaatsia-tume-sokolaad-80g\/","title":{"rendered":"Vivani espresso pistaasip\u00e4hkin\u00e4 tumma suklaa, 80g"},"content":{"rendered":"<p class=\"font-claude-response-body break-words whitespace-normal leading-[1.7]\">Vivani Espresso Pistacchio tume \u0161okolaad on loodud k\u00f5igile kohvis\u00f5pradele. 75% kakaosisaldusega tume \u0161okolaad Dominikaani Vabariigist sisaldab intensiivset espressopulbrit ning k\u00e4sitsi puistatud r\u00f6stitud soolaseid pistaatsiap\u00e4hklit\u00fckke, pakkudes nii maitselt kui v\u00e4limuselt midagi t\u00f5eliselt erakordset. Magustatud ainult kookos\u00f5iesuhkruga. Ideaalne valik neile, kes armastavad nii intensiivseid kui delikaatseid maitseid.<\/p>\n<p class=\"font-claude-response-body break-words whitespace-normal leading-[1.7]\">100% mahep\u00f5llumajanduslikud koostisosad, sertifitseeritud DE-\u00d6KO-001.<\/p>\n","protected":false},"excerpt":{"rendered":"<p>Vivani Espresso Pistacchio tumma suklaa on luotu kaikille kahvin yst\u00e4ville. 75% kaakaopitoinen tumma suklaa Dominikaanisesta tasavallasta sis\u00e4lt\u00e4\u00e4 intensiivist\u00e4 espressojauhetta ja k\u00e4sin ripoteltua paahdettua\u2026<\/p>","protected":false},"featured_media":390282,"comment_status":"open","ping_status":"closed","template":"","meta":{"wprm-recipe-roundup-name":"","wprm-recipe-roundup-description":""},"product_brand":[11994],"product_cat":[141],"product_tag":[11992,11993,142],"class_list":{"0":"post-390280","1":"product","2":"type-product","3":"status-publish","4":"has-post-thumbnail","6":"product_brand-vivani","7":"product_cat-sokolaadid","8":"product_tag-moru","9":"product_tag-pistaatsia","10":"product_tag-sokolaad","11":"j79_wcxd_expiry_type-best-before","13":"first","14":"instock","15":"taxable","16":"shipping-taxable","17":"purchasable","18":"product-type-simple"},"supplier_id":390160,"supplier_sku":"","barcode":"4044889005158","atum_controlled":true,"out_stock_date":null,"out_stock_threshold":null,"inheritable":false,"inbound_stock":0,"stock_on_hold":0,"sold_today":0,"sales_last_days":0,"reserved_stock":0,"customer_returns":0,"warehouse_damage":0,"lost_in_post":0,"other_logs":0,"out_stock_days":0,"lost_sales":0,"has_location":false,"update_date":"2026-04-20T21:45:55","atum_locations":[],"atum_stock_status":"instock","restock_status":false,"low_stock_amount":"","sales_update_date":"2026-04-20T21:45:55","calc_backorders":null,"aioseo_notices":[],"_links":{"self":[{"href":"https:\/\/ecoshop.ee\/fi\/wp-json\/wp\/v2\/product\/390280","targetHints":{"allow":["GET"]}}],"collection":[{"href":"https:\/\/ecoshop.ee\/fi\/wp-json\/wp\/v2\/product"}],"about":[{"href":"https:\/\/ecoshop.ee\/fi\/wp-json\/wp\/v2\/types\/product"}],"replies":[{"embeddable":true,"href":"https:\/\/ecoshop.ee\/fi\/wp-json\/wp\/v2\/comments?post=390280"}],"version-history":[{"count":0,"href":"https:\/\/ecoshop.ee\/fi\/wp-json\/wp\/v2\/product\/390280\/revisions"}],"wp:featuredmedia":[{"embeddable":true,"href":"https:\/\/ecoshop.ee\/fi\/wp-json\/wp\/v2\/media\/390282"}],"wp:attachment":[{"href":"https:\/\/ecoshop.ee\/fi\/wp-json\/wp\/v2\/media?parent=390280"}],"wp:term":[{"taxonomy":"product_brand","embeddable":true,"href":"https:\/\/ecoshop.ee\/fi\/wp-json\/wp\/v2\/product_brand?post=390280"},{"taxonomy":"product_cat","embeddable":true,"href":"https:\/\/ecoshop.ee\/fi\/wp-json\/wp\/v2\/product_cat?post=390280"},{"taxonomy":"product_tag","embeddable":true,"href":"https:\/\/ecoshop.ee\/fi\/wp-json\/wp\/v2\/product_tag?post=390280"}],"curies":[{"name":"wp","href":"https:\/\/api.w.org\/{rel}","templated":true}]}}