{"id":3923,"date":"2024-05-31T23:55:08","date_gmt":"2024-05-31T20:55:08","guid":{"rendered":"https:\/\/ecoshop.ee\/?post_type=product&#038;p=3923"},"modified":"2026-04-14T00:41:55","modified_gmt":"2026-04-13T21:41:55","slug":"bambu-ja-luomupuuvillatikkuja-200-kpl","status":"publish","type":"product","link":"https:\/\/ecoshop.ee\/fi\/hugieenitarbed\/bambuse-ja-orgaanilise-puuvillaga-vatitikud-200tk\/","title":{"rendered":"Bambu- ja luomupuuvillavanupuikot, 200 kpl"},"content":{"rendered":"<p>Ymp\u00e4rist\u00f6yst\u00e4v\u00e4llisest\u00e4 bambusta ja luomupuuvillasta valmistetut Jungle Culture -vanupuikot ovat paras ymp\u00e4rist\u00f6yst\u00e4v\u00e4llinen vaihtoehto muovisille korvanapeille. K\u00e4yt\u00e4mme vahvaa, paksua ja kest\u00e4v\u00e4\u00e4 bambua varmistaaksemme, ettei vanupuikko rikkoudu.<\/p>\n<p>Luomupuuterimme on pakattu py\u00f6re\u00e4\u00e4n, j\u00e4tteett\u00f6m\u00e4\u00e4n paperirasiaan. Poista vain kansi ja j\u00e4t\u00e4 ymp\u00e4rist\u00f6yst\u00e4v\u00e4lliset puuteritikut kylpyhuoneeseen, jotta ne ovat aina k\u00e4ytt\u00f6valmiita!<\/p>\n<p>Bambuvanulappujen pinta on imukykyinen, ja ne sopivat my\u00f6s silm\u00e4meikin poistamiseen vaikeasti tavoitettavista paikoista, kuten silm\u00e4nurkista.<\/p>","protected":false},"excerpt":{"rendered":"<p>Valmistatud keskkonnas\u00f5bralikust bambusest ja orgaanilisest puuvillast, Jungle Culture&#8217;i vatitikud on parim \u00f6koloogiline alternatiiv plastikust k\u00f5rvatikkudele. Kasutame tugevat, paksu ja vastupidavat bambust, et&hellip;<\/p>","protected":false},"featured_media":3927,"comment_status":"open","ping_status":"closed","template":"","meta":{"wprm-recipe-roundup-name":"","wprm-recipe-roundup-description":""},"product_brand":[12064],"product_cat":[163,246],"product_tag":[172],"class_list":{"0":"post-3923","1":"product","2":"type-product","3":"status-publish","4":"has-post-thumbnail","6":"product_brand-jungle-culture","7":"product_cat-kodutarbed","8":"product_cat-hugieenitarbed","9":"product_tag-vatitikud","11":"first","12":"instock","13":"taxable","14":"shipping-taxable","15":"purchasable","16":"product-type-simple"},"supplier_id":9133,"supplier_sku":"","barcode":null,"atum_controlled":true,"out_stock_date":null,"out_stock_threshold":null,"inheritable":false,"inbound_stock":0,"stock_on_hold":0,"sold_today":0,"sales_last_days":0,"reserved_stock":0,"customer_returns":0,"warehouse_damage":0,"lost_in_post":0,"other_logs":0,"out_stock_days":0,"lost_sales":0,"has_location":false,"update_date":"2026-04-13T21:41:56","atum_locations":[],"atum_stock_status":"instock","restock_status":false,"low_stock_amount":"","sales_update_date":"2026-03-07T01:16:04","calc_backorders":null,"aioseo_notices":[],"_links":{"self":[{"href":"https:\/\/ecoshop.ee\/fi\/wp-json\/wp\/v2\/product\/3923","targetHints":{"allow":["GET"]}}],"collection":[{"href":"https:\/\/ecoshop.ee\/fi\/wp-json\/wp\/v2\/product"}],"about":[{"href":"https:\/\/ecoshop.ee\/fi\/wp-json\/wp\/v2\/types\/product"}],"replies":[{"embeddable":true,"href":"https:\/\/ecoshop.ee\/fi\/wp-json\/wp\/v2\/comments?post=3923"}],"version-history":[{"count":0,"href":"https:\/\/ecoshop.ee\/fi\/wp-json\/wp\/v2\/product\/3923\/revisions"}],"wp:featuredmedia":[{"embeddable":true,"href":"https:\/\/ecoshop.ee\/fi\/wp-json\/wp\/v2\/media\/3927"}],"wp:attachment":[{"href":"https:\/\/ecoshop.ee\/fi\/wp-json\/wp\/v2\/media?parent=3923"}],"wp:term":[{"taxonomy":"product_brand","embeddable":true,"href":"https:\/\/ecoshop.ee\/fi\/wp-json\/wp\/v2\/product_brand?post=3923"},{"taxonomy":"product_cat","embeddable":true,"href":"https:\/\/ecoshop.ee\/fi\/wp-json\/wp\/v2\/product_cat?post=3923"},{"taxonomy":"product_tag","embeddable":true,"href":"https:\/\/ecoshop.ee\/fi\/wp-json\/wp\/v2\/product_tag?post=3923"}],"curies":[{"name":"wp","href":"https:\/\/api.w.org\/{rel}","templated":true}]}}