{"id":3933,"date":"2024-06-01T01:08:34","date_gmt":"2024-05-31T22:08:34","guid":{"rendered":"https:\/\/ecoshop.ee\/?post_type=product&#038;p=3933"},"modified":"2026-04-14T00:41:50","modified_gmt":"2026-04-13T21:41:50","slug":"uudelleenkaytettavaa-luomupuuvillaista-puhdistusliinaa","status":"publish","type":"product","link":"https:\/\/ecoshop.ee\/fi\/noud-ja-koogitarbed\/orgaanilisest-puuvillast-taaskasutatav-puhastuslapp\/","title":{"rendered":"Luomupuuvillasta valmistettu uudelleenk\u00e4ytett\u00e4v\u00e4 puhdistusliina"},"content":{"rendered":"<p style=\"text-align: left;\"><span class=\"jCAhz JxVs2d ChMk0b\"><span class=\"ryNqvb\">Jungle Culturen orgaanisten keitti\u00f6- ja kylpyhuonepuhdistusliinojen valikoima on valmistettu sertifioidusta luomupuuvillasta ja luonnonmukaisesta sisalista. <\/span><\/span><span class=\"jCAhz JxVs2d ChMk0b\"><span class=\"ryNqvb\">K\u00e4yt\u00e4 liinojemme pehme\u00e4\u00e4 puuvillapuolta hell\u00e4varaiseen puhdistukseen tai vaihda sisal-hankauspuoleen pinttyneempien tahrojen poistamiseen.<\/span><\/span><\/p>\n<p style=\"text-align: left;\"><span class=\"jCAhz JxVs2d ChMk0b\"><span class=\"ryNqvb\">Puuvillalenkill\u00e4 varustetut liinamme voidaan helposti ripustaa sein\u00e4koukkuihin tai keitti\u00f6n kaappeihin. <\/span><\/span><span class=\"jCAhz JxVs2d ChMk0b\"><span class=\"ryNqvb\">Olemme jopa varustaneet ymp\u00e4rist\u00f6yst\u00e4v\u00e4lliset puhdistusliinamme taskulla.<\/span><\/span> <span class=\"jCAhz JxVs2d ChMk0b\"><span class=\"ryNqvb\">Laita pala saippuaa liinaan ja k\u00e4yt\u00e4 t\u00e4t\u00e4 monik\u00e4ytt\u00f6ist\u00e4 liinaa vartalonkuorintana! <\/span><\/span><span class=\"jCAhz JxVs2d ChMk0b\"><span class=\"ryNqvb\">Pakattu yksinkertaiseen kierr\u00e4tett\u00e4v\u00e4\u00e4n kraft-paperikoteloon.<\/span><\/span> <span class=\"jCAhz JxVs2d ChMk0b\"><span class=\"ryNqvb\">T\u00e4m\u00e4 monik\u00e4ytt\u00f6inen puhdistusliina on ymp\u00e4rist\u00f6yst\u00e4v\u00e4llinen, kest\u00e4v\u00e4 ja eettisesti valmistettu.<\/span><\/span><\/p>","protected":false},"excerpt":{"rendered":"<p>Jungle Culture&#8217;i orgaaniliste k\u00f6\u00f6gi- ja vannitoapuhastuslappide valik on valmistatud sertifitseeritud orgaanilisest puuvillast ja looduslikust sisalist. Kasutage meie lappide pehmet puuvillast poolt \u00f5rnaks&hellip;<\/p>","protected":false},"featured_media":3934,"comment_status":"open","ping_status":"closed","template":"","meta":{"wprm-recipe-roundup-name":"","wprm-recipe-roundup-description":""},"product_brand":[12064],"product_cat":[163,247],"product_tag":[173],"class_list":{"0":"post-3933","1":"product","2":"type-product","3":"status-publish","4":"has-post-thumbnail","6":"product_brand-jungle-culture","7":"product_cat-kodutarbed","8":"product_cat-noud-ja-koogitarbed","9":"product_tag-ratik","11":"first","12":"instock","13":"taxable","14":"shipping-taxable","15":"purchasable","16":"product-type-variable"},"supplier_id":null,"supplier_sku":"","barcode":null,"atum_controlled":true,"out_stock_date":null,"out_stock_threshold":null,"inheritable":true,"inbound_stock":0,"stock_on_hold":0,"sold_today":0,"sales_last_days":0,"reserved_stock":0,"customer_returns":0,"warehouse_damage":0,"lost_in_post":0,"other_logs":0,"out_stock_days":0,"lost_sales":0,"has_location":false,"update_date":"2026-04-13T21:41:51","atum_locations":[],"atum_stock_status":"instock","restock_status":false,"low_stock_amount":"","sales_update_date":"2026-03-07T01:16:10","calc_backorders":null,"aioseo_notices":[],"_links":{"self":[{"href":"https:\/\/ecoshop.ee\/fi\/wp-json\/wp\/v2\/product\/3933","targetHints":{"allow":["GET"]}}],"collection":[{"href":"https:\/\/ecoshop.ee\/fi\/wp-json\/wp\/v2\/product"}],"about":[{"href":"https:\/\/ecoshop.ee\/fi\/wp-json\/wp\/v2\/types\/product"}],"replies":[{"embeddable":true,"href":"https:\/\/ecoshop.ee\/fi\/wp-json\/wp\/v2\/comments?post=3933"}],"version-history":[{"count":0,"href":"https:\/\/ecoshop.ee\/fi\/wp-json\/wp\/v2\/product\/3933\/revisions"}],"wp:featuredmedia":[{"embeddable":true,"href":"https:\/\/ecoshop.ee\/fi\/wp-json\/wp\/v2\/media\/3934"}],"wp:attachment":[{"href":"https:\/\/ecoshop.ee\/fi\/wp-json\/wp\/v2\/media?parent=3933"}],"wp:term":[{"taxonomy":"product_brand","embeddable":true,"href":"https:\/\/ecoshop.ee\/fi\/wp-json\/wp\/v2\/product_brand?post=3933"},{"taxonomy":"product_cat","embeddable":true,"href":"https:\/\/ecoshop.ee\/fi\/wp-json\/wp\/v2\/product_cat?post=3933"},{"taxonomy":"product_tag","embeddable":true,"href":"https:\/\/ecoshop.ee\/fi\/wp-json\/wp\/v2\/product_tag?post=3933"}],"curies":[{"name":"wp","href":"https:\/\/api.w.org\/{rel}","templated":true}]}}