{"id":395207,"date":"2026-04-15T16:16:17","date_gmt":"2026-04-15T13:16:17","guid":{"rendered":"https:\/\/ecoshop.ee\/maaratlemata\/winterdekbed-premium\/"},"modified":"2026-05-13T05:56:17","modified_gmt":"2026-05-13T02:56:17","slug":"bambusta-valmistettu-talvipeitto-premium","status":"publish","type":"product","link":"https:\/\/ecoshop.ee\/fi\/bambusest-tekid\/bambusest-talvetekk-premium\/","title":{"rendered":"Bambuinen talvipeitto \u2013 Premium"},"content":{"rendered":"<p>Bambuinen talvipeitto tarjoaa luonnollista l\u00e4mp\u00f6\u00e4 ja mukavuutta kylmin\u00e4 \u00f6in\u00e4 ilman ylikuumenemista. Sek\u00e4 p\u00e4\u00e4llinen ett\u00e4 t\u00e4yte on valmistettu 100%-luomubambusta, joten t\u00e4m\u00e4 peitto on eritt\u00e4in pehme\u00e4, hengitt\u00e4v\u00e4 ja s\u00e4\u00e4telee l\u00e4mp\u00f6tilaa. 400 g\/m\u00b2:n t\u00e4ytteen tiheys varmistaa optimaalisen l\u00e4mm\u00f6n talvella, ja bambukuitujen luonnolliset ilmakanavat pit\u00e4v\u00e4t sinut kuivana ja mukavana koko y\u00f6n.<\/p>\n<ul>\n<li>L\u00e4mmin ja erist\u00e4v\u00e4 \u2014 400 g\/m\u00b2 t\u00e4yte optimaaliseen talvil\u00e4mp\u00f6\u00f6n<\/li>\n<li>Hengitt\u00e4v\u00e4 \u2013 bambu pit\u00e4\u00e4 sinut l\u00e4mpim\u00e4n\u00e4 hikoilematta<\/li>\n<li>Kansi ja t\u00e4yte 100% luomubambua \u2014 puhdasta luonnonlaatua sek\u00e4 sis\u00e4ll\u00e4 ett\u00e4 ulkona<\/li>\n<li>Hypoallergeeninen \u2014 luonnostaan p\u00f6lypunkkeja torjuva, ihanteellinen allergikoille ja herk\u00e4lle iholle<\/li>\n<li>Kulmakiinnitykset \u2013 kiinnitt\u00e4v\u00e4t pussilakanan napeilla, peitto ei liiku y\u00f6n aikana<\/li>\n<li>Pest\u00e4v\u00e4 30\u00b0C:ssa, ilmakuiva<\/li>\n<li>K\u00e4sity\u00f6n\u00e4 tehty \u2013 korkeaa laatua jokaisessa yksityiskohdassa<\/li>\n<li>OEKO-TEX\u00ae-, Ecocert- ja Organic 100 -sertifioitu<\/li>\n<\/ul>\n<p><strong>Kansi ja t\u00e4yte \u2013 kokonaan bambua<\/strong><br \/>Useimmissa peitoissa vain t\u00e4yte on erityinen. Bambuisesta talvipeitostamme on my\u00f6s p\u00e4\u00e4llinen, joka on valmistettu 100%-luomubambusta. T\u00e4m\u00e4 tarkoittaa, ett\u00e4 sek\u00e4 materiaali, jonka tunnet, ett\u00e4 t\u00e4yte, joka l\u00e4mmitt\u00e4\u00e4 sinua, ovat samaa korkealaatuista \u2013 ei synteettisi\u00e4 materiaaleja, ei puuvillaa, vain puhdasta bambua sek\u00e4 sis\u00e4lt\u00e4 ett\u00e4 ulkoa.<\/p>\n<p><strong>Kiinnitysremmit<\/strong><br \/>Peitossa on nauhat nelj\u00e4ss\u00e4 kulmassa ja keskell\u00e4. N\u00e4ill\u00e4 voit helposti kiinnitt\u00e4\u00e4 peiton pussilakanan nappeihin, jotta se ei liiku nukkuessasi.<\/p>\n<p><strong>Huolto<\/strong><br \/>Pese 30\u00b0C:ssa miedolla pesuaineella, ilman huuhteluaineita tai valkaisuaineita. Anna kuivua ilmassa.<\/p>\n<p><strong>Mit\u00e4 mielt\u00e4 asiakkaat ovat ostaneet tuotteen:<\/strong><br \/>\u201cLoistava, l\u00e4mmin peitto ilman hikoilua. Juuri sit\u00e4 mit\u00e4 etsin \u2013 tarpeeksi l\u00e4mmin talveksi, mutta silti hengitt\u00e4v\u00e4.\u201d<br \/>\u201cVihdoinkin peitto, joka tyydytt\u00e4\u00e4 meit\u00e4 molempia. Mieheni nukkuu kylm\u00e4n\u00e4, min\u00e4 l\u00e4mpim\u00e4n\u00e4 \u2013 t\u00e4m\u00e4 peitto on t\u00e4ydellinen meille molemmille.\u201d<\/p>","protected":false},"excerpt":{"rendered":"<p>Bambusest talvetekk pakub looduslikku soojust ja mugavust k\u00fclmadel \u00f6\u00f6del ilma \u00fclekuumenemiseta. 100% orgaanilisest bambusest \u2014 nii kate kui t\u00e4idis \u2014 on see&hellip;<\/p>","protected":false},"featured_media":395205,"comment_status":"open","ping_status":"closed","template":"","meta":{"wprm-recipe-roundup-name":"","wprm-recipe-roundup-description":""},"product_brand":[],"product_cat":[12068],"product_tag":[12073,12141],"class_list":{"0":"post-395207","1":"product","2":"type-product","3":"status-publish","4":"has-post-thumbnail","6":"product_cat-bambusest-tekid","7":"product_tag-boomba-bamboo","8":"product_tag-dekbedden","9":"pa_brand-boomba-bamboo","11":"first","12":"instock","13":"taxable","14":"shipping-taxable","15":"purchasable","16":"product-type-variable"},"supplier_id":null,"supplier_sku":"","barcode":null,"atum_controlled":false,"out_stock_date":null,"out_stock_threshold":null,"inheritable":false,"inbound_stock":null,"stock_on_hold":null,"sold_today":null,"sales_last_days":null,"reserved_stock":null,"customer_returns":null,"warehouse_damage":null,"lost_in_post":null,"other_logs":null,"out_stock_days":null,"lost_sales":null,"has_location":null,"update_date":"2026-04-15T14:03:12","atum_locations":[],"atum_stock_status":"instock","restock_status":false,"low_stock_amount":"","sales_update_date":null,"calc_backorders":null,"aioseo_notices":[],"_links":{"self":[{"href":"https:\/\/ecoshop.ee\/fi\/wp-json\/wp\/v2\/product\/395207","targetHints":{"allow":["GET"]}}],"collection":[{"href":"https:\/\/ecoshop.ee\/fi\/wp-json\/wp\/v2\/product"}],"about":[{"href":"https:\/\/ecoshop.ee\/fi\/wp-json\/wp\/v2\/types\/product"}],"replies":[{"embeddable":true,"href":"https:\/\/ecoshop.ee\/fi\/wp-json\/wp\/v2\/comments?post=395207"}],"version-history":[{"count":1,"href":"https:\/\/ecoshop.ee\/fi\/wp-json\/wp\/v2\/product\/395207\/revisions"}],"predecessor-version":[{"id":395648,"href":"https:\/\/ecoshop.ee\/fi\/wp-json\/wp\/v2\/product\/395207\/revisions\/395648"}],"wp:featuredmedia":[{"embeddable":true,"href":"https:\/\/ecoshop.ee\/fi\/wp-json\/wp\/v2\/media\/395205"}],"wp:attachment":[{"href":"https:\/\/ecoshop.ee\/fi\/wp-json\/wp\/v2\/media?parent=395207"}],"wp:term":[{"taxonomy":"product_brand","embeddable":true,"href":"https:\/\/ecoshop.ee\/fi\/wp-json\/wp\/v2\/product_brand?post=395207"},{"taxonomy":"product_cat","embeddable":true,"href":"https:\/\/ecoshop.ee\/fi\/wp-json\/wp\/v2\/product_cat?post=395207"},{"taxonomy":"product_tag","embeddable":true,"href":"https:\/\/ecoshop.ee\/fi\/wp-json\/wp\/v2\/product_tag?post=395207"}],"curies":[{"name":"wp","href":"https:\/\/api.w.org\/{rel}","templated":true}]}}