{"id":395496,"date":"2026-04-15T16:44:52","date_gmt":"2026-04-15T13:44:52","guid":{"rendered":"https:\/\/ecoshop.ee\/maaratlemata\/hoofdkussen-wit-premium\/"},"modified":"2026-05-13T05:55:10","modified_gmt":"2026-05-13T02:55:10","slug":"bambusta-valmistettu-tyyny-valkoinen-premium-laatu","status":"publish","type":"product","link":"https:\/\/ecoshop.ee\/fi\/bambusest-padjad\/bambusest-padi-valge-premium\/","title":{"rendered":"Bambutyyny \u2013 Valkoinen \u2013 Premium"},"content":{"rendered":"<p>Bambutyyny tarjoaa poikkeuksellisen mukavan unen, joka alkaa jo ensimm\u00e4isest\u00e4 y\u00f6st\u00e4. 100%-luomubambukuitup\u00e4\u00e4llinen ymp\u00e4r\u00f6i tyyny\u00e4 eritt\u00e4in pehme\u00e4ll\u00e4, silkkisell\u00e4 pinnalla, joka on hengitt\u00e4v\u00e4, kosteutta siirt\u00e4v\u00e4 ja luonnostaan hypoallergeeninen. Bambu siirt\u00e4\u00e4 kosteutta pois ja pit\u00e4\u00e4 tyynyn raikkaana ja miellytt\u00e4v\u00e4n tuoksuisena pidemp\u00e4\u00e4n \u2013 erityisen hy\u00f6dyllist\u00e4 niille, jotka hikoilevat paljon y\u00f6ll\u00e4.<\/p>\n<ul>\n<li>Eritt\u00e4in pehme\u00e4 bambukuitup\u00e4\u00e4llyste \u2013 silkkinen ja hell\u00e4varainen iholle<\/li>\n<li>L\u00e4mp\u00f6tilan s\u00e4\u00e4t\u00f6 \u2013 luonnonbambusta valmistetut ilmakanavat varmistavat jatkuvan ilmankierron<\/li>\n<li>Kosteutta siirt\u00e4v\u00e4 \u2013 pit\u00e4\u00e4 tyynyn raikkaana ja miellytt\u00e4v\u00e4n tuoksuisena<\/li>\n<li>Hypoallergeeninen ja antistaattinen \u2014 sopii allergikoille, astmaatikoille ja herkk\u00e4ihoisille<\/li>\n<li>Keskij\u00e4ykk\u00e4 \u2013 sopii erilaisiin nukkumisasentoihin<\/li>\n<li>OEKO-TEX\u00ae-, Ecocert- ja Organic 100 -sertifioitu<\/li>\n<li>Konepest\u00e4v\u00e4 \u2013 laadusta tinkim\u00e4tt\u00e4<\/li>\n<\/ul>\n<p><strong>Koko:<\/strong><br \/>\n50 x 75 cm (1,6 kg)<\/p>\n<p><strong>V\u00e4ri: Valkoinen<\/strong><br \/>\nValkoinen on klassinen ja puhdaslinjainen valinta, joka sopii mihin tahansa makuuhuoneeseen. Puhtaanvalkoinen s\u00e4vy antaa huoneelle raikkauden, puhtauden ja avaruuden tunteen ja sopii yhteen kaikkien v\u00e4rien ja sisustustyylien kanssa.<\/p>\n<p><strong>Huolto<\/strong><br \/>\nPese miedolla pesuaineella alhaisessa l\u00e4mp\u00f6tilassa. Anna kuivua ilmassa tai rumpukuivaa hell\u00e4varaisimmalla asetuksella.<\/p>\n<p><strong>Mit\u00e4 mielt\u00e4 asiakkaat ovat ostaneet tuotteen:<\/strong><br \/>\n\u201c&quot;Puhtaanvalkoista pellavaa, joka tuntuu uskomattoman pehme\u00e4lt\u00e4 k\u00e4dess\u00e4. Laatu on paljon parempi kuin odotin.&quot;\u201d<br \/>\n\u201c&quot;Klassinen valkoinen vuodevaate, joka sopii makuuhuoneeseemme t\u00e4ydellisesti. Materiaali on silkkisen pehme\u00e4\u00e4.&quot;\u201d<\/p>","protected":false},"excerpt":{"rendered":"<p>Bambusest padi pakub erakordset unemugavust, mis algab juba esimesel \u00f6\u00f6l. 100% orgaanilisest bambuskiust kate \u00fcmbritseb padi \u00fclipehme, siidja kattega mis on hingav,&hellip;<\/p>","protected":false},"featured_media":395495,"comment_status":"open","ping_status":"closed","template":"","meta":{"wprm-recipe-roundup-name":"","wprm-recipe-roundup-description":""},"product_brand":[],"product_cat":[12071],"product_tag":[12073,12182],"class_list":{"0":"post-395496","1":"product","2":"type-product","3":"status-publish","4":"has-post-thumbnail","6":"product_cat-bambusest-padjad","7":"product_tag-boomba-bamboo","8":"product_tag-hoofdkussens","9":"pa_brand-boomba-bamboo","11":"first","12":"instock","13":"taxable","14":"shipping-taxable","15":"purchasable","16":"product-type-simple"},"supplier_id":null,"supplier_sku":"","barcode":null,"atum_controlled":false,"out_stock_date":null,"out_stock_threshold":null,"inheritable":false,"inbound_stock":null,"stock_on_hold":null,"sold_today":null,"sales_last_days":null,"reserved_stock":null,"customer_returns":null,"warehouse_damage":null,"lost_in_post":null,"other_logs":null,"out_stock_days":null,"lost_sales":null,"has_location":false,"update_date":"2026-05-13T02:55:11","atum_locations":[],"atum_stock_status":"instock","restock_status":false,"low_stock_amount":"","sales_update_date":null,"calc_backorders":null,"aioseo_notices":[],"_links":{"self":[{"href":"https:\/\/ecoshop.ee\/fi\/wp-json\/wp\/v2\/product\/395496","targetHints":{"allow":["GET"]}}],"collection":[{"href":"https:\/\/ecoshop.ee\/fi\/wp-json\/wp\/v2\/product"}],"about":[{"href":"https:\/\/ecoshop.ee\/fi\/wp-json\/wp\/v2\/types\/product"}],"replies":[{"embeddable":true,"href":"https:\/\/ecoshop.ee\/fi\/wp-json\/wp\/v2\/comments?post=395496"}],"version-history":[{"count":3,"href":"https:\/\/ecoshop.ee\/fi\/wp-json\/wp\/v2\/product\/395496\/revisions"}],"predecessor-version":[{"id":395652,"href":"https:\/\/ecoshop.ee\/fi\/wp-json\/wp\/v2\/product\/395496\/revisions\/395652"}],"wp:featuredmedia":[{"embeddable":true,"href":"https:\/\/ecoshop.ee\/fi\/wp-json\/wp\/v2\/media\/395495"}],"wp:attachment":[{"href":"https:\/\/ecoshop.ee\/fi\/wp-json\/wp\/v2\/media?parent=395496"}],"wp:term":[{"taxonomy":"product_brand","embeddable":true,"href":"https:\/\/ecoshop.ee\/fi\/wp-json\/wp\/v2\/product_brand?post=395496"},{"taxonomy":"product_cat","embeddable":true,"href":"https:\/\/ecoshop.ee\/fi\/wp-json\/wp\/v2\/product_cat?post=395496"},{"taxonomy":"product_tag","embeddable":true,"href":"https:\/\/ecoshop.ee\/fi\/wp-json\/wp\/v2\/product_tag?post=395496"}],"curies":[{"name":"wp","href":"https:\/\/api.w.org\/{rel}","templated":true}]}}