{"id":4180,"date":"2024-06-11T22:31:28","date_gmt":"2024-06-11T19:31:28","guid":{"rendered":"https:\/\/ecoshop.ee\/?post_type=product&#038;p=4180"},"modified":"2026-01-05T17:51:37","modified_gmt":"2026-01-05T14:51:37","slug":"tummasuklaakeksit-175-g","status":"publish","type":"product","link":"https:\/\/ecoshop.ee\/fi\/mahetooted\/kupsised-tumeda-sokolaadiga-175g\/","title":{"rendered":"Tummasuklaakeksej\u00e4, 175 g"},"content":{"rendered":"<p>Bohlsener M\u00fchlen tummasuklaalla maustetut rapeat keksit ovat todellinen herkku ja vastustamaton houkutus. N\u00e4m\u00e4 herkulliset, suklaiset ja hienostuneen rapeat keksipalat on valmistettu luomuviljelyst\u00e4 per\u00e4isin olevista 100%-kasviper\u00e4isist\u00e4 ainesosista.<\/p>\n<p>Bohlsener M\u00fchle tarjoaa korkealaatuista ja mahdollisimman ravitsevaa luomuruokaa. Bohlsener M\u00fchlen laatukonsepti kattaa raaka-aineiden k\u00e4sittelyn viljelyst\u00e4 valmiiksi nautittavaksi tuotteeksi.<\/p>","protected":false},"excerpt":{"rendered":"<p>Bohlsener M\u00fchle kr\u00f5bedad k\u00fcpsised tumeda \u0161okolaadiga on t\u00f5eline nauding ja vastupandamatu kiusatus. Need maitsvad, \u0161okolaadised ja \u00f5rnalt kr\u00f5bedad k\u00fcpsiseampsud on tehtud 100%&hellip;<\/p>","protected":false},"featured_media":4181,"comment_status":"open","ping_status":"closed","template":"","meta":{"wprm-recipe-roundup-name":"","wprm-recipe-roundup-description":""},"product_brand":[],"product_cat":[148,303],"product_tag":[181,297],"class_list":{"0":"post-4180","1":"product","2":"type-product","3":"status-publish","4":"has-post-thumbnail","6":"product_cat-vahvlid-ja-kupsised","7":"product_cat-mahetooted","8":"product_tag-kupsised","9":"product_tag-mahe","10":"j79_wcxd_expiry_type-best-before","12":"first","13":"outofstock","14":"taxable","15":"shipping-taxable","16":"purchasable","17":"product-type-simple"},"supplier_id":9137,"supplier_sku":"","barcode":"4005561001806","atum_controlled":true,"out_stock_date":"2026-01-05 17:51:35","out_stock_threshold":null,"inheritable":false,"inbound_stock":0,"stock_on_hold":0,"sold_today":0,"sales_last_days":0,"reserved_stock":0,"customer_returns":0,"warehouse_damage":0,"lost_in_post":0,"other_logs":0,"out_stock_days":60,"lost_sales":90,"has_location":false,"update_date":"2026-03-07T01:16:07","atum_locations":[],"atum_stock_status":"outofstock","restock_status":false,"low_stock_amount":"","sales_update_date":"2026-03-07T01:16:07","calc_backorders":null,"aioseo_notices":[],"_links":{"self":[{"href":"https:\/\/ecoshop.ee\/fi\/wp-json\/wp\/v2\/product\/4180","targetHints":{"allow":["GET"]}}],"collection":[{"href":"https:\/\/ecoshop.ee\/fi\/wp-json\/wp\/v2\/product"}],"about":[{"href":"https:\/\/ecoshop.ee\/fi\/wp-json\/wp\/v2\/types\/product"}],"replies":[{"embeddable":true,"href":"https:\/\/ecoshop.ee\/fi\/wp-json\/wp\/v2\/comments?post=4180"}],"version-history":[{"count":0,"href":"https:\/\/ecoshop.ee\/fi\/wp-json\/wp\/v2\/product\/4180\/revisions"}],"wp:featuredmedia":[{"embeddable":true,"href":"https:\/\/ecoshop.ee\/fi\/wp-json\/wp\/v2\/media\/4181"}],"wp:attachment":[{"href":"https:\/\/ecoshop.ee\/fi\/wp-json\/wp\/v2\/media?parent=4180"}],"wp:term":[{"taxonomy":"product_brand","embeddable":true,"href":"https:\/\/ecoshop.ee\/fi\/wp-json\/wp\/v2\/product_brand?post=4180"},{"taxonomy":"product_cat","embeddable":true,"href":"https:\/\/ecoshop.ee\/fi\/wp-json\/wp\/v2\/product_cat?post=4180"},{"taxonomy":"product_tag","embeddable":true,"href":"https:\/\/ecoshop.ee\/fi\/wp-json\/wp\/v2\/product_tag?post=4180"}],"curies":[{"name":"wp","href":"https:\/\/api.w.org\/{rel}","templated":true}]}}