{"id":4253,"date":"2024-06-11T01:36:04","date_gmt":"2024-06-10T22:36:04","guid":{"rendered":"https:\/\/ecoshop.ee\/?post_type=product&#038;p=4253"},"modified":"2026-04-14T00:41:45","modified_gmt":"2026-04-13T21:41:45","slug":"ruostumattomasta-teraksesta-valmistettu-uudelleenkaytettava-vesipullo-650-ml","status":"publish","type":"product","link":"https:\/\/ecoshop.ee\/fi\/korduvkasutus\/roostevabast-terasest-korduvkasutatav-veepudel-650ml\/","title":{"rendered":"Ruostumattomasta ter\u00e4ksest\u00e4 valmistettu uudelleenk\u00e4ytett\u00e4v\u00e4 vesipullo, 650 ml"},"content":{"rendered":"<p>Jungle Culture -metallinen uudelleenk\u00e4ytett\u00e4v\u00e4 vesipullo on tyhji\u00f6eristetty ja kaksisein\u00e4inen, pit\u00e4en nesteet kylmin\u00e4 24 tuntia ja kuumina 12 tuntia!<\/p>\n<p>K\u00e4yt\u00e4mme ammattitason ruostumatonta ter\u00e4st\u00e4, mik\u00e4 varmistaa pullojen kest\u00e4vyyden, ruosteenkest\u00e4vyyden ja vuotamattomuuden.<\/p>\n<p>Korkealaatuiset materiaalimme eiv\u00e4t s\u00e4ilyt\u00e4 juomien makua, ja mattapinta est\u00e4\u00e4 kondenssiveden muodostumisen varmistaen mukavan otteen. Kaikissa muovittomissa metallisissa vesipulloissamme on ilmatiivis kansi, joka est\u00e4\u00e4 vuodot ja roiskeet.<\/p>\n<ul>\n<li><strong>Kest\u00e4v\u00e4 ja j\u00e4tteet\u00f6n<\/strong>Pakattu kierr\u00e4tetyist\u00e4 kraft-papereista valmistettuihin laatikoihin ja k\u00e4\u00e4ritty kierr\u00e4tyspaperiin.<\/li>\n<li><strong>Kaksisein\u00e4inen eristetty ruostumaton ter\u00e4s<\/strong>Pid\u00e4 kuumat juomat kuumina ja kylm\u00e4t juomat kylmin\u00e4 est\u00e4en k\u00e4si\u00e4si palamasta. Kansi silikonitiivisteell\u00e4.<\/li>\n<li><strong>Suunniteltu matkustamiseen<\/strong>Kevyt ja kest\u00e4v\u00e4 muotoilu, joka sopii useimpien reppujen sivutaskuihin.<\/li>\n<li><strong>Kapasiteetti ja mitat<\/strong>Tilavuus: 650 ml, korkeus 30,5 cm, paino 500 g.<\/li>\n<\/ul>","protected":false},"excerpt":{"rendered":"<p>Jungle Culture metallist korduvkasutatav veepudel on vaakumisolatsiooniga ja topelt seinaga, hoides vedelikud k\u00fclmana 24 tundi ja kuumana 12 tundi! Kasutame professionaalse kvaliteediga&hellip;<\/p>","protected":false},"featured_media":4254,"comment_status":"open","ping_status":"closed","template":"","meta":{"wprm-recipe-roundup-name":"","wprm-recipe-roundup-description":""},"product_brand":[12064],"product_cat":[163,248],"product_tag":[203],"class_list":{"0":"post-4253","1":"product","2":"type-product","3":"status-publish","4":"has-post-thumbnail","6":"product_brand-jungle-culture","7":"product_cat-kodutarbed","8":"product_cat-korduvkasutus","9":"product_tag-pudel","11":"first","12":"instock","13":"taxable","14":"shipping-taxable","15":"purchasable","16":"product-type-variable"},"supplier_id":null,"supplier_sku":"","barcode":null,"atum_controlled":true,"out_stock_date":null,"out_stock_threshold":null,"inheritable":true,"inbound_stock":0,"stock_on_hold":0,"sold_today":0,"sales_last_days":0,"reserved_stock":0,"customer_returns":0,"warehouse_damage":0,"lost_in_post":0,"other_logs":0,"out_stock_days":0,"lost_sales":0,"has_location":false,"update_date":"2026-04-13T21:41:46","atum_locations":[],"atum_stock_status":"instock","restock_status":false,"low_stock_amount":"","sales_update_date":"2026-03-07T01:16:08","calc_backorders":null,"aioseo_notices":[],"_links":{"self":[{"href":"https:\/\/ecoshop.ee\/fi\/wp-json\/wp\/v2\/product\/4253","targetHints":{"allow":["GET"]}}],"collection":[{"href":"https:\/\/ecoshop.ee\/fi\/wp-json\/wp\/v2\/product"}],"about":[{"href":"https:\/\/ecoshop.ee\/fi\/wp-json\/wp\/v2\/types\/product"}],"replies":[{"embeddable":true,"href":"https:\/\/ecoshop.ee\/fi\/wp-json\/wp\/v2\/comments?post=4253"}],"version-history":[{"count":0,"href":"https:\/\/ecoshop.ee\/fi\/wp-json\/wp\/v2\/product\/4253\/revisions"}],"wp:featuredmedia":[{"embeddable":true,"href":"https:\/\/ecoshop.ee\/fi\/wp-json\/wp\/v2\/media\/4254"}],"wp:attachment":[{"href":"https:\/\/ecoshop.ee\/fi\/wp-json\/wp\/v2\/media?parent=4253"}],"wp:term":[{"taxonomy":"product_brand","embeddable":true,"href":"https:\/\/ecoshop.ee\/fi\/wp-json\/wp\/v2\/product_brand?post=4253"},{"taxonomy":"product_cat","embeddable":true,"href":"https:\/\/ecoshop.ee\/fi\/wp-json\/wp\/v2\/product_cat?post=4253"},{"taxonomy":"product_tag","embeddable":true,"href":"https:\/\/ecoshop.ee\/fi\/wp-json\/wp\/v2\/product_tag?post=4253"}],"curies":[{"name":"wp","href":"https:\/\/api.w.org\/{rel}","templated":true}]}}