{"id":4606,"date":"2024-06-20T23:15:06","date_gmt":"2024-06-20T20:15:06","guid":{"rendered":"https:\/\/ecoshop.ee\/?post_type=product&#038;p=4606"},"modified":"2026-04-14T00:40:56","modified_gmt":"2026-04-13T21:40:56","slug":"uudelleenkaytettava-luomupuuvillainen-ostoskassi","status":"publish","type":"product","link":"https:\/\/ecoshop.ee\/fi\/korduvkasutus\/orgaanilisest-puuvillast-korduvkasutatav-ostukott\/","title":{"rendered":"Luomupuuvillasta valmistettu uudelleenk\u00e4ytett\u00e4v\u00e4 ostoskassi"},"content":{"rendered":"<p>Jungle Culturen kest\u00e4v\u00e4t uudelleenk\u00e4ytett\u00e4v\u00e4t ostoskassit on valmistettu vahvasta kankaan ja luomupuuvillan sekoituksesta. Painetut uudelleenk\u00e4ytett\u00e4v\u00e4t ostoskassimme ovat taitettavia, taskukokoisia, konepest\u00e4vi\u00e4 ja kevyit\u00e4, joten ne sopivat t\u00e4ydellisesti jokap\u00e4iv\u00e4iseen k\u00e4ytt\u00f6\u00f6n!<\/p>\n<p>Ymp\u00e4rist\u00f6yst\u00e4v\u00e4llisiss\u00e4 ostoskasseissamme on keskipitk\u00e4 olkahihna, mik\u00e4 tekee niist\u00e4 mukavan ja tyylikk\u00e4\u00e4n kumppanin. T\u00e4ydellinen lahjakassiksi, opiskelijan kirjakassiksi tai jokap\u00e4iv\u00e4isiin ostoksiin.<\/p>","protected":false},"excerpt":{"rendered":"<p>Jungle Culture&#8217;i vastupidavad korduvkasutatavad ostukotid on valmistatud tugevast kanga ja orgaanilise puuvilla segust. Meie tr\u00fckitud korduvkasutatavad ostukotid on kokkupandavad, taskusse mahtuvad, masinpestavad&hellip;<\/p>","protected":false},"featured_media":4607,"comment_status":"open","ping_status":"closed","template":"","meta":{"wprm-recipe-roundup-name":"","wprm-recipe-roundup-description":""},"product_brand":[12064],"product_cat":[163,248],"product_tag":[202],"class_list":{"0":"post-4606","1":"product","2":"type-product","3":"status-publish","4":"has-post-thumbnail","6":"product_brand-jungle-culture","7":"product_cat-kodutarbed","8":"product_cat-korduvkasutus","9":"product_tag-kott","11":"first","12":"instock","13":"taxable","14":"shipping-taxable","15":"purchasable","16":"product-type-simple"},"supplier_id":9133,"supplier_sku":"","barcode":null,"atum_controlled":true,"out_stock_date":null,"out_stock_threshold":null,"inheritable":false,"inbound_stock":0,"stock_on_hold":0,"sold_today":0,"sales_last_days":0,"reserved_stock":0,"customer_returns":0,"warehouse_damage":0,"lost_in_post":0,"other_logs":0,"out_stock_days":0,"lost_sales":0,"has_location":false,"update_date":"2026-04-13T21:40:56","atum_locations":[],"atum_stock_status":"instock","restock_status":false,"low_stock_amount":"","sales_update_date":"2026-03-07T01:16:04","calc_backorders":null,"aioseo_notices":[],"_links":{"self":[{"href":"https:\/\/ecoshop.ee\/fi\/wp-json\/wp\/v2\/product\/4606","targetHints":{"allow":["GET"]}}],"collection":[{"href":"https:\/\/ecoshop.ee\/fi\/wp-json\/wp\/v2\/product"}],"about":[{"href":"https:\/\/ecoshop.ee\/fi\/wp-json\/wp\/v2\/types\/product"}],"replies":[{"embeddable":true,"href":"https:\/\/ecoshop.ee\/fi\/wp-json\/wp\/v2\/comments?post=4606"}],"version-history":[{"count":0,"href":"https:\/\/ecoshop.ee\/fi\/wp-json\/wp\/v2\/product\/4606\/revisions"}],"wp:featuredmedia":[{"embeddable":true,"href":"https:\/\/ecoshop.ee\/fi\/wp-json\/wp\/v2\/media\/4607"}],"wp:attachment":[{"href":"https:\/\/ecoshop.ee\/fi\/wp-json\/wp\/v2\/media?parent=4606"}],"wp:term":[{"taxonomy":"product_brand","embeddable":true,"href":"https:\/\/ecoshop.ee\/fi\/wp-json\/wp\/v2\/product_brand?post=4606"},{"taxonomy":"product_cat","embeddable":true,"href":"https:\/\/ecoshop.ee\/fi\/wp-json\/wp\/v2\/product_cat?post=4606"},{"taxonomy":"product_tag","embeddable":true,"href":"https:\/\/ecoshop.ee\/fi\/wp-json\/wp\/v2\/product_tag?post=4606"}],"curies":[{"name":"wp","href":"https:\/\/api.w.org\/{rel}","templated":true}]}}