{"id":4622,"date":"2024-06-21T22:02:03","date_gmt":"2024-06-21T19:02:03","guid":{"rendered":"https:\/\/ecoshop.ee\/?post_type=product&#038;p=4622"},"modified":"2026-04-14T00:47:11","modified_gmt":"2026-04-13T21:47:11","slug":"meresta-inspiroitunut-uudelleenkaytettava-puhdistussarja","status":"publish","type":"product","link":"https:\/\/ecoshop.ee\/fi\/korduvkasutus\/ookeanist-inspireeritud-korduvkasutatav-korrekomplekt\/","title":{"rendered":"Merest\u00e4 inspiroitunut uudelleenk\u00e4ytett\u00e4v\u00e4 pillisarja"},"content":{"rendered":"<p>Syv\u00e4nmeren siniset ja korallinpunaiset pillisettimme ovat saaneet inspiraationsa tyynest\u00e4 sinisest\u00e4 merest\u00e4, villeist\u00e4 aalloista ja eloisista koralliriutoista. Kaikki ruostumattomasta ter\u00e4ksest\u00e4 valmistetut pillimme ovat FDA:n hyv\u00e4ksymi\u00e4 ja SGS-sertifioituja, mik\u00e4 takaa korkeimman laadun. N\u00e4m\u00e4 uudelleenk\u00e4ytett\u00e4v\u00e4t metallipillit ovat helppohoitoisia ja pitk\u00e4ik\u00e4isi\u00e4.<\/p>\n<p>Setti on saatavilla kahtena ainutlaatuisena versiona: syv\u00e4nmeren sinisen\u00e4 ja korallinpunaisena.<\/p>\n<p>&nbsp;<\/p>\n<p><strong>Setti sis\u00e4lt\u00e4\u00e4:<\/strong><\/p>\n<ul>\n<li>4 suoraa ruostumattomasta ter\u00e4ksest\u00e4 valmistettua pilli\u00e4<\/li>\n<li>4 taivutettua ruostumattomasta ter\u00e4ksest\u00e4 valmistettua pilli\u00e4<\/li>\n<li>1 harja pillien puhdistamiseen<\/li>\n<li>1 luonnonjuutista valmistettu pussi<\/li>\n<\/ul>","protected":false},"excerpt":{"rendered":"<p>Meie s\u00fcvameresinised ja korallpunased k\u00f5rrekomplektid on inspireeritud rahulikust sinisest merest, metsikutest lainetest ja elust pakatavatest korallriffidest. K\u00f5ik meie roostevabast terasest k\u00f5rred on&hellip;<\/p>","protected":false},"featured_media":4628,"comment_status":"open","ping_status":"closed","template":"","meta":{"wprm-recipe-roundup-name":"","wprm-recipe-roundup-description":""},"product_brand":[12064],"product_cat":[163,248,247],"product_tag":[195],"class_list":{"0":"post-4622","1":"product","2":"type-product","3":"status-publish","4":"has-post-thumbnail","6":"product_brand-jungle-culture","7":"product_cat-kodutarbed","8":"product_cat-korduvkasutus","9":"product_cat-noud-ja-koogitarbed","10":"product_tag-korred","12":"first","13":"instock","14":"taxable","15":"shipping-taxable","16":"purchasable","17":"product-type-variable"},"supplier_id":null,"supplier_sku":"","barcode":null,"atum_controlled":true,"out_stock_date":null,"out_stock_threshold":null,"inheritable":true,"inbound_stock":0,"stock_on_hold":0,"sold_today":0,"sales_last_days":0,"reserved_stock":0,"customer_returns":0,"warehouse_damage":0,"lost_in_post":0,"other_logs":0,"out_stock_days":0,"lost_sales":0,"has_location":false,"update_date":"2026-04-13T21:47:12","atum_locations":[],"atum_stock_status":"instock","restock_status":false,"low_stock_amount":"","sales_update_date":"2026-03-07T01:16:08","calc_backorders":null,"aioseo_notices":[],"_links":{"self":[{"href":"https:\/\/ecoshop.ee\/fi\/wp-json\/wp\/v2\/product\/4622","targetHints":{"allow":["GET"]}}],"collection":[{"href":"https:\/\/ecoshop.ee\/fi\/wp-json\/wp\/v2\/product"}],"about":[{"href":"https:\/\/ecoshop.ee\/fi\/wp-json\/wp\/v2\/types\/product"}],"replies":[{"embeddable":true,"href":"https:\/\/ecoshop.ee\/fi\/wp-json\/wp\/v2\/comments?post=4622"}],"version-history":[{"count":0,"href":"https:\/\/ecoshop.ee\/fi\/wp-json\/wp\/v2\/product\/4622\/revisions"}],"wp:featuredmedia":[{"embeddable":true,"href":"https:\/\/ecoshop.ee\/fi\/wp-json\/wp\/v2\/media\/4628"}],"wp:attachment":[{"href":"https:\/\/ecoshop.ee\/fi\/wp-json\/wp\/v2\/media?parent=4622"}],"wp:term":[{"taxonomy":"product_brand","embeddable":true,"href":"https:\/\/ecoshop.ee\/fi\/wp-json\/wp\/v2\/product_brand?post=4622"},{"taxonomy":"product_cat","embeddable":true,"href":"https:\/\/ecoshop.ee\/fi\/wp-json\/wp\/v2\/product_cat?post=4622"},{"taxonomy":"product_tag","embeddable":true,"href":"https:\/\/ecoshop.ee\/fi\/wp-json\/wp\/v2\/product_tag?post=4622"}],"curies":[{"name":"wp","href":"https:\/\/api.w.org\/{rel}","templated":true}]}}