{"id":4655,"date":"2024-06-22T22:51:19","date_gmt":"2024-06-22T19:51:19","guid":{"rendered":"https:\/\/ecoshop.ee\/?post_type=product&#038;p=4655"},"modified":"2025-12-25T19:36:49","modified_gmt":"2025-12-25T16:36:49","slug":"korkki-miesten-vyo","status":"publish","type":"product","link":"https:\/\/ecoshop.ee\/fi\/rihmad\/korgist-meeste-puksirihm\/","title":{"rendered":"Miesten korkkivy\u00f6"},"content":{"rendered":"<p>Elegantti ja kest\u00e4v\u00e4 miesten korkkivy\u00f6 t\u00e4ydent\u00e4\u00e4 asuasi tyylikk\u00e4\u00e4ll\u00e4 tekstuurilla. T\u00e4m\u00e4 vy\u00f6 on loistava valinta niin h\u00e4ihin kuin toimistollekin. Valmistettu korkealaatuisesta tammikorkista, joka on ekologista, kest\u00e4v\u00e4\u00e4, pehme\u00e4\u00e4, joustavaa ja kest\u00e4v\u00e4\u00e4. Korkki on orgaaninen ja kest\u00e4v\u00e4sti hankittu materiaali, mik\u00e4 pienent\u00e4\u00e4 vy\u00f6n ekologista jalanj\u00e4lke\u00e4.<\/p>\n<p>Korkki on luonnostaan veden- ja palonkest\u00e4v\u00e4\u00e4, mik\u00e4 lis\u00e4\u00e4 sen kest\u00e4vyytt\u00e4 ja pitk\u00e4ik\u00e4isyytt\u00e4. Lis\u00e4ksi korkin tuotanto on energiatehokasta, koska se ei vaadi puiden kaatamista, vaan ainoastaan niiden kuorimisen, joka uusiutuu ajan my\u00f6t\u00e4. Korkin keveys ja mukavuus tekev\u00e4t siit\u00e4 ihanteellisen valinnan jokap\u00e4iv\u00e4iseen k\u00e4ytt\u00f6\u00f6n.<\/p>\n<p>&nbsp;<\/p>\n<p><strong>Koko ja istuvuus:<\/strong><\/p>\n<ul>\n<li>Leveys: 3,3 cm<\/li>\n<li>Pituus: 110\u2013120 cm<\/li>\n<li>Paksuus: 0,33 cm<\/li>\n<li>Paino: 170 g<\/li>\n<\/ul>","protected":false},"excerpt":{"rendered":"<p>Elegantne ja tugev korgist meeste p\u00fcksirihm t\u00e4iustab riietust stiilse tekstuuriga. See v\u00f6\u00f6 on suurep\u00e4rane valik nii pulmas osalemiseks kui ka kontoris viibimiseks.&hellip;<\/p>","protected":false},"featured_media":4666,"comment_status":"open","ping_status":"closed","template":"","meta":{"wprm-recipe-roundup-name":"","wprm-recipe-roundup-description":""},"product_brand":[],"product_cat":[244],"product_tag":[214],"class_list":{"0":"post-4655","1":"product","2":"type-product","3":"status-publish","4":"has-post-thumbnail","6":"product_cat-rihmad","7":"product_tag-voo","9":"first","10":"instock","11":"taxable","12":"shipping-taxable","13":"purchasable","14":"product-type-variable"},"supplier_id":null,"supplier_sku":"","barcode":null,"atum_controlled":true,"out_stock_date":null,"out_stock_threshold":null,"inheritable":false,"inbound_stock":0,"stock_on_hold":0,"sold_today":0,"sales_last_days":0,"reserved_stock":0,"customer_returns":0,"warehouse_damage":0,"lost_in_post":0,"other_logs":0,"out_stock_days":0,"lost_sales":0,"has_location":false,"update_date":"2026-03-07T01:16:08","atum_locations":[],"atum_stock_status":"instock","restock_status":false,"low_stock_amount":"","sales_update_date":"2026-03-07T01:16:08","calc_backorders":null,"aioseo_notices":[],"_links":{"self":[{"href":"https:\/\/ecoshop.ee\/fi\/wp-json\/wp\/v2\/product\/4655","targetHints":{"allow":["GET"]}}],"collection":[{"href":"https:\/\/ecoshop.ee\/fi\/wp-json\/wp\/v2\/product"}],"about":[{"href":"https:\/\/ecoshop.ee\/fi\/wp-json\/wp\/v2\/types\/product"}],"replies":[{"embeddable":true,"href":"https:\/\/ecoshop.ee\/fi\/wp-json\/wp\/v2\/comments?post=4655"}],"version-history":[{"count":0,"href":"https:\/\/ecoshop.ee\/fi\/wp-json\/wp\/v2\/product\/4655\/revisions"}],"wp:featuredmedia":[{"embeddable":true,"href":"https:\/\/ecoshop.ee\/fi\/wp-json\/wp\/v2\/media\/4666"}],"wp:attachment":[{"href":"https:\/\/ecoshop.ee\/fi\/wp-json\/wp\/v2\/media?parent=4655"}],"wp:term":[{"taxonomy":"product_brand","embeddable":true,"href":"https:\/\/ecoshop.ee\/fi\/wp-json\/wp\/v2\/product_brand?post=4655"},{"taxonomy":"product_cat","embeddable":true,"href":"https:\/\/ecoshop.ee\/fi\/wp-json\/wp\/v2\/product_cat?post=4655"},{"taxonomy":"product_tag","embeddable":true,"href":"https:\/\/ecoshop.ee\/fi\/wp-json\/wp\/v2\/product_tag?post=4655"}],"curies":[{"name":"wp","href":"https:\/\/api.w.org\/{rel}","templated":true}]}}