{"id":4673,"date":"2024-06-22T23:37:04","date_gmt":"2024-06-22T20:37:04","guid":{"rendered":"https:\/\/ecoshop.ee\/?post_type=product&#038;p=4673"},"modified":"2025-12-25T19:35:23","modified_gmt":"2025-12-25T16:35:23","slug":"korkkikorttitasku","status":"publish","type":"product","link":"https:\/\/ecoshop.ee\/fi\/rahakotid\/korgist-kaarditasku\/","title":{"rendered":"Korkkikorttitasku"},"content":{"rendered":"<p>Korkkikorttikotelo, valmistettu luonnonkorkista ja saatavilla kolmessa tyylikk\u00e4\u00e4ss\u00e4 v\u00e4riss\u00e4: mustana, ruskeana ja luonnonkorkkina. T\u00e4ss\u00e4 kompaktissa ja ohuessa lompakossa on tilaa jopa kuudelle kortille ja l\u00e4pin\u00e4kyv\u00e4 korttitasku henkil\u00f6llisyystodistuksellesi. Lis\u00e4ksi lompakossa on RFID-suojaus, joka pit\u00e4\u00e4 henkil\u00f6kohtaiset ja pankkitietosi turvassa.<\/p>\n<p>Korkkikorttikotelo on suunniteltu viem\u00e4\u00e4n mahdollisimman v\u00e4h\u00e4n tilaa, joten voit kantaa kaikkia korttejasi l\u00e4hes huomaamattomasti. Korkealaatuisen ja kest\u00e4v\u00e4n muotoilunsa ansiosta korttikotelo on t\u00e4ydellinen valinta kaikille, jotka arvostavat sek\u00e4 tyyli\u00e4 ett\u00e4 k\u00e4yt\u00e4nn\u00f6llisyytt\u00e4. N\u00e4m\u00e4 kest\u00e4v\u00e4t ja turvalliset korttikotelot ovat vegaanisia ja sopivat sek\u00e4 naisille ett\u00e4 miehille.<\/p>\n<p>Korkki on luonnostaan veden- ja palonkest\u00e4v\u00e4\u00e4, mik\u00e4 lis\u00e4\u00e4 sen kest\u00e4vyytt\u00e4 ja pitk\u00e4ik\u00e4isyytt\u00e4. Lis\u00e4ksi korkin tuotanto on energiatehokasta, koska se ei vaadi puiden kaatamista, vaan ainoastaan niiden kuorimisen, joka uusiutuu ajan my\u00f6t\u00e4. Korkin keveys ja mukavuus tekev\u00e4t siit\u00e4 ihanteellisen valinnan jokap\u00e4iv\u00e4iseen k\u00e4ytt\u00f6\u00f6n.<\/p>\n<p><strong>Tuotteen mitat:<\/strong><\/p>\n<ul>\n<li>Pituus: 7,5 cm<\/li>\n<li>Leveys: 11 cm<\/li>\n<\/ul>","protected":false},"excerpt":{"rendered":"<p>Korgist kaarditasku, valmistatud naturaalsest tammepuu korgist ja saadaval kolmes stiilses v\u00e4rvitoonis: must, pruun ja naturaalne kork. Sellel kompaktsel ja \u00f5hukesel rahakotil on&hellip;<\/p>","protected":false},"featured_media":4676,"comment_status":"open","ping_status":"closed","template":"","meta":{"wprm-recipe-roundup-name":"","wprm-recipe-roundup-description":""},"product_brand":[],"product_cat":[241],"product_tag":[],"class_list":{"0":"post-4673","1":"product","2":"type-product","3":"status-publish","4":"has-post-thumbnail","6":"product_cat-rahakotid","8":"first","9":"instock","10":"taxable","11":"shipping-taxable","12":"purchasable","13":"product-type-variable"},"supplier_id":null,"supplier_sku":"","barcode":null,"atum_controlled":true,"out_stock_date":null,"out_stock_threshold":null,"inheritable":false,"inbound_stock":0,"stock_on_hold":0,"sold_today":0,"sales_last_days":0,"reserved_stock":0,"customer_returns":0,"warehouse_damage":0,"lost_in_post":0,"other_logs":0,"out_stock_days":0,"lost_sales":0,"has_location":false,"update_date":"2026-03-07T01:16:08","atum_locations":[],"atum_stock_status":"instock","restock_status":false,"low_stock_amount":"","sales_update_date":"2026-03-07T01:16:08","calc_backorders":null,"aioseo_notices":[],"_links":{"self":[{"href":"https:\/\/ecoshop.ee\/fi\/wp-json\/wp\/v2\/product\/4673","targetHints":{"allow":["GET"]}}],"collection":[{"href":"https:\/\/ecoshop.ee\/fi\/wp-json\/wp\/v2\/product"}],"about":[{"href":"https:\/\/ecoshop.ee\/fi\/wp-json\/wp\/v2\/types\/product"}],"replies":[{"embeddable":true,"href":"https:\/\/ecoshop.ee\/fi\/wp-json\/wp\/v2\/comments?post=4673"}],"version-history":[{"count":0,"href":"https:\/\/ecoshop.ee\/fi\/wp-json\/wp\/v2\/product\/4673\/revisions"}],"wp:featuredmedia":[{"embeddable":true,"href":"https:\/\/ecoshop.ee\/fi\/wp-json\/wp\/v2\/media\/4676"}],"wp:attachment":[{"href":"https:\/\/ecoshop.ee\/fi\/wp-json\/wp\/v2\/media?parent=4673"}],"wp:term":[{"taxonomy":"product_brand","embeddable":true,"href":"https:\/\/ecoshop.ee\/fi\/wp-json\/wp\/v2\/product_brand?post=4673"},{"taxonomy":"product_cat","embeddable":true,"href":"https:\/\/ecoshop.ee\/fi\/wp-json\/wp\/v2\/product_cat?post=4673"},{"taxonomy":"product_tag","embeddable":true,"href":"https:\/\/ecoshop.ee\/fi\/wp-json\/wp\/v2\/product_tag?post=4673"}],"curies":[{"name":"wp","href":"https:\/\/api.w.org\/{rel}","templated":true}]}}