{"id":4686,"date":"2024-06-23T00:00:45","date_gmt":"2024-06-22T21:00:45","guid":{"rendered":"https:\/\/ecoshop.ee\/?post_type=product&#038;p=4686"},"modified":"2025-12-25T19:41:29","modified_gmt":"2025-12-25T16:41:29","slug":"kultainen-korkki-naisten-reppu","status":"publish","type":"product","link":"https:\/\/ecoshop.ee\/fi\/kotid\/kuldne-korgist-naiste-seljakott\/","title":{"rendered":"Kultainen korkki naisten reppu"},"content":{"rendered":"<p>Kultaisesta korkista valmistettu naisten reppu, joka yhdist\u00e4\u00e4 toimivuuden ja tyylin kompaktiin rakenteeseen. Useat vetoketjulliset taskut tekev\u00e4t t\u00e4st\u00e4 repusta erityisen k\u00e4yt\u00e4nn\u00f6llisen ja elegantin. Valmistettu korkealaatuisesta tammikorkista, joka on ymp\u00e4rist\u00f6yst\u00e4v\u00e4llist\u00e4 ja vedenpit\u00e4v\u00e4\u00e4. Korkki on my\u00f6s eritt\u00e4in pehme\u00e4\u00e4, joustavaa, kevytt\u00e4 ja kest\u00e4v\u00e4\u00e4, mik\u00e4 tarjoaa sek\u00e4 mukavuutta ett\u00e4 pitk\u00e4ik\u00e4isyytt\u00e4. Lis\u00e4ksi korkin tuotanto on energiatehokasta, koska se ei vaadi puiden kaatamista, vaan ainoastaan niiden kuoren kuorimisen, joka uusiutuu ajan my\u00f6t\u00e4. Korkin keveys ja mukavuus tekev\u00e4t siit\u00e4 ihanteellisen valinnan jokap\u00e4iv\u00e4iseen k\u00e4ytt\u00f6\u00f6n.<\/p>\n<p><strong>Koot:<\/strong><\/p>\n<ul>\n<li>Korkeus: 24 cm<\/li>\n<li>Leveys: 18 cm<\/li>\n<li>Paksuus: 14 cm<\/li>\n<\/ul>","protected":false},"excerpt":{"rendered":"<p>Kuldne korgist naiste seljakott, mis \u00fchendab funktsionaalsuse ja stiili kompaktse struktuuriga. Mitmed lukuga taskud muudavad selle seljakoti eriti praktiliseks ja elegantseks. Valmistatud&hellip;<\/p>","protected":false},"featured_media":4688,"comment_status":"open","ping_status":"closed","template":"","meta":{"wprm-recipe-roundup-name":"","wprm-recipe-roundup-description":""},"product_brand":[],"product_cat":[242],"product_tag":[202],"class_list":{"0":"post-4686","1":"product","2":"type-product","3":"status-publish","4":"has-post-thumbnail","6":"product_cat-kotid","7":"product_tag-kott","9":"first","10":"instock","11":"taxable","12":"shipping-taxable","13":"purchasable","14":"product-type-simple"},"supplier_id":9159,"supplier_sku":"","barcode":null,"atum_controlled":true,"out_stock_date":null,"out_stock_threshold":null,"inheritable":false,"inbound_stock":0,"stock_on_hold":0,"sold_today":0,"sales_last_days":0,"reserved_stock":0,"customer_returns":0,"warehouse_damage":0,"lost_in_post":0,"other_logs":0,"out_stock_days":0,"lost_sales":0,"has_location":false,"update_date":"2026-03-07T01:16:04","atum_locations":[],"atum_stock_status":"instock","restock_status":false,"low_stock_amount":"","sales_update_date":"2026-03-07T01:16:04","calc_backorders":null,"aioseo_notices":[],"_links":{"self":[{"href":"https:\/\/ecoshop.ee\/fi\/wp-json\/wp\/v2\/product\/4686","targetHints":{"allow":["GET"]}}],"collection":[{"href":"https:\/\/ecoshop.ee\/fi\/wp-json\/wp\/v2\/product"}],"about":[{"href":"https:\/\/ecoshop.ee\/fi\/wp-json\/wp\/v2\/types\/product"}],"replies":[{"embeddable":true,"href":"https:\/\/ecoshop.ee\/fi\/wp-json\/wp\/v2\/comments?post=4686"}],"version-history":[{"count":0,"href":"https:\/\/ecoshop.ee\/fi\/wp-json\/wp\/v2\/product\/4686\/revisions"}],"wp:featuredmedia":[{"embeddable":true,"href":"https:\/\/ecoshop.ee\/fi\/wp-json\/wp\/v2\/media\/4688"}],"wp:attachment":[{"href":"https:\/\/ecoshop.ee\/fi\/wp-json\/wp\/v2\/media?parent=4686"}],"wp:term":[{"taxonomy":"product_brand","embeddable":true,"href":"https:\/\/ecoshop.ee\/fi\/wp-json\/wp\/v2\/product_brand?post=4686"},{"taxonomy":"product_cat","embeddable":true,"href":"https:\/\/ecoshop.ee\/fi\/wp-json\/wp\/v2\/product_cat?post=4686"},{"taxonomy":"product_tag","embeddable":true,"href":"https:\/\/ecoshop.ee\/fi\/wp-json\/wp\/v2\/product_tag?post=4686"}],"curies":[{"name":"wp","href":"https:\/\/api.w.org\/{rel}","templated":true}]}}