{"id":4714,"date":"2024-06-23T18:01:43","date_gmt":"2024-06-23T15:01:43","guid":{"rendered":"https:\/\/ecoshop.ee\/?post_type=product&#038;p=4714"},"modified":"2025-12-25T19:36:49","modified_gmt":"2025-12-25T16:36:49","slug":"korkki-miesten-vyo-2","status":"publish","type":"product","link":"https:\/\/ecoshop.ee\/fi\/rihmad\/korgist-meeste-puksirihm-2\/","title":{"rendered":"Miesten korkkivy\u00f6"},"content":{"rendered":"<p>Elegantti miesten korkkivy\u00f6, joka viimeistelee asusi. Vy\u00f6 on valmistettu korkista, joka on orgaanisesti ja kest\u00e4v\u00e4sti hankittu tammipuista. Olitpa sitten menossa h\u00e4ihin tai toimistolle, t\u00e4m\u00e4 vy\u00f6 on loistava ja tyylik\u00e4s valinta. Korkkivy\u00f6t ovat joustavia, kevyit\u00e4 ja mukavia k\u00e4ytt\u00e4\u00e4. Ne kest\u00e4v\u00e4t pidemp\u00e4\u00e4n ja ovat helpompia huoltaa kuin keinonahka tai edes oikea nahka!<\/p>\n<p>Korkki on luonnostaan veden- ja palonkest\u00e4v\u00e4\u00e4, mik\u00e4 lis\u00e4\u00e4 sen kest\u00e4vyytt\u00e4 ja pitk\u00e4ik\u00e4isyytt\u00e4. Lis\u00e4ksi korkin tuotanto on energiatehokasta, koska se ei vaadi puiden kaatamista, vaan ainoastaan niiden kuorimisen, joka uusiutuu ajan my\u00f6t\u00e4. Korkin keveys ja mukavuus tekev\u00e4t siit\u00e4 ihanteellisen valinnan jokap\u00e4iv\u00e4iseen k\u00e4ytt\u00f6\u00f6n.<\/p>\n<p><strong>Koko ja istuvuus:<\/strong><\/p>\n<ul>\n<li>Pituus: 115 cm<\/li>\n<li>Leveys: 3,5 cm<\/li>\n<li>Paino: 100 g<\/li>\n<\/ul>","protected":false},"excerpt":{"rendered":"<p>Elegantne korgist meeste p\u00fcksirihm, mis annab su riietusele viimase viimistluse. V\u00f6\u00f6 on valmistatud korgist, materjalist, mis on saadud orgaaniliselt ja j\u00e4tkusuutlikult tamme&hellip;<\/p>","protected":false},"featured_media":4717,"comment_status":"open","ping_status":"closed","template":"","meta":{"wprm-recipe-roundup-name":"","wprm-recipe-roundup-description":""},"product_brand":[],"product_cat":[244],"product_tag":[214],"class_list":{"0":"post-4714","1":"product","2":"type-product","3":"status-publish","4":"has-post-thumbnail","6":"product_cat-rihmad","7":"product_tag-voo","9":"first","10":"instock","11":"taxable","12":"shipping-taxable","13":"purchasable","14":"product-type-variable"},"supplier_id":null,"supplier_sku":"","barcode":null,"atum_controlled":true,"out_stock_date":null,"out_stock_threshold":null,"inheritable":false,"inbound_stock":0,"stock_on_hold":0,"sold_today":0,"sales_last_days":0,"reserved_stock":0,"customer_returns":0,"warehouse_damage":0,"lost_in_post":0,"other_logs":0,"out_stock_days":0,"lost_sales":0,"has_location":false,"update_date":"2026-03-07T01:16:08","atum_locations":[],"atum_stock_status":"instock","restock_status":false,"low_stock_amount":"","sales_update_date":"2026-03-07T01:16:08","calc_backorders":null,"aioseo_notices":[],"_links":{"self":[{"href":"https:\/\/ecoshop.ee\/fi\/wp-json\/wp\/v2\/product\/4714","targetHints":{"allow":["GET"]}}],"collection":[{"href":"https:\/\/ecoshop.ee\/fi\/wp-json\/wp\/v2\/product"}],"about":[{"href":"https:\/\/ecoshop.ee\/fi\/wp-json\/wp\/v2\/types\/product"}],"replies":[{"embeddable":true,"href":"https:\/\/ecoshop.ee\/fi\/wp-json\/wp\/v2\/comments?post=4714"}],"version-history":[{"count":0,"href":"https:\/\/ecoshop.ee\/fi\/wp-json\/wp\/v2\/product\/4714\/revisions"}],"wp:featuredmedia":[{"embeddable":true,"href":"https:\/\/ecoshop.ee\/fi\/wp-json\/wp\/v2\/media\/4717"}],"wp:attachment":[{"href":"https:\/\/ecoshop.ee\/fi\/wp-json\/wp\/v2\/media?parent=4714"}],"wp:term":[{"taxonomy":"product_brand","embeddable":true,"href":"https:\/\/ecoshop.ee\/fi\/wp-json\/wp\/v2\/product_brand?post=4714"},{"taxonomy":"product_cat","embeddable":true,"href":"https:\/\/ecoshop.ee\/fi\/wp-json\/wp\/v2\/product_cat?post=4714"},{"taxonomy":"product_tag","embeddable":true,"href":"https:\/\/ecoshop.ee\/fi\/wp-json\/wp\/v2\/product_tag?post=4714"}],"curies":[{"name":"wp","href":"https:\/\/api.w.org\/{rel}","templated":true}]}}