{"id":4731,"date":"2024-06-23T19:33:57","date_gmt":"2024-06-23T16:33:57","guid":{"rendered":"https:\/\/ecoshop.ee\/?post_type=product&#038;p=4731"},"modified":"2025-12-25T19:41:29","modified_gmt":"2025-12-25T16:41:29","slug":"korkkista-valmistettu-ulelo-laukku-kultaisilla-yksityiskohdilla-naisille","status":"publish","type":"product","link":"https:\/\/ecoshop.ee\/fi\/kotid\/kuldsete-aktsentidega-korgist-uleolakott-naistele\/","title":{"rendered":"Naisten korkkiolkalaukku kultaisilla yksityiskohdilla"},"content":{"rendered":"<p>Luonnonkorkinen olkalaukkumme on tyylik\u00e4s asuste naisille, koristeltuna kultaisilla yksityiskohdilla. S\u00e4\u00e4dett\u00e4v\u00e4ll\u00e4 korkkiolkahihnalla varustettu laukku sopii monenlaisiin tilaisuuksiin. Kultainen lukitusmekanismi varmistaa tavaroidesi turvallisuuden. Korkki on luonnostaan vedenpit\u00e4v\u00e4, palonkest\u00e4v\u00e4, helppohoitoinen ja kest\u00e4v\u00e4 materiaali, joka s\u00e4ilytt\u00e4\u00e4 nahan pehmeyden ja tekstuurin.<\/p>\n<p>Olitpa sitten menossa p\u00e4ivitt\u00e4iselle ostosreissulle, rennolle retkelle tai sosiaaliseen tapahtumaan, luonnonkorkista valmistettu naisten olkalaukkumme on t\u00e4ydellinen valinta. Se ei ainoastaan edist\u00e4 ymp\u00e4rist\u00f6yst\u00e4v\u00e4llist\u00e4 el\u00e4m\u00e4ntapaa, vaan tarjoaa my\u00f6s tyylikk\u00e4\u00e4n ja k\u00e4yt\u00e4nn\u00f6llisen ilmeen, jolloin voit kuljettaa v\u00e4ltt\u00e4m\u00e4tt\u00f6mi\u00e4 tavaroitasi tyylikk\u00e4\u00e4sti ja j\u00e4rjestelm\u00e4llisesti. Valitse suosikkiv\u00e4risi ja tee tyylist\u00e4si ainutlaatuinen!<\/p>\n<p><strong>T\u00e4rkeimm\u00e4t ominaisuudetused:<\/strong><\/p>\n<ul>\n<li>Valmistettu luonnonkorkista<\/li>\n<li>S\u00e4\u00e4dett\u00e4v\u00e4 korkkiolkahihna<\/li>\n<li>Kultainen lukitusmekanismi<\/li>\n<li>Kaksi lokeroa sis\u00e4ll\u00e4 helpottaa arkip\u00e4iv\u00e4isten tavaroiden j\u00e4rjest\u00e4mist\u00e4<\/li>\n<li>S\u00e4ilyt\u00e4 t\u00e4rkeit\u00e4 tavaroita, kuten puhelinta, lompakkoa, avaimia jne.<\/li>\n<\/ul>\n<p><strong>Mitat:<\/strong><\/p>\n<ul>\n<li>Pituus: 20 cm<\/li>\n<li>Leveys: 18 cm<\/li>\n<li>Korkeus: 9 cm<\/li>\n<\/ul>","protected":false},"excerpt":{"rendered":"<p>Meie looduslikust korgist \u00fcle\u00f5lakott on stiilne aksessuaar naistele, mida kaunistavad kuldsed detailid. Reguleeritava korgist \u00f5larihmaga kott sobib erinevateks puhkudeks. Kuldne lukustusmehhanism tagab&hellip;<\/p>","protected":false},"featured_media":4737,"comment_status":"open","ping_status":"closed","template":"","meta":{"wprm-recipe-roundup-name":"","wprm-recipe-roundup-description":""},"product_brand":[],"product_cat":[242],"product_tag":[202],"class_list":{"0":"post-4731","1":"product","2":"type-product","3":"status-publish","4":"has-post-thumbnail","6":"product_cat-kotid","7":"product_tag-kott","9":"first","10":"instock","11":"taxable","12":"shipping-taxable","13":"purchasable","14":"product-type-variable"},"supplier_id":null,"supplier_sku":"","barcode":null,"atum_controlled":true,"out_stock_date":null,"out_stock_threshold":null,"inheritable":false,"inbound_stock":0,"stock_on_hold":0,"sold_today":0,"sales_last_days":0,"reserved_stock":0,"customer_returns":0,"warehouse_damage":0,"lost_in_post":0,"other_logs":0,"out_stock_days":0,"lost_sales":0,"has_location":false,"update_date":"2026-03-07T01:16:10","atum_locations":[],"atum_stock_status":"instock","restock_status":false,"low_stock_amount":"","sales_update_date":"2026-03-07T01:16:10","calc_backorders":null,"aioseo_notices":[],"_links":{"self":[{"href":"https:\/\/ecoshop.ee\/fi\/wp-json\/wp\/v2\/product\/4731","targetHints":{"allow":["GET"]}}],"collection":[{"href":"https:\/\/ecoshop.ee\/fi\/wp-json\/wp\/v2\/product"}],"about":[{"href":"https:\/\/ecoshop.ee\/fi\/wp-json\/wp\/v2\/types\/product"}],"replies":[{"embeddable":true,"href":"https:\/\/ecoshop.ee\/fi\/wp-json\/wp\/v2\/comments?post=4731"}],"version-history":[{"count":0,"href":"https:\/\/ecoshop.ee\/fi\/wp-json\/wp\/v2\/product\/4731\/revisions"}],"wp:featuredmedia":[{"embeddable":true,"href":"https:\/\/ecoshop.ee\/fi\/wp-json\/wp\/v2\/media\/4737"}],"wp:attachment":[{"href":"https:\/\/ecoshop.ee\/fi\/wp-json\/wp\/v2\/media?parent=4731"}],"wp:term":[{"taxonomy":"product_brand","embeddable":true,"href":"https:\/\/ecoshop.ee\/fi\/wp-json\/wp\/v2\/product_brand?post=4731"},{"taxonomy":"product_cat","embeddable":true,"href":"https:\/\/ecoshop.ee\/fi\/wp-json\/wp\/v2\/product_cat?post=4731"},{"taxonomy":"product_tag","embeddable":true,"href":"https:\/\/ecoshop.ee\/fi\/wp-json\/wp\/v2\/product_tag?post=4731"}],"curies":[{"name":"wp","href":"https:\/\/api.w.org\/{rel}","templated":true}]}}