{"id":47680,"date":"2025-01-17T15:33:13","date_gmt":"2025-01-17T13:33:13","guid":{"rendered":"https:\/\/ecoshop.ee\/?post_type=product&#038;p=47680"},"modified":"2026-05-04T11:29:13","modified_gmt":"2026-05-04T08:29:13","slug":"ichoc-vegaaninen-suklaa-pretzelilla-80g","status":"publish","type":"product","link":"https:\/\/ecoshop.ee\/fi\/sokolaadid\/ichoc-soolakringliga-vegan-sokolaad-80g\/","title":{"rendered":"iChoc vegaaninen suklaa pretzelill\u00e4, 80g"},"content":{"rendered":"<p>iChoc Salty Pretzel on herkullinen vegaaninen suklaa, joka on valmistettu kaakaovoista ja rikastettu suolaisilla pretzel-paloilla ja merisuolalla. Se osoittaa t\u00e4ydellisesti, ettei suklaan aina tarvitse olla tummaa - iChoc-suklaa tarjoaa loistavan vaihtoehdon klassisille suklaille.<\/p>\n<p>Valmistettu sertifioiduista luomuraaka-aineista. T\u00e4m\u00e4 suklaa on vegaaninen, palmu\u00f6ljyt\u00f6n ja pakattu ymp\u00e4rist\u00f6yst\u00e4v\u00e4llisesti. Suolainen pretzel on t\u00e4ydellinen valinta, jos etsit jotain erityist\u00e4 hemmoteltavaksi - herkullista ja kest\u00e4v\u00e4sti tuotettua!<\/p>","protected":false},"excerpt":{"rendered":"<p>iChoc Salty Pretzel on maitsev vegan \u0161okolaad, mis on valmistatud kakaov\u00f5i baasil ja rikastatud soolaste kringlit\u00fckkide ning meresoolaga. See n\u00e4itab suurep\u00e4raselt, et&hellip;<\/p>","protected":false},"featured_media":47645,"comment_status":"open","ping_status":"closed","template":"","meta":{"wprm-recipe-roundup-name":"","wprm-recipe-roundup-description":""},"product_brand":[12028],"product_cat":[141],"product_tag":[297,142],"class_list":{"0":"post-47680","1":"product","2":"type-product","3":"status-publish","4":"has-post-thumbnail","6":"product_brand-ichoc","7":"product_cat-sokolaadid","8":"product_tag-mahe","9":"product_tag-sokolaad","10":"j79_wcxd_expiry_type-best-before","12":"first","13":"instock","14":"taxable","15":"shipping-taxable","16":"purchasable","17":"product-type-simple"},"supplier_id":390160,"supplier_sku":"","barcode":"4044889004649","atum_controlled":true,"out_stock_date":null,"out_stock_threshold":null,"inheritable":false,"inbound_stock":0,"stock_on_hold":0,"sold_today":0,"sales_last_days":1,"reserved_stock":0,"customer_returns":0,"warehouse_damage":0,"lost_in_post":0,"other_logs":0,"out_stock_days":0,"lost_sales":0,"has_location":false,"update_date":"2026-05-07T14:39:18","atum_locations":[],"atum_stock_status":"instock","restock_status":false,"low_stock_amount":"","sales_update_date":"2026-05-07T14:39:18","calc_backorders":null,"aioseo_notices":[],"_links":{"self":[{"href":"https:\/\/ecoshop.ee\/fi\/wp-json\/wp\/v2\/product\/47680","targetHints":{"allow":["GET"]}}],"collection":[{"href":"https:\/\/ecoshop.ee\/fi\/wp-json\/wp\/v2\/product"}],"about":[{"href":"https:\/\/ecoshop.ee\/fi\/wp-json\/wp\/v2\/types\/product"}],"replies":[{"embeddable":true,"href":"https:\/\/ecoshop.ee\/fi\/wp-json\/wp\/v2\/comments?post=47680"}],"version-history":[{"count":0,"href":"https:\/\/ecoshop.ee\/fi\/wp-json\/wp\/v2\/product\/47680\/revisions"}],"wp:featuredmedia":[{"embeddable":true,"href":"https:\/\/ecoshop.ee\/fi\/wp-json\/wp\/v2\/media\/47645"}],"wp:attachment":[{"href":"https:\/\/ecoshop.ee\/fi\/wp-json\/wp\/v2\/media?parent=47680"}],"wp:term":[{"taxonomy":"product_brand","embeddable":true,"href":"https:\/\/ecoshop.ee\/fi\/wp-json\/wp\/v2\/product_brand?post=47680"},{"taxonomy":"product_cat","embeddable":true,"href":"https:\/\/ecoshop.ee\/fi\/wp-json\/wp\/v2\/product_cat?post=47680"},{"taxonomy":"product_tag","embeddable":true,"href":"https:\/\/ecoshop.ee\/fi\/wp-json\/wp\/v2\/product_tag?post=47680"}],"curies":[{"name":"wp","href":"https:\/\/api.w.org\/{rel}","templated":true}]}}