{"id":4769,"date":"2024-06-24T18:55:01","date_gmt":"2024-06-24T15:55:01","guid":{"rendered":"https:\/\/ecoshop.ee\/?post_type=product&#038;p=4769"},"modified":"2025-12-25T19:36:49","modified_gmt":"2025-12-25T16:36:49","slug":"korkki-naisten-puro","status":"publish","type":"product","link":"https:\/\/ecoshop.ee\/fi\/rihmad\/korgist-naiste-voo\/","title":{"rendered":"Naisten korkkivy\u00f6"},"content":{"rendered":"<p>Koe t\u00e4ydellinen yhdistelm\u00e4 muodikkuutta ja kest\u00e4vyytt\u00e4 korkilla varustetulla naisten vy\u00f6ll\u00e4mme. Vy\u00f6n etuosa on valmistettu aidosta korkkimateriaalista, mik\u00e4 osoittaa sitoutumista ymp\u00e4rist\u00f6yst\u00e4v\u00e4lliseen muotiin. Takaosa on vuorattu pehme\u00e4ll\u00e4 vegaanisella nahalla, mik\u00e4 takaa mukavuuden. Vy\u00f6ss\u00e4 on vahva ja tyylik\u00e4s hopeanharmaa suorakaiteen muotoinen solki, joka lis\u00e4\u00e4 eleganssia mihin tahansa asuun.<\/p>\n<p>Korkki on luonnostaan veden- ja palonkest\u00e4v\u00e4\u00e4, mik\u00e4 lis\u00e4\u00e4 sen kest\u00e4vyytt\u00e4 ja pitk\u00e4ik\u00e4isyytt\u00e4. Lis\u00e4ksi korkin tuotanto on energiatehokasta, koska se ei vaadi puiden kaatamista, vaan ainoastaan niiden kuorimisen, joka uusiutuu ajan my\u00f6t\u00e4. Korkin keveys ja mukavuus tekev\u00e4t siit\u00e4 ihanteellisen valinnan jokap\u00e4iv\u00e4iseen k\u00e4ytt\u00f6\u00f6n.<\/p>\n<p>T\u00e4ydenn\u00e4 vaatekaappisi t\u00e4ll\u00e4 tyylikk\u00e4\u00e4ll\u00e4 ja ymp\u00e4rist\u00f6yst\u00e4v\u00e4llisell\u00e4 vy\u00f6ll\u00e4!<\/p>\n<p><strong>Koko:<\/strong><\/p>\n<ul>\n<li>Pituus: 95 cm<\/li>\n<li>Leveys: 2 cm<\/li>\n<\/ul>","protected":false},"excerpt":{"rendered":"<p>Koge moe ja j\u00e4tkusuutlikkuse t\u00e4iuslikku kombinatsiooni meie korgist naiste v\u00f6\u00f6ga. V\u00f6\u00f6 esik\u00fclg on valmistatud ehtsast korgimaterjalist, demonstreerides p\u00fchendumust keskkonnas\u00f5bralikule moele. Tagak\u00fclg on&hellip;<\/p>","protected":false},"featured_media":4772,"comment_status":"open","ping_status":"closed","template":"","meta":{"wprm-recipe-roundup-name":"","wprm-recipe-roundup-description":""},"product_brand":[],"product_cat":[244],"product_tag":[214],"class_list":{"0":"post-4769","1":"product","2":"type-product","3":"status-publish","4":"has-post-thumbnail","6":"product_cat-rihmad","7":"product_tag-voo","9":"first","10":"instock","11":"taxable","12":"shipping-taxable","13":"purchasable","14":"product-type-variable"},"supplier_id":null,"supplier_sku":"","barcode":null,"atum_controlled":true,"out_stock_date":null,"out_stock_threshold":null,"inheritable":false,"inbound_stock":0,"stock_on_hold":0,"sold_today":0,"sales_last_days":0,"reserved_stock":0,"customer_returns":0,"warehouse_damage":0,"lost_in_post":0,"other_logs":0,"out_stock_days":0,"lost_sales":0,"has_location":false,"update_date":"2026-03-07T01:16:10","atum_locations":[],"atum_stock_status":"instock","restock_status":false,"low_stock_amount":"","sales_update_date":"2026-03-07T01:16:10","calc_backorders":null,"aioseo_notices":[],"_links":{"self":[{"href":"https:\/\/ecoshop.ee\/fi\/wp-json\/wp\/v2\/product\/4769","targetHints":{"allow":["GET"]}}],"collection":[{"href":"https:\/\/ecoshop.ee\/fi\/wp-json\/wp\/v2\/product"}],"about":[{"href":"https:\/\/ecoshop.ee\/fi\/wp-json\/wp\/v2\/types\/product"}],"replies":[{"embeddable":true,"href":"https:\/\/ecoshop.ee\/fi\/wp-json\/wp\/v2\/comments?post=4769"}],"version-history":[{"count":0,"href":"https:\/\/ecoshop.ee\/fi\/wp-json\/wp\/v2\/product\/4769\/revisions"}],"wp:featuredmedia":[{"embeddable":true,"href":"https:\/\/ecoshop.ee\/fi\/wp-json\/wp\/v2\/media\/4772"}],"wp:attachment":[{"href":"https:\/\/ecoshop.ee\/fi\/wp-json\/wp\/v2\/media?parent=4769"}],"wp:term":[{"taxonomy":"product_brand","embeddable":true,"href":"https:\/\/ecoshop.ee\/fi\/wp-json\/wp\/v2\/product_brand?post=4769"},{"taxonomy":"product_cat","embeddable":true,"href":"https:\/\/ecoshop.ee\/fi\/wp-json\/wp\/v2\/product_cat?post=4769"},{"taxonomy":"product_tag","embeddable":true,"href":"https:\/\/ecoshop.ee\/fi\/wp-json\/wp\/v2\/product_tag?post=4769"}],"curies":[{"name":"wp","href":"https:\/\/api.w.org\/{rel}","templated":true}]}}