{"id":4777,"date":"2024-06-24T20:09:48","date_gmt":"2024-06-24T17:09:48","guid":{"rendered":"https:\/\/ecoshop.ee\/?post_type=product&#038;p=4777"},"modified":"2025-12-25T19:35:23","modified_gmt":"2025-12-25T16:35:23","slug":"ohut-lukittava-korkkilompakko-korttitaskulla","status":"publish","type":"product","link":"https:\/\/ecoshop.ee\/fi\/rahakotid\/ohuke-kaarditaskuga-lukustatav-korgist-rahakott\/","title":{"rendered":"Ohut korkkilompakko korttitaskulla ja lukolla"},"content":{"rendered":"<p>Ohut korkkilompakko korttipaikoilla, joka tarjoaa kauniin yhdistelm\u00e4n luonnollisia ja metallisia v\u00e4rej\u00e4 maksimaalisella toiminnallisuudella. Lompakossa on 8 korttipaikkaa, 1 setelitasku ja 1 vetoketjullinen p\u00e4\u00e4tasku. J\u00e4rjest\u00e4 kaikki p\u00e4ivitt\u00e4iset v\u00e4ltt\u00e4m\u00e4tt\u00f6myytesi kompaktisti. T\u00e4m\u00e4 lompakko on saatavilla kahtena eri yhdistelm\u00e4n\u00e4. Nappaa suosikkisi nyt!<\/p>\n<p>Korkki on luonnostaan vedenpit\u00e4v\u00e4\u00e4 ja jopa kest\u00e4v\u00e4mp\u00e4\u00e4 kuin nahka. Lis\u00e4ksi korkin tuotanto on energiatehokasta, koska se ei vaadi puiden kaatamista, vaan ainoastaan niiden kuoritaan, joka uusiutuu ajan my\u00f6t\u00e4. Korkin keveys ja mukavuus tekev\u00e4t siit\u00e4 ihanteellisen valinnan jokap\u00e4iv\u00e4iseen k\u00e4ytt\u00f6\u00f6n.<\/p>\n<p><strong>Koko:<\/strong><\/p>\n<ul>\n<li>Pituus: 17 cm<\/li>\n<li>Leveys: 9 cm<\/li>\n<li>paksuus: 1 cm<\/li>\n<\/ul>","protected":false},"excerpt":{"rendered":"<p>\u00d5huke kaarditaskuga korgist rahakott mis pakub kauni loodusliku ja metallikv\u00e4rvi kombinatsioon koos maksimaalse funktsionaalsusega. Rahakotil on 8 kaarditaskut, 1 rahasahtel ja 1&hellip;<\/p>","protected":false},"featured_media":4784,"comment_status":"open","ping_status":"closed","template":"","meta":{"wprm-recipe-roundup-name":"","wprm-recipe-roundup-description":""},"product_brand":[],"product_cat":[241],"product_tag":[219],"class_list":{"0":"post-4777","1":"product","2":"type-product","3":"status-publish","4":"has-post-thumbnail","6":"product_cat-rahakotid","7":"product_tag-rahakott","9":"first","10":"instock","11":"taxable","12":"shipping-taxable","13":"purchasable","14":"product-type-variable"},"supplier_id":null,"supplier_sku":"","barcode":null,"atum_controlled":true,"out_stock_date":null,"out_stock_threshold":null,"inheritable":false,"inbound_stock":0,"stock_on_hold":0,"sold_today":0,"sales_last_days":0,"reserved_stock":0,"customer_returns":0,"warehouse_damage":0,"lost_in_post":0,"other_logs":0,"out_stock_days":0,"lost_sales":0,"has_location":false,"update_date":"2026-03-07T01:16:10","atum_locations":[],"atum_stock_status":"instock","restock_status":false,"low_stock_amount":"","sales_update_date":"2026-03-07T01:16:10","calc_backorders":null,"aioseo_notices":[],"_links":{"self":[{"href":"https:\/\/ecoshop.ee\/fi\/wp-json\/wp\/v2\/product\/4777","targetHints":{"allow":["GET"]}}],"collection":[{"href":"https:\/\/ecoshop.ee\/fi\/wp-json\/wp\/v2\/product"}],"about":[{"href":"https:\/\/ecoshop.ee\/fi\/wp-json\/wp\/v2\/types\/product"}],"replies":[{"embeddable":true,"href":"https:\/\/ecoshop.ee\/fi\/wp-json\/wp\/v2\/comments?post=4777"}],"version-history":[{"count":0,"href":"https:\/\/ecoshop.ee\/fi\/wp-json\/wp\/v2\/product\/4777\/revisions"}],"wp:featuredmedia":[{"embeddable":true,"href":"https:\/\/ecoshop.ee\/fi\/wp-json\/wp\/v2\/media\/4784"}],"wp:attachment":[{"href":"https:\/\/ecoshop.ee\/fi\/wp-json\/wp\/v2\/media?parent=4777"}],"wp:term":[{"taxonomy":"product_brand","embeddable":true,"href":"https:\/\/ecoshop.ee\/fi\/wp-json\/wp\/v2\/product_brand?post=4777"},{"taxonomy":"product_cat","embeddable":true,"href":"https:\/\/ecoshop.ee\/fi\/wp-json\/wp\/v2\/product_cat?post=4777"},{"taxonomy":"product_tag","embeddable":true,"href":"https:\/\/ecoshop.ee\/fi\/wp-json\/wp\/v2\/product_tag?post=4777"}],"curies":[{"name":"wp","href":"https:\/\/api.w.org\/{rel}","templated":true}]}}