{"id":4801,"date":"2024-06-24T21:40:00","date_gmt":"2024-06-24T18:40:00","guid":{"rendered":"https:\/\/ecoshop.ee\/?post_type=product&#038;p=4801"},"modified":"2025-12-25T19:44:33","modified_gmt":"2025-12-25T16:44:33","slug":"korkkimuistikirja-korttitaskulla-ja-kynatelineella","status":"publish","type":"product","link":"https:\/\/ecoshop.ee\/fi\/tarvikud\/korgist-markmik-kaarditasku-ja-pliiatsihoidjaga\/","title":{"rendered":"Korkkimuistikirja korttitaskulla ja kyn\u00e4telineell\u00e4"},"content":{"rendered":"<p>Korkkimuistikirja \u2013 elegantti yhdistelm\u00e4 toiminnallisuutta ja tyyli\u00e4, saatavilla kolmessa kauniissa v\u00e4riss\u00e4: luonnollinen, viininpunainen ja ruskea. Vie p\u00e4ivitt\u00e4inen p\u00e4iv\u00e4kirjanpitokokemuksesi uudelle tasolle ja j\u00e4t\u00e4 pysyv\u00e4 vaikutus t\u00e4ll\u00e4 kauniisti muotoillulla muistikirjalla. Yksi t\u00e4m\u00e4n muistikirjan merkitt\u00e4vimmist\u00e4 ominaisuuksista on erityinen korttitasku, johon mahtuu jopa nelj\u00e4 pankki- tai k\u00e4yntikorttia, mik\u00e4 tekee siit\u00e4 monipuolisen kumppanin p\u00e4ivitt\u00e4isiin asiointeihin.<\/p>\n<p>Ihanteellinen moniin k\u00e4ytt\u00f6tarkoituksiin, t\u00e4m\u00e4 muistikirja voi olla henkil\u00f6kohtainen kirjoitusp\u00e4iv\u00e4kirjasi, matkap\u00e4iv\u00e4kirjasi, ammattimainen yritysmuistikirjasi, korkeakoulu-\/kouluesseedep\u00e4iv\u00e4kirjasi, suunnittelijasi, bullet journal ja paljon muuta. Se on my\u00f6s loistava valinta lahjaksi yst\u00e4ville ja perheenj\u00e4senille, tuoden eleganssia ja k\u00e4yt\u00e4nn\u00f6llisyytt\u00e4 heid\u00e4n jokap\u00e4iv\u00e4iseen el\u00e4m\u00e4\u00e4ns\u00e4.<\/p>\n<p><strong>Koot:<\/strong><\/p>\n<ul>\n<li>Pituus: 21 cm<\/li>\n<li>Leveys 14 cm<\/li>\n<li>Paksuus: 1,5 cm<\/li>\n<\/ul>","protected":false},"excerpt":{"rendered":"<p>Korgist m\u00e4rkmik &#8211; funktsionaalsuse ja stiili elegantne kombinatsioon, saadaval kolmes kaunis v\u00e4rvitoonis: naturaalne, veinipunane ja pruun. T\u00f5sta oma igap\u00e4evase p\u00e4evikupidamise kogemus uuele&hellip;<\/p>","protected":false},"featured_media":4805,"comment_status":"open","ping_status":"closed","template":"","meta":{"wprm-recipe-roundup-name":"","wprm-recipe-roundup-description":""},"product_brand":[],"product_cat":[245],"product_tag":[223],"class_list":{"0":"post-4801","1":"product","2":"type-product","3":"status-publish","4":"has-post-thumbnail","6":"product_cat-tarvikud","7":"product_tag-markmik","9":"first","10":"instock","11":"taxable","12":"shipping-taxable","13":"purchasable","14":"product-type-variable"},"supplier_id":null,"supplier_sku":"","barcode":null,"atum_controlled":true,"out_stock_date":null,"out_stock_threshold":null,"inheritable":false,"inbound_stock":0,"stock_on_hold":0,"sold_today":0,"sales_last_days":0,"reserved_stock":0,"customer_returns":0,"warehouse_damage":0,"lost_in_post":0,"other_logs":0,"out_stock_days":0,"lost_sales":0,"has_location":false,"update_date":"2026-03-07T01:16:10","atum_locations":[],"atum_stock_status":"instock","restock_status":false,"low_stock_amount":"","sales_update_date":"2026-03-07T01:16:10","calc_backorders":null,"aioseo_notices":[],"_links":{"self":[{"href":"https:\/\/ecoshop.ee\/fi\/wp-json\/wp\/v2\/product\/4801","targetHints":{"allow":["GET"]}}],"collection":[{"href":"https:\/\/ecoshop.ee\/fi\/wp-json\/wp\/v2\/product"}],"about":[{"href":"https:\/\/ecoshop.ee\/fi\/wp-json\/wp\/v2\/types\/product"}],"replies":[{"embeddable":true,"href":"https:\/\/ecoshop.ee\/fi\/wp-json\/wp\/v2\/comments?post=4801"}],"version-history":[{"count":0,"href":"https:\/\/ecoshop.ee\/fi\/wp-json\/wp\/v2\/product\/4801\/revisions"}],"wp:featuredmedia":[{"embeddable":true,"href":"https:\/\/ecoshop.ee\/fi\/wp-json\/wp\/v2\/media\/4805"}],"wp:attachment":[{"href":"https:\/\/ecoshop.ee\/fi\/wp-json\/wp\/v2\/media?parent=4801"}],"wp:term":[{"taxonomy":"product_brand","embeddable":true,"href":"https:\/\/ecoshop.ee\/fi\/wp-json\/wp\/v2\/product_brand?post=4801"},{"taxonomy":"product_cat","embeddable":true,"href":"https:\/\/ecoshop.ee\/fi\/wp-json\/wp\/v2\/product_cat?post=4801"},{"taxonomy":"product_tag","embeddable":true,"href":"https:\/\/ecoshop.ee\/fi\/wp-json\/wp\/v2\/product_tag?post=4801"}],"curies":[{"name":"wp","href":"https:\/\/api.w.org\/{rel}","templated":true}]}}