{"id":4821,"date":"2024-06-25T21:30:37","date_gmt":"2024-06-25T18:30:37","guid":{"rendered":"https:\/\/ecoshop.ee\/?post_type=product&#038;p=4821"},"modified":"2024-11-09T01:37:16","modified_gmt":"2024-11-08T22:37:16","slug":"naisten-kaulakoru-luonnonkorkista","status":"publish","type":"product","link":"https:\/\/ecoshop.ee\/fi\/kaekellad-ja-ehted\/naturaalsest-korgist-naiste-kaekell\/","title":{"rendered":"Naisten luonnonkorkista valmistettu kello"},"content":{"rendered":"<p>Koe ajattoman kauneuden ja kest\u00e4vyyden yhdistelm\u00e4 luonnonkorkista valmistetulla naistenkellollamme. Korkealaatuisesta korkkimateriaalista valmistettu kello on kevyt, kest\u00e4v\u00e4 ja samalla ymp\u00e4rist\u00f6yst\u00e4v\u00e4llinen. Kellon ainutlaatuinen muotoilu korostaa korkin luonnollista tekstuuria ja lis\u00e4\u00e4 elegantin ja modernin silauksen mihin tahansa asuun.<\/p>\n<p>T\u00e4m\u00e4n kellotaulu on huolellisesti suunniteltu selkeytt\u00e4 ja tyyli\u00e4 ajatellen, ja s\u00e4\u00e4dett\u00e4v\u00e4 korkkiranneke tarjoaa mukavuutta ja istuvuutta kaikille ranteille.<\/p>\n<p>Elegantissa lahjarasiassa pakattu luonnonkorkkikello on loistava lahja yst\u00e4ville, perheelle tai itsellesi. Se on t\u00e4ydellinen valinta tietoiselle kuluttajalle, joka arvostaa sek\u00e4 muotia ett\u00e4 kest\u00e4v\u00e4\u00e4 kehityst\u00e4.<\/p>\n<p><strong>Koot:<\/strong><\/p>\n<ul>\n<li>Pituus: 22 cm<\/li>\n<li>Kellotaulun leveys: 3,5 cm<\/li>\n<li>Rannekkeen leveys: 1,4 cm<\/li>\n<\/ul>","protected":false},"excerpt":{"rendered":"<p>Avasta ajatu ilu ja j\u00e4tkusuutlikkuse kombinatsioon meie looduslikust korgist naiste k\u00e4ekellaga. Valmistatud kvaliteetsest korgimaterjalist mis teeb selle kella \u00fchtaegu kergeks, vastupidavaks ja&hellip;<\/p>","protected":false},"featured_media":4827,"comment_status":"open","ping_status":"closed","template":"","meta":{"wprm-recipe-roundup-name":"","wprm-recipe-roundup-description":""},"product_brand":[],"product_cat":[243],"product_tag":[222],"class_list":{"0":"post-4821","1":"product","2":"type-product","3":"status-publish","4":"has-post-thumbnail","6":"product_cat-kaekellad-ja-ehted","7":"product_tag-kell","9":"first","10":"instock","11":"taxable","12":"shipping-taxable","13":"purchasable","14":"product-type-variable"},"supplier_id":null,"supplier_sku":"","barcode":null,"atum_controlled":true,"out_stock_date":null,"out_stock_threshold":null,"inheritable":false,"inbound_stock":0,"stock_on_hold":0,"sold_today":0,"sales_last_days":0,"reserved_stock":0,"customer_returns":0,"warehouse_damage":0,"lost_in_post":0,"other_logs":0,"out_stock_days":0,"lost_sales":0,"has_location":false,"update_date":"2026-03-07T01:16:01","atum_locations":[],"atum_stock_status":"instock","restock_status":false,"low_stock_amount":"","sales_update_date":"2026-03-07T01:16:01","calc_backorders":null,"aioseo_notices":[],"_links":{"self":[{"href":"https:\/\/ecoshop.ee\/fi\/wp-json\/wp\/v2\/product\/4821","targetHints":{"allow":["GET"]}}],"collection":[{"href":"https:\/\/ecoshop.ee\/fi\/wp-json\/wp\/v2\/product"}],"about":[{"href":"https:\/\/ecoshop.ee\/fi\/wp-json\/wp\/v2\/types\/product"}],"replies":[{"embeddable":true,"href":"https:\/\/ecoshop.ee\/fi\/wp-json\/wp\/v2\/comments?post=4821"}],"version-history":[{"count":0,"href":"https:\/\/ecoshop.ee\/fi\/wp-json\/wp\/v2\/product\/4821\/revisions"}],"wp:featuredmedia":[{"embeddable":true,"href":"https:\/\/ecoshop.ee\/fi\/wp-json\/wp\/v2\/media\/4827"}],"wp:attachment":[{"href":"https:\/\/ecoshop.ee\/fi\/wp-json\/wp\/v2\/media?parent=4821"}],"wp:term":[{"taxonomy":"product_brand","embeddable":true,"href":"https:\/\/ecoshop.ee\/fi\/wp-json\/wp\/v2\/product_brand?post=4821"},{"taxonomy":"product_cat","embeddable":true,"href":"https:\/\/ecoshop.ee\/fi\/wp-json\/wp\/v2\/product_cat?post=4821"},{"taxonomy":"product_tag","embeddable":true,"href":"https:\/\/ecoshop.ee\/fi\/wp-json\/wp\/v2\/product_tag?post=4821"}],"curies":[{"name":"wp","href":"https:\/\/api.w.org\/{rel}","templated":true}]}}