{"id":4832,"date":"2024-06-25T22:16:24","date_gmt":"2024-06-25T19:16:24","guid":{"rendered":"https:\/\/ecoshop.ee\/?post_type=product&#038;p=4832"},"modified":"2025-12-25T19:40:47","modified_gmt":"2025-12-25T16:40:47","slug":"kultainen-korkki-naisten-reppu-kiristysnyorilla","status":"publish","type":"product","link":"https:\/\/ecoshop.ee\/fi\/kotid\/kuldne-korgist-naiste-seljakott-tombekinnisega\/","title":{"rendered":"Kultainen korkkireppu naisille kiristysny\u00f6rill\u00e4"},"content":{"rendered":"<p>Esittelyss\u00e4 t\u00e4ydellinen yhdistelm\u00e4 tyyli\u00e4 ja toiminnallisuutta \u2013 kultakorkinen naisten reppu kiristysny\u00f6rill\u00e4. Korkealaatuisesta korkista valmistettu reppu her\u00e4tt\u00e4\u00e4 katseita ainutlaatuisella ja silmiinpist\u00e4v\u00e4ll\u00e4 kultaisella muotoilullaan. K\u00e4tev\u00e4 kiristysny\u00f6ri mahdollistaa tavaroiden nopean ja helpon k\u00e4yt\u00f6n, ja magneettisuljentatasku pit\u00e4\u00e4 arvoesineet turvassa.<\/p>\n<p>Repun sis\u00e4puolella on tilava p\u00e4\u00e4lokero, jossa on tilanjakaja tavaroiden j\u00e4rjestyksess\u00e4 pit\u00e4miseksi. Lis\u00e4ksi s\u00e4\u00e4dett\u00e4v\u00e4t olkahihnat takaavat mukavan ja yksil\u00f6llisen istuvuuden, mik\u00e4 tekee t\u00e4st\u00e4 repusta ihanteellisen jokap\u00e4iv\u00e4iseen k\u00e4ytt\u00f6\u00f6n.<\/p>\n<p>T\u00e4ydenn\u00e4 vaatekaappiasi t\u00e4ll\u00e4 tyylikk\u00e4\u00e4ll\u00e4 ja k\u00e4yt\u00e4nn\u00f6llisell\u00e4 korkkirepulla, joka yhdist\u00e4\u00e4 kest\u00e4v\u00e4n kehityksen ja huippuluokan muotoilun. T\u00e4ydellinen kaupunkik\u00e4velyille, t\u00f6ihin tai kouluun, ja tarjoaa samalla mukavuutta ja tyyli\u00e4.<\/p>\n<p><strong>Koot:<\/strong><\/p>\n<ul>\n<li>Pituus: 26 cm<\/li>\n<li>Leveys: 23 cm<\/li>\n<li>Paksuus: 14 cm<\/li>\n<\/ul>","protected":false},"excerpt":{"rendered":"<p>Tutvustame stiili ja funktsionaalsuse t\u00e4iuslikku kombinatsiooni \u2013 kuldne korgist naiste seljakott t\u00f5mbekinnisega. Valmistatud k\u00f5rgekvaliteedilisest korgist seljakott p\u00fc\u00fcab pilke oma ainulaadse ja silmatorkava&hellip;<\/p>","protected":false},"featured_media":4833,"comment_status":"open","ping_status":"closed","template":"","meta":{"wprm-recipe-roundup-name":"","wprm-recipe-roundup-description":""},"product_brand":[],"product_cat":[242],"product_tag":[202],"class_list":{"0":"post-4832","1":"product","2":"type-product","3":"status-publish","4":"has-post-thumbnail","6":"product_cat-kotid","7":"product_tag-kott","9":"first","10":"instock","11":"taxable","12":"shipping-taxable","13":"purchasable","14":"product-type-simple"},"supplier_id":9159,"supplier_sku":"","barcode":null,"atum_controlled":true,"out_stock_date":null,"out_stock_threshold":null,"inheritable":false,"inbound_stock":0,"stock_on_hold":0,"sold_today":0,"sales_last_days":0,"reserved_stock":0,"customer_returns":0,"warehouse_damage":0,"lost_in_post":0,"other_logs":0,"out_stock_days":0,"lost_sales":0,"has_location":false,"update_date":"2026-03-07T01:16:03","atum_locations":[],"atum_stock_status":"instock","restock_status":false,"low_stock_amount":"","sales_update_date":"2026-03-07T01:16:03","calc_backorders":null,"aioseo_notices":[],"_links":{"self":[{"href":"https:\/\/ecoshop.ee\/fi\/wp-json\/wp\/v2\/product\/4832","targetHints":{"allow":["GET"]}}],"collection":[{"href":"https:\/\/ecoshop.ee\/fi\/wp-json\/wp\/v2\/product"}],"about":[{"href":"https:\/\/ecoshop.ee\/fi\/wp-json\/wp\/v2\/types\/product"}],"replies":[{"embeddable":true,"href":"https:\/\/ecoshop.ee\/fi\/wp-json\/wp\/v2\/comments?post=4832"}],"version-history":[{"count":0,"href":"https:\/\/ecoshop.ee\/fi\/wp-json\/wp\/v2\/product\/4832\/revisions"}],"wp:featuredmedia":[{"embeddable":true,"href":"https:\/\/ecoshop.ee\/fi\/wp-json\/wp\/v2\/media\/4833"}],"wp:attachment":[{"href":"https:\/\/ecoshop.ee\/fi\/wp-json\/wp\/v2\/media?parent=4832"}],"wp:term":[{"taxonomy":"product_brand","embeddable":true,"href":"https:\/\/ecoshop.ee\/fi\/wp-json\/wp\/v2\/product_brand?post=4832"},{"taxonomy":"product_cat","embeddable":true,"href":"https:\/\/ecoshop.ee\/fi\/wp-json\/wp\/v2\/product_cat?post=4832"},{"taxonomy":"product_tag","embeddable":true,"href":"https:\/\/ecoshop.ee\/fi\/wp-json\/wp\/v2\/product_tag?post=4832"}],"curies":[{"name":"wp","href":"https:\/\/api.w.org\/{rel}","templated":true}]}}