{"id":4839,"date":"2024-06-25T23:00:54","date_gmt":"2024-06-25T20:00:54","guid":{"rendered":"https:\/\/ecoshop.ee\/?post_type=product&#038;p=4839"},"modified":"2025-12-25T19:44:33","modified_gmt":"2025-12-25T16:44:33","slug":"korkkiviinitarvikkeiden-sarja","status":"publish","type":"product","link":"https:\/\/ecoshop.ee\/fi\/tarvikud\/korgist-veiniaksessuaaride-komplekt\/","title":{"rendered":"Korkkiviinitarvikesarja"},"content":{"rendered":"<p>Esittelyss\u00e4 elegantti korkkiviinitarvikesarjamme, joka on suunniteltu parantamaan viininjuontikokemustasi ja lis\u00e4\u00e4m\u00e4\u00e4n hienostuneisuutta mihin tahansa tilaisuuteen. T\u00e4m\u00e4 sarja tarjoaa kompaktin mutta tyylikk\u00e4\u00e4n ratkaisun kaikille viininharrastajille.<\/p>\n<p><strong>Setti sis\u00e4lt\u00e4\u00e4:<\/strong><\/p>\n<ul>\n<li>Viinavaaja: Korkealaatuinen viiniavaaja poistaa helposti korkin suosikkiviinipulloistasi. Sen ergonominen muotoilu takaa mukavan otteen ja sujuvan k\u00e4yt\u00f6n.<\/li>\n<li>Viinin kaatonokka: Viinin kaatonokka varmistaa hallitun ja vuotamattoman kaatamisen. Sen huolellisesti suunniteltu nokka varmistaa viinin tasaisen virtauksen est\u00e4en tahrojen muodostumisen.<\/li>\n<li>Viinikorkki: S\u00e4ilyt\u00e4 keskener\u00e4isen viinin maut ja aromit viinikorkilla. Kest\u00e4vist\u00e4 materiaaleista valmistettu korkki varmistaa ilmatiiviin tiivistyksen ja pit\u00e4\u00e4 viinin tuoreena pidemp\u00e4\u00e4n.<\/li>\n<li>Viinipullon kaulus: Kaatamisesta tulee helppoa ja hallittua, mik\u00e4 varmistaa viinin tasaisen ja tarkan virtauksen ilman vuotoja tai tahroja.<\/li>\n<\/ul>\n<p>Sarja on valmistettu korkealaatuisista materiaaleista ja yksityiskohtiin panostaen, yhdist\u00e4en toiminnallisuuden ja estetiikan. Jokainen osa on suunniteltu parantamaan viininjuontikokemustasi. Kompakti korkkirasia on helppo s\u00e4ilytt\u00e4\u00e4 ja kuljettaa. Ihanteellinen kumppani ruokap\u00f6yt\u00e4\u00e4n, piknikille tai viininmaistajaisiin ja loistava lahja viinin yst\u00e4ville.<\/p>","protected":false},"excerpt":{"rendered":"<p>Tutvustame meie elegantset korgist veiniaksessuaaride komplekti, mis on loodud t\u00e4iendama sinu veinijoomise kogemust, lisades rafineeritust igale koosviibimisele. See komplekt pakub kompaktset kuid&hellip;<\/p>","protected":false},"featured_media":4844,"comment_status":"open","ping_status":"closed","template":"","meta":{"wprm-recipe-roundup-name":"","wprm-recipe-roundup-description":""},"product_brand":[],"product_cat":[245],"product_tag":[224],"class_list":{"0":"post-4839","1":"product","2":"type-product","3":"status-publish","4":"has-post-thumbnail","6":"product_cat-tarvikud","7":"product_tag-veinitarvikud","9":"first","10":"instock","11":"taxable","12":"shipping-taxable","13":"purchasable","14":"product-type-variable"},"supplier_id":null,"supplier_sku":"","barcode":null,"atum_controlled":true,"out_stock_date":"2025-03-27 13:13:32","out_stock_threshold":null,"inheritable":true,"inbound_stock":0,"stock_on_hold":0,"sold_today":0,"sales_last_days":0,"reserved_stock":0,"customer_returns":0,"warehouse_damage":0,"lost_in_post":0,"other_logs":0,"out_stock_days":344,"lost_sales":0,"has_location":false,"update_date":"2026-03-07T01:16:04","atum_locations":[],"atum_stock_status":"instock","restock_status":false,"low_stock_amount":"","sales_update_date":"2026-03-07T01:16:04","calc_backorders":null,"aioseo_notices":[],"_links":{"self":[{"href":"https:\/\/ecoshop.ee\/fi\/wp-json\/wp\/v2\/product\/4839","targetHints":{"allow":["GET"]}}],"collection":[{"href":"https:\/\/ecoshop.ee\/fi\/wp-json\/wp\/v2\/product"}],"about":[{"href":"https:\/\/ecoshop.ee\/fi\/wp-json\/wp\/v2\/types\/product"}],"replies":[{"embeddable":true,"href":"https:\/\/ecoshop.ee\/fi\/wp-json\/wp\/v2\/comments?post=4839"}],"version-history":[{"count":0,"href":"https:\/\/ecoshop.ee\/fi\/wp-json\/wp\/v2\/product\/4839\/revisions"}],"wp:featuredmedia":[{"embeddable":true,"href":"https:\/\/ecoshop.ee\/fi\/wp-json\/wp\/v2\/media\/4844"}],"wp:attachment":[{"href":"https:\/\/ecoshop.ee\/fi\/wp-json\/wp\/v2\/media?parent=4839"}],"wp:term":[{"taxonomy":"product_brand","embeddable":true,"href":"https:\/\/ecoshop.ee\/fi\/wp-json\/wp\/v2\/product_brand?post=4839"},{"taxonomy":"product_cat","embeddable":true,"href":"https:\/\/ecoshop.ee\/fi\/wp-json\/wp\/v2\/product_cat?post=4839"},{"taxonomy":"product_tag","embeddable":true,"href":"https:\/\/ecoshop.ee\/fi\/wp-json\/wp\/v2\/product_tag?post=4839"}],"curies":[{"name":"wp","href":"https:\/\/api.w.org\/{rel}","templated":true}]}}