{"id":4886,"date":"2024-06-27T22:22:14","date_gmt":"2024-06-27T19:22:14","guid":{"rendered":"https:\/\/ecoshop.ee\/?post_type=product&#038;p=4886"},"modified":"2025-12-25T19:44:34","modified_gmt":"2025-12-25T16:44:34","slug":"korkkilasikotelo-magneettisella-sulkimella","status":"publish","type":"product","link":"https:\/\/ecoshop.ee\/fi\/tarvikud\/magnetlukustusega-korgist-prillitoos\/","title":{"rendered":"Korkkilasikotelo magneettisella sulkimella"},"content":{"rendered":"<p>T\u00e4m\u00e4 luonnonkorkista valmistettu silm\u00e4lasikotelo tuo taiteellisen silauksen jokap\u00e4iv\u00e4isiin esineisiisi. Valmistettu kest\u00e4v\u00e4st\u00e4 portugalilaisesta korkista ja koristeltu yksityiskohtaisilla kuvioilla. Pehme\u00e4 korkkimateriaali on hell\u00e4varainen silm\u00e4lasikehyksille, ja magneettinen suljin pit\u00e4\u00e4 lasisi tukevasti paikoillaan.<\/p>\n<p>T\u00e4m\u00e4 kevyt ja luonnollisesti erist\u00e4v\u00e4 silm\u00e4lasikotelo on todellista ylellisyytt\u00e4 niille, jotka arvostavat el\u00e4m\u00e4n yksinkertaisia iloja. Aseta suosikkiaurinkolasisi t\u00e4h\u00e4n kauniiseen silm\u00e4lasikoteloon ja tunne tietoisen, tyylikk\u00e4\u00e4n ja kest\u00e4v\u00e4n valinnan ilo. Jos laatu, kest\u00e4vyys ja erinomainen tyyli ovat yht\u00e4 t\u00e4rkeit\u00e4, t\u00e4m\u00e4 korkkisilm\u00e4kotelo t\u00e4ytt\u00e4\u00e4 kaikki odotuksesi.<\/p>\n<p><strong>Koko:<\/strong><\/p>\n<ul>\n<li>Pituus: 16 cm<\/li>\n<li>Leveys: 5,5 cm<\/li>\n<li>Paksuus: 3,5 cm<\/li>\n<\/ul>","protected":false},"excerpt":{"rendered":"<p>See looduslikust korgist prillitoos lisab sinu igap\u00e4evaesemetele kunstip\u00e4rase tunde. Valmistatud j\u00e4tkusuutlikust Portugali korgist ja kaunistatud detailsete mustritega. Pehme korgimaterjal on \u00f5rn sinu&hellip;<\/p>","protected":false},"featured_media":4891,"comment_status":"open","ping_status":"closed","template":"","meta":{"wprm-recipe-roundup-name":"","wprm-recipe-roundup-description":""},"product_brand":[],"product_cat":[245],"product_tag":[236],"class_list":{"0":"post-4886","1":"product","2":"type-product","3":"status-publish","4":"has-post-thumbnail","6":"product_cat-tarvikud","7":"product_tag-prillitoos","9":"first","10":"instock","11":"taxable","12":"shipping-taxable","13":"purchasable","14":"product-type-variable"},"supplier_id":null,"supplier_sku":"","barcode":null,"atum_controlled":true,"out_stock_date":null,"out_stock_threshold":null,"inheritable":false,"inbound_stock":0,"stock_on_hold":0,"sold_today":0,"sales_last_days":0,"reserved_stock":0,"customer_returns":0,"warehouse_damage":0,"lost_in_post":0,"other_logs":0,"out_stock_days":0,"lost_sales":0,"has_location":false,"update_date":"2026-03-07T01:16:03","atum_locations":[],"atum_stock_status":"instock","restock_status":false,"low_stock_amount":"","sales_update_date":"2026-03-07T01:16:03","calc_backorders":null,"aioseo_notices":[],"_links":{"self":[{"href":"https:\/\/ecoshop.ee\/fi\/wp-json\/wp\/v2\/product\/4886","targetHints":{"allow":["GET"]}}],"collection":[{"href":"https:\/\/ecoshop.ee\/fi\/wp-json\/wp\/v2\/product"}],"about":[{"href":"https:\/\/ecoshop.ee\/fi\/wp-json\/wp\/v2\/types\/product"}],"replies":[{"embeddable":true,"href":"https:\/\/ecoshop.ee\/fi\/wp-json\/wp\/v2\/comments?post=4886"}],"version-history":[{"count":0,"href":"https:\/\/ecoshop.ee\/fi\/wp-json\/wp\/v2\/product\/4886\/revisions"}],"wp:featuredmedia":[{"embeddable":true,"href":"https:\/\/ecoshop.ee\/fi\/wp-json\/wp\/v2\/media\/4891"}],"wp:attachment":[{"href":"https:\/\/ecoshop.ee\/fi\/wp-json\/wp\/v2\/media?parent=4886"}],"wp:term":[{"taxonomy":"product_brand","embeddable":true,"href":"https:\/\/ecoshop.ee\/fi\/wp-json\/wp\/v2\/product_brand?post=4886"},{"taxonomy":"product_cat","embeddable":true,"href":"https:\/\/ecoshop.ee\/fi\/wp-json\/wp\/v2\/product_cat?post=4886"},{"taxonomy":"product_tag","embeddable":true,"href":"https:\/\/ecoshop.ee\/fi\/wp-json\/wp\/v2\/product_tag?post=4886"}],"curies":[{"name":"wp","href":"https:\/\/api.w.org\/{rel}","templated":true}]}}