{"id":5222,"date":"2024-07-11T21:02:45","date_gmt":"2024-07-11T18:02:45","guid":{"rendered":"https:\/\/ecoshop.ee\/?post_type=product&#038;p=5222"},"modified":"2026-04-07T20:52:49","modified_gmt":"2026-04-07T17:52:49","slug":"trek-kaurapatukka-kaakaolla-50-g","status":"publish","type":"product","link":"https:\/\/ecoshop.ee\/fi\/allahinnatud\/trek-kaerabatoon-kakaoga-50g\/","title":{"rendered":"TREK kaurapatukka kaakaolla, 50g"},"content":{"rendered":"<p>TREK Protein Oat -kaurapatukat ovat loistava vaihtoehto muille aamiais- tai muropatukoille. Ne ovat t\u00e4ynn\u00e4 proteiinia ja herkullista kaurapuuroa, ja niiss\u00e4 on hienovarainen makeus ja tyydytt\u00e4v\u00e4 pehme\u00e4 rapeus. T\u00e4ydellinen v\u00e4lipala tai nopea aamiainen aloittamaan p\u00e4iv\u00e4si energisen\u00e4. N\u00e4it\u00e4 patukoita ei ole liikaa prosessoitu tai valmistettu laboratoriossa. Vain kasviper\u00e4isi\u00e4 ainesosia valitaan, jotka ovat hyv\u00e4ksi sinulle ja maistuvat uskomattoman hyv\u00e4lt\u00e4.<\/p>","protected":false},"excerpt":{"rendered":"<p>TREK valgurikkad kaerabatoonid on suurep\u00e4rane alternatiiv teistele hommiku- v\u00f5i teraviljabatoonidele. Need on t\u00e4is valke ja maitsvaid kaerahelbeid, pakkudes peent magusust ja rahuldavalt&hellip;<\/p>","protected":false},"featured_media":5223,"comment_status":"open","ping_status":"closed","template":"","meta":{"wprm-recipe-roundup-name":"","wprm-recipe-roundup-description":""},"product_brand":[12046],"product_cat":[240,144],"product_tag":[147],"class_list":{"0":"post-5222","1":"product","2":"type-product","3":"status-publish","4":"has-post-thumbnail","6":"product_brand-trek","7":"product_cat-allahinnatud","8":"product_cat-proteiinibatoonid","9":"product_tag-proteiinibatoon","10":"j79_wcxd_expiry_type-best-before","12":"first","13":"instock","14":"sale","15":"taxable","16":"shipping-taxable","17":"purchasable","18":"product-type-simple"},"supplier_id":9158,"supplier_sku":"","barcode":"5060088702307","atum_controlled":true,"out_stock_date":null,"out_stock_threshold":null,"inheritable":false,"inbound_stock":0,"stock_on_hold":0,"sold_today":0,"sales_last_days":1,"reserved_stock":0,"customer_returns":0,"warehouse_damage":0,"lost_in_post":0,"other_logs":0,"out_stock_days":0,"lost_sales":0,"has_location":false,"update_date":"2026-04-07T17:52:50","atum_locations":[],"atum_stock_status":"instock","restock_status":false,"low_stock_amount":"","sales_update_date":"2026-03-07T01:16:20","calc_backorders":null,"aioseo_notices":[],"_links":{"self":[{"href":"https:\/\/ecoshop.ee\/fi\/wp-json\/wp\/v2\/product\/5222","targetHints":{"allow":["GET"]}}],"collection":[{"href":"https:\/\/ecoshop.ee\/fi\/wp-json\/wp\/v2\/product"}],"about":[{"href":"https:\/\/ecoshop.ee\/fi\/wp-json\/wp\/v2\/types\/product"}],"replies":[{"embeddable":true,"href":"https:\/\/ecoshop.ee\/fi\/wp-json\/wp\/v2\/comments?post=5222"}],"version-history":[{"count":0,"href":"https:\/\/ecoshop.ee\/fi\/wp-json\/wp\/v2\/product\/5222\/revisions"}],"wp:featuredmedia":[{"embeddable":true,"href":"https:\/\/ecoshop.ee\/fi\/wp-json\/wp\/v2\/media\/5223"}],"wp:attachment":[{"href":"https:\/\/ecoshop.ee\/fi\/wp-json\/wp\/v2\/media?parent=5222"}],"wp:term":[{"taxonomy":"product_brand","embeddable":true,"href":"https:\/\/ecoshop.ee\/fi\/wp-json\/wp\/v2\/product_brand?post=5222"},{"taxonomy":"product_cat","embeddable":true,"href":"https:\/\/ecoshop.ee\/fi\/wp-json\/wp\/v2\/product_cat?post=5222"},{"taxonomy":"product_tag","embeddable":true,"href":"https:\/\/ecoshop.ee\/fi\/wp-json\/wp\/v2\/product_tag?post=5222"}],"curies":[{"name":"wp","href":"https:\/\/api.w.org\/{rel}","templated":true}]}}