{"id":5507,"date":"2024-07-12T23:07:46","date_gmt":"2024-07-12T20:07:46","guid":{"rendered":"https:\/\/ecoshop.ee\/?post_type=product&#038;p=5507"},"modified":"2025-12-25T19:35:21","modified_gmt":"2025-12-25T16:35:21","slug":"viininpunainen-korkkilompakko-vetoketjulla","status":"publish","type":"product","link":"https:\/\/ecoshop.ee\/fi\/rahakotid\/veinipunane-tomblukuga-korgist-rahakott\/","title":{"rendered":"Viininpunainen korkkilompakko vetoketjulla"},"content":{"rendered":"<p>N\u00e4yt\u00e4 tyylitajusi t\u00e4ll\u00e4 elegantilla vetoketjullisella korkkilompakolla. Hopeiset yksityiskohdat tuovat ripauksen kimallusta mihin tahansa asuun ja tekev\u00e4t t\u00e4st\u00e4 asusteesta todellisen katseenvangitsijan. Yl\u00e4osan vetoketjukiinnitys varmistaa k\u00e4tev\u00e4n ja nopean p\u00e4\u00e4syn lompakkoon ja helpottaa arjen askareita. T\u00e4m\u00e4 korkkilompakko yhdist\u00e4\u00e4 k\u00e4yt\u00e4nn\u00f6llisyyden ja kauneuden, tarjoten enemm\u00e4n kuin osaat odottaa. Kuljeta sit\u00e4 mukanasi arkilaukussasi ja tunne olosi aina tyylikk\u00e4\u00e4ksi.<\/p>\n<p>Sis\u00e4lt\u00f6:<\/p>\n<ul>\n<li>Materiaali: Korkki<\/li>\n<li>T\u00e4yte: 63% puuvillaa, 37% polyesteri\u00e4<\/li>\n<li>Lukko: Zamak<\/li>\n<\/ul>\n<p>Koko:<\/p>\n<ul>\n<li>Pituus: 19 cm<\/li>\n<li>Leveys: 10 cm<\/li>\n<li>Paksuus: 2,5 cm<\/li>\n<\/ul>","protected":false},"excerpt":{"rendered":"<p>N\u00e4idake oma stiilitunnetust selle elegantse t\u00f5mblukuga korgist rahakotiga. H\u00f5bedased aktsendid lisavad s\u00e4rtsu igale riietusele, muutes selle aksessuaari t\u00f5eliseks pilgup\u00fc\u00fcdjaks. Pealmine lukk tagab&hellip;<\/p>","protected":false},"featured_media":5508,"comment_status":"open","ping_status":"closed","template":"","meta":{"wprm-recipe-roundup-name":"","wprm-recipe-roundup-description":""},"product_brand":[],"product_cat":[241],"product_tag":[219],"class_list":{"0":"post-5507","1":"product","2":"type-product","3":"status-publish","4":"has-post-thumbnail","6":"product_cat-rahakotid","7":"product_tag-rahakott","9":"first","10":"instock","11":"taxable","12":"shipping-taxable","13":"purchasable","14":"product-type-simple"},"supplier_id":9159,"supplier_sku":"","barcode":null,"atum_controlled":true,"out_stock_date":null,"out_stock_threshold":null,"inheritable":false,"inbound_stock":0,"stock_on_hold":0,"sold_today":0,"sales_last_days":0,"reserved_stock":0,"customer_returns":0,"warehouse_damage":0,"lost_in_post":0,"other_logs":0,"out_stock_days":0,"lost_sales":0,"has_location":false,"update_date":"2026-03-07T01:16:04","atum_locations":[],"atum_stock_status":"instock","restock_status":false,"low_stock_amount":"","sales_update_date":"2026-03-07T01:16:04","calc_backorders":null,"aioseo_notices":[],"_links":{"self":[{"href":"https:\/\/ecoshop.ee\/fi\/wp-json\/wp\/v2\/product\/5507","targetHints":{"allow":["GET"]}}],"collection":[{"href":"https:\/\/ecoshop.ee\/fi\/wp-json\/wp\/v2\/product"}],"about":[{"href":"https:\/\/ecoshop.ee\/fi\/wp-json\/wp\/v2\/types\/product"}],"replies":[{"embeddable":true,"href":"https:\/\/ecoshop.ee\/fi\/wp-json\/wp\/v2\/comments?post=5507"}],"version-history":[{"count":0,"href":"https:\/\/ecoshop.ee\/fi\/wp-json\/wp\/v2\/product\/5507\/revisions"}],"wp:featuredmedia":[{"embeddable":true,"href":"https:\/\/ecoshop.ee\/fi\/wp-json\/wp\/v2\/media\/5508"}],"wp:attachment":[{"href":"https:\/\/ecoshop.ee\/fi\/wp-json\/wp\/v2\/media?parent=5507"}],"wp:term":[{"taxonomy":"product_brand","embeddable":true,"href":"https:\/\/ecoshop.ee\/fi\/wp-json\/wp\/v2\/product_brand?post=5507"},{"taxonomy":"product_cat","embeddable":true,"href":"https:\/\/ecoshop.ee\/fi\/wp-json\/wp\/v2\/product_cat?post=5507"},{"taxonomy":"product_tag","embeddable":true,"href":"https:\/\/ecoshop.ee\/fi\/wp-json\/wp\/v2\/product_tag?post=5507"}],"curies":[{"name":"wp","href":"https:\/\/api.w.org\/{rel}","templated":true}]}}