{"id":5521,"date":"2024-07-12T23:36:52","date_gmt":"2024-07-12T20:36:52","guid":{"rendered":"https:\/\/ecoshop.ee\/?post_type=product&#038;p=5521"},"modified":"2024-11-09T01:27:02","modified_gmt":"2024-11-08T22:27:02","slug":"lukittava-kuviollinen-korkkinen-olkalaukku","status":"publish","type":"product","link":"https:\/\/ecoshop.ee\/fi\/kotid\/lukustatav-mustriga-korgist-crossbody-kott\/","title":{"rendered":"Lukittava kuviollinen korkkinen olkalaukku"},"content":{"rendered":"<p>T\u00e4ss\u00e4 strukturoidussa korkista olkalaukussa on korkkihihna ja vetoketjullinen tasku takana, jossa on helppo s\u00e4ilytt\u00e4\u00e4 jokap\u00e4iv\u00e4isi\u00e4 tavaroitasi. Etupuolella on kaunis v\u00e4rik\u00e4s kuvio, jota t\u00e4ydent\u00e4v\u00e4t rustiikkiset luonnonkorkkiyksityiskohdat yl\u00e4- ja takaosassa. T\u00e4m\u00e4 vieh\u00e4tt\u00e4v\u00e4 laukku on t\u00e4ydellinen valinta vegaaniseen el\u00e4m\u00e4ntapaan, sill\u00e4 se on valmistettu orgaanisesti ja kest\u00e4v\u00e4sti tammen kuoresta.<\/p>\n<p>Materiaali ja viimeistely:<\/p>\n<ul>\n<li>Materiaali: Korkki<\/li>\n<li>Vuori: 35% puuvillaa, 65% polyesteri\u00e4<\/li>\n<\/ul>\n<p>Koko:<\/p>\n<ul>\n<li>Pituus: 23 cm<\/li>\n<li>Leveys: 16 cm<\/li>\n<li>Paino: 150 g<\/li>\n<\/ul>","protected":false},"excerpt":{"rendered":"<p>See struktureeritud korkist crossbody kott, millel on korkist rihm, on varustatud tagumisel k\u00fcljel asuva lukuga taskuga, kuhu saad mugavalt oma igap\u00e4evased tarvikud&hellip;<\/p>","protected":false},"featured_media":5524,"comment_status":"open","ping_status":"closed","template":"","meta":{"wprm-recipe-roundup-name":"","wprm-recipe-roundup-description":""},"product_brand":[],"product_cat":[242],"product_tag":[202],"class_list":{"0":"post-5521","1":"product","2":"type-product","3":"status-publish","4":"has-post-thumbnail","6":"product_cat-kotid","7":"product_tag-kott","9":"first","10":"instock","11":"taxable","12":"shipping-taxable","13":"purchasable","14":"product-type-variable"},"supplier_id":null,"supplier_sku":"","barcode":null,"atum_controlled":true,"out_stock_date":null,"out_stock_threshold":null,"inheritable":false,"inbound_stock":0,"stock_on_hold":0,"sold_today":0,"sales_last_days":0,"reserved_stock":0,"customer_returns":0,"warehouse_damage":0,"lost_in_post":0,"other_logs":0,"out_stock_days":0,"lost_sales":0,"has_location":false,"update_date":"2026-03-07T01:16:04","atum_locations":[],"atum_stock_status":"instock","restock_status":false,"low_stock_amount":"","sales_update_date":"2026-03-07T01:16:04","calc_backorders":null,"aioseo_notices":[],"_links":{"self":[{"href":"https:\/\/ecoshop.ee\/fi\/wp-json\/wp\/v2\/product\/5521","targetHints":{"allow":["GET"]}}],"collection":[{"href":"https:\/\/ecoshop.ee\/fi\/wp-json\/wp\/v2\/product"}],"about":[{"href":"https:\/\/ecoshop.ee\/fi\/wp-json\/wp\/v2\/types\/product"}],"replies":[{"embeddable":true,"href":"https:\/\/ecoshop.ee\/fi\/wp-json\/wp\/v2\/comments?post=5521"}],"version-history":[{"count":0,"href":"https:\/\/ecoshop.ee\/fi\/wp-json\/wp\/v2\/product\/5521\/revisions"}],"wp:featuredmedia":[{"embeddable":true,"href":"https:\/\/ecoshop.ee\/fi\/wp-json\/wp\/v2\/media\/5524"}],"wp:attachment":[{"href":"https:\/\/ecoshop.ee\/fi\/wp-json\/wp\/v2\/media?parent=5521"}],"wp:term":[{"taxonomy":"product_brand","embeddable":true,"href":"https:\/\/ecoshop.ee\/fi\/wp-json\/wp\/v2\/product_brand?post=5521"},{"taxonomy":"product_cat","embeddable":true,"href":"https:\/\/ecoshop.ee\/fi\/wp-json\/wp\/v2\/product_cat?post=5521"},{"taxonomy":"product_tag","embeddable":true,"href":"https:\/\/ecoshop.ee\/fi\/wp-json\/wp\/v2\/product_tag?post=5521"}],"curies":[{"name":"wp","href":"https:\/\/api.w.org\/{rel}","templated":true}]}}