{"id":5529,"date":"2024-07-12T23:56:28","date_gmt":"2024-07-12T20:56:28","guid":{"rendered":"https:\/\/ecoshop.ee\/?post_type=product&#038;p=5529"},"modified":"2025-12-25T19:40:49","modified_gmt":"2025-12-25T16:40:49","slug":"korkki-ja-puuvillainen-sonum-kantoreppu","status":"publish","type":"product","link":"https:\/\/ecoshop.ee\/fi\/kotid\/korgist-ja-puuvillast-sonumikandja-seljakott\/","title":{"rendered":"Korkki- ja puuvillal\u00e4hettireppu"},"content":{"rendered":"<p>T\u00e4m\u00e4 tyylik\u00e4s reppu on jokaisen muotitietoisen henkil\u00f6n ehdoton hankinta. Kompakti ja k\u00e4tev\u00e4 reppu pit\u00e4\u00e4 kaikki tarvittavat tavarasi helposti mukana. Useat lukittavat taskut auttavat pit\u00e4m\u00e4\u00e4n tavarat turvassa ja j\u00e4rjestyksess\u00e4. Tyylik\u00e4s asuste jokap\u00e4iv\u00e4iseen k\u00e4ytt\u00f6\u00f6n.<\/p>\n<p>&nbsp;<\/p>\n<p>Materiaali:<\/p>\n<ul>\n<li>Luonnonkorkki<\/li>\n<li>Puuvilla<\/li>\n<\/ul>\n<p>Koko ja istuvuus:<\/p>\n<ul>\n<li>Pituus: 22 cm<\/li>\n<li>Leveys: 16 cm<\/li>\n<li>Paksuus: 9,5 cm<\/li>\n<li>Sivutasku: 4 cm<\/li>\n<\/ul>","protected":false},"excerpt":{"rendered":"<p>See \u0161ikk seljakott on kohustuslik igale moeteadlikule. Kompaktne ja mugav, mahutab k\u00f5ik vajalikud esemed h\u00f5lpsasti. Mitmed lukustatavad taskud aitavad hoida asju turvaliselt&hellip;<\/p>","protected":false},"featured_media":5537,"comment_status":"open","ping_status":"closed","template":"","meta":{"wprm-recipe-roundup-name":"","wprm-recipe-roundup-description":""},"product_brand":[],"product_cat":[242],"product_tag":[202],"class_list":{"0":"post-5529","1":"product","2":"type-product","3":"status-publish","4":"has-post-thumbnail","6":"product_cat-kotid","7":"product_tag-kott","9":"first","10":"instock","11":"taxable","12":"shipping-taxable","13":"purchasable","14":"product-type-variable"},"supplier_id":null,"supplier_sku":"","barcode":null,"atum_controlled":true,"out_stock_date":null,"out_stock_threshold":null,"inheritable":false,"inbound_stock":0,"stock_on_hold":0,"sold_today":0,"sales_last_days":0,"reserved_stock":0,"customer_returns":0,"warehouse_damage":0,"lost_in_post":0,"other_logs":0,"out_stock_days":0,"lost_sales":0,"has_location":false,"update_date":"2026-03-07T01:16:04","atum_locations":[],"atum_stock_status":"instock","restock_status":false,"low_stock_amount":"","sales_update_date":"2026-03-07T01:16:04","calc_backorders":null,"aioseo_notices":[],"_links":{"self":[{"href":"https:\/\/ecoshop.ee\/fi\/wp-json\/wp\/v2\/product\/5529","targetHints":{"allow":["GET"]}}],"collection":[{"href":"https:\/\/ecoshop.ee\/fi\/wp-json\/wp\/v2\/product"}],"about":[{"href":"https:\/\/ecoshop.ee\/fi\/wp-json\/wp\/v2\/types\/product"}],"replies":[{"embeddable":true,"href":"https:\/\/ecoshop.ee\/fi\/wp-json\/wp\/v2\/comments?post=5529"}],"version-history":[{"count":0,"href":"https:\/\/ecoshop.ee\/fi\/wp-json\/wp\/v2\/product\/5529\/revisions"}],"wp:featuredmedia":[{"embeddable":true,"href":"https:\/\/ecoshop.ee\/fi\/wp-json\/wp\/v2\/media\/5537"}],"wp:attachment":[{"href":"https:\/\/ecoshop.ee\/fi\/wp-json\/wp\/v2\/media?parent=5529"}],"wp:term":[{"taxonomy":"product_brand","embeddable":true,"href":"https:\/\/ecoshop.ee\/fi\/wp-json\/wp\/v2\/product_brand?post=5529"},{"taxonomy":"product_cat","embeddable":true,"href":"https:\/\/ecoshop.ee\/fi\/wp-json\/wp\/v2\/product_cat?post=5529"},{"taxonomy":"product_tag","embeddable":true,"href":"https:\/\/ecoshop.ee\/fi\/wp-json\/wp\/v2\/product_tag?post=5529"}],"curies":[{"name":"wp","href":"https:\/\/api.w.org\/{rel}","templated":true}]}}