{"id":5554,"date":"2024-07-13T20:44:11","date_gmt":"2024-07-13T17:44:11","guid":{"rendered":"https:\/\/ecoshop.ee\/?post_type=product&#038;p=5554"},"modified":"2024-11-09T01:29:16","modified_gmt":"2024-11-08T22:29:16","slug":"korkkilompakoiden-setti-lahjapakkauksessa","status":"publish","type":"product","link":"https:\/\/ecoshop.ee\/fi\/rahakotid\/kinkekarbis-korgist-rahakottide-komplekt\/","title":{"rendered":"Korkkilompakoiden setti lahjapakkauksessa"},"content":{"rendered":"<p>Kevyt ja kompakti korkkilompakkosetti. Korkki on pehme\u00e4\u00e4, mukavaa k\u00e4dess\u00e4, vedenpit\u00e4v\u00e4\u00e4 ja helppoa puhdistaa. Ihanteellinen kolikoiden ja pankkikorttien jokap\u00e4iv\u00e4iseen s\u00e4ilytykseen. Nopea, helppo ja k\u00e4yt\u00e4nn\u00f6llinen jokap\u00e4iv\u00e4iseen k\u00e4ytt\u00f6\u00f6n. Setti sis\u00e4lt\u00e4\u00e4 pitk\u00e4n lompakon ja korttitaskun, molemmat hienossa lahjapakkauksessa.<\/p>\n<p>&nbsp;<\/p>\n<p><strong>Materiaali:<\/strong><\/p>\n<ul>\n<li>Pintamateriaali: Korkki<\/li>\n<li>Vuori: 100% polyesteri<\/li>\n<\/ul>\n<p>&nbsp;<\/p>\n<p><strong>Koot:<\/strong><\/p>\n<ul>\n<li>Pitk\u00e4 lompakko: Pituus: 19; Leveys: 10; Paksuus: 2,5 cm<\/li>\n<li>Korttitasku: Pituus: 11; Leveys: 7; Paksuus: 2,5 cm<\/li>\n<\/ul>","protected":false},"excerpt":{"rendered":"<p>Kerge ja kompaktse disainiga korgist rahakottide komplekt. Kork on pehme, mugav k\u00e4es hoida, veekindel ja kergesti puhastatav. Ideaalne igap\u00e4evaseks m\u00fcndi- ja pangakaartide&hellip;<\/p>","protected":false},"featured_media":5555,"comment_status":"open","ping_status":"closed","template":"","meta":{"wprm-recipe-roundup-name":"","wprm-recipe-roundup-description":""},"product_brand":[],"product_cat":[241],"product_tag":[219],"class_list":{"0":"post-5554","1":"product","2":"type-product","3":"status-publish","4":"has-post-thumbnail","6":"product_cat-rahakotid","7":"product_tag-rahakott","9":"first","10":"instock","11":"taxable","12":"shipping-taxable","13":"purchasable","14":"product-type-simple"},"supplier_id":9159,"supplier_sku":"","barcode":null,"atum_controlled":true,"out_stock_date":null,"out_stock_threshold":null,"inheritable":false,"inbound_stock":0,"stock_on_hold":0,"sold_today":0,"sales_last_days":0,"reserved_stock":0,"customer_returns":0,"warehouse_damage":0,"lost_in_post":0,"other_logs":0,"out_stock_days":0,"lost_sales":0,"has_location":false,"update_date":"2026-03-07T01:16:04","atum_locations":[],"atum_stock_status":"instock","restock_status":false,"low_stock_amount":"","sales_update_date":"2026-03-07T01:16:04","calc_backorders":null,"aioseo_notices":[],"_links":{"self":[{"href":"https:\/\/ecoshop.ee\/fi\/wp-json\/wp\/v2\/product\/5554","targetHints":{"allow":["GET"]}}],"collection":[{"href":"https:\/\/ecoshop.ee\/fi\/wp-json\/wp\/v2\/product"}],"about":[{"href":"https:\/\/ecoshop.ee\/fi\/wp-json\/wp\/v2\/types\/product"}],"replies":[{"embeddable":true,"href":"https:\/\/ecoshop.ee\/fi\/wp-json\/wp\/v2\/comments?post=5554"}],"version-history":[{"count":0,"href":"https:\/\/ecoshop.ee\/fi\/wp-json\/wp\/v2\/product\/5554\/revisions"}],"wp:featuredmedia":[{"embeddable":true,"href":"https:\/\/ecoshop.ee\/fi\/wp-json\/wp\/v2\/media\/5555"}],"wp:attachment":[{"href":"https:\/\/ecoshop.ee\/fi\/wp-json\/wp\/v2\/media?parent=5554"}],"wp:term":[{"taxonomy":"product_brand","embeddable":true,"href":"https:\/\/ecoshop.ee\/fi\/wp-json\/wp\/v2\/product_brand?post=5554"},{"taxonomy":"product_cat","embeddable":true,"href":"https:\/\/ecoshop.ee\/fi\/wp-json\/wp\/v2\/product_cat?post=5554"},{"taxonomy":"product_tag","embeddable":true,"href":"https:\/\/ecoshop.ee\/fi\/wp-json\/wp\/v2\/product_tag?post=5554"}],"curies":[{"name":"wp","href":"https:\/\/api.w.org\/{rel}","templated":true}]}}