{"id":5559,"date":"2024-07-13T21:06:16","date_gmt":"2024-07-13T18:06:16","guid":{"rendered":"https:\/\/ecoshop.ee\/?post_type=product&#038;p=5559"},"modified":"2025-12-25T19:40:49","modified_gmt":"2025-12-25T16:40:49","slug":"luonnonkorkkikassi-geometrisella-kuviolla","status":"publish","type":"product","link":"https:\/\/ecoshop.ee\/fi\/kotid\/geomeetrilise-mustriga-naturaalsest-korgist-kandekott\/","title":{"rendered":"Luonnonkorkkikassi geometrisella kuviolla"},"content":{"rendered":"<p><strong>Tyylik\u00e4s tyyli ja innovatiivinen konsepti<\/strong><br \/>\nKolmionmuotoinen kuvio yhdistettyn\u00e4 luonnonkorkkimateriaaliin tekee t\u00e4st\u00e4 laukusta ainutlaatuisen. Puumainen korkkirakenne tarjoaa pehmeytt\u00e4, keveytt\u00e4 ja kest\u00e4v\u00e4\u00e4 muotoilua.<\/p>\n<p><strong>Eritt\u00e4in mukava ja monipuolinen<\/strong><br \/>\nSiin\u00e4 on eritt\u00e4in toimiva muotoilu, joka sopii moniin eri tyyleihin ja k\u00e4ytt\u00f6vaihtoehtoihin.<\/p>\n<p><strong>Trendik\u00e4s ja tilava<\/strong><br \/>\nT\u00e4m\u00e4 kangaskassi sopii kaikkeen tarvitsemaasi ulkona ollessasi, kuten matkapuhelimeen, tablettiin, lehtiin, kosmetiikkaan, varavirtal\u00e4hteeseen, lompakkoon, p\u00e4ivitt\u00e4isiin asusteisiin jne. Ohuen muotonsa ansiosta kassi voidaan taittaa ja s\u00e4ilytt\u00e4\u00e4 litte\u00e4n\u00e4 tyhj\u00e4n\u00e4.<\/p>\n<p><strong>Korkealaatuiset materiaalit<\/strong><br \/>\nValmistettu korkealaatuisesta korkista ja pehme\u00e4st\u00e4 sis\u00e4vuorista, kest\u00e4v\u00e4ll\u00e4 vetoketjulla ja vahvistetuilla saumoilla.<\/p>\n<p><strong>Koko:<\/strong><\/p>\n<ul>\n<li>Pituus 25 cm<\/li>\n<li>Leveys: 20 cm<\/li>\n<li>Paksuus: 7 cm<\/li>\n<li>Olkaketju: 120 cm<\/li>\n<\/ul>","protected":false},"excerpt":{"rendered":"<p>\u0160ikk stiil ja innovatiivne kontseptsioon Kolmnurkmuster koos loodusliku korkmaterjaliga muudab selle koti ainulaadseks. Puidulaadne korgist tekstuur pakub pehmust, kergust ja vastupidavat disaini.&hellip;<\/p>","protected":false},"featured_media":5563,"comment_status":"open","ping_status":"closed","template":"","meta":{"wprm-recipe-roundup-name":"","wprm-recipe-roundup-description":""},"product_brand":[],"product_cat":[242],"product_tag":[202],"class_list":{"0":"post-5559","1":"product","2":"type-product","3":"status-publish","4":"has-post-thumbnail","6":"product_cat-kotid","7":"product_tag-kott","9":"first","10":"instock","11":"taxable","12":"shipping-taxable","13":"purchasable","14":"product-type-variable"},"supplier_id":null,"supplier_sku":"","barcode":null,"atum_controlled":true,"out_stock_date":null,"out_stock_threshold":null,"inheritable":false,"inbound_stock":0,"stock_on_hold":0,"sold_today":0,"sales_last_days":0,"reserved_stock":0,"customer_returns":0,"warehouse_damage":0,"lost_in_post":0,"other_logs":0,"out_stock_days":0,"lost_sales":0,"has_location":false,"update_date":"2026-03-07T01:16:04","atum_locations":[],"atum_stock_status":"instock","restock_status":false,"low_stock_amount":"","sales_update_date":"2026-03-07T01:16:04","calc_backorders":null,"aioseo_notices":[],"_links":{"self":[{"href":"https:\/\/ecoshop.ee\/fi\/wp-json\/wp\/v2\/product\/5559","targetHints":{"allow":["GET"]}}],"collection":[{"href":"https:\/\/ecoshop.ee\/fi\/wp-json\/wp\/v2\/product"}],"about":[{"href":"https:\/\/ecoshop.ee\/fi\/wp-json\/wp\/v2\/types\/product"}],"replies":[{"embeddable":true,"href":"https:\/\/ecoshop.ee\/fi\/wp-json\/wp\/v2\/comments?post=5559"}],"version-history":[{"count":0,"href":"https:\/\/ecoshop.ee\/fi\/wp-json\/wp\/v2\/product\/5559\/revisions"}],"wp:featuredmedia":[{"embeddable":true,"href":"https:\/\/ecoshop.ee\/fi\/wp-json\/wp\/v2\/media\/5563"}],"wp:attachment":[{"href":"https:\/\/ecoshop.ee\/fi\/wp-json\/wp\/v2\/media?parent=5559"}],"wp:term":[{"taxonomy":"product_brand","embeddable":true,"href":"https:\/\/ecoshop.ee\/fi\/wp-json\/wp\/v2\/product_brand?post=5559"},{"taxonomy":"product_cat","embeddable":true,"href":"https:\/\/ecoshop.ee\/fi\/wp-json\/wp\/v2\/product_cat?post=5559"},{"taxonomy":"product_tag","embeddable":true,"href":"https:\/\/ecoshop.ee\/fi\/wp-json\/wp\/v2\/product_tag?post=5559"}],"curies":[{"name":"wp","href":"https:\/\/api.w.org\/{rel}","templated":true}]}}