{"id":5568,"date":"2024-07-13T21:25:29","date_gmt":"2024-07-13T18:25:29","guid":{"rendered":"https:\/\/ecoshop.ee\/?post_type=product&#038;p=5568"},"modified":"2024-11-09T01:29:16","modified_gmt":"2024-11-08T22:29:16","slug":"kuviollinen-luonnonkorkkista-valmistettu-olkalaukku","status":"publish","type":"product","link":"https:\/\/ecoshop.ee\/fi\/kotid\/mustriline-naturaalsest-korgist-olakott\/","title":{"rendered":"Kuvioitu luonnonkorkkiolkalaukku"},"content":{"rendered":"<p>T\u00e4m\u00e4 tyylik\u00e4s korkkinen olkalaukku yhdist\u00e4\u00e4 luonnollisen ja kest\u00e4v\u00e4n korkkimateriaalin ikoniseen portugalilaiseen kukkoaiheeseen luoden ainutlaatuisen ja kulttuurisesti rikastetun asusteen. Pehme\u00e4, kevyt ja kest\u00e4v\u00e4 muotoilu takaa mukavan kantamisen, ja luotettava magneettinen suljin pit\u00e4\u00e4 tavarasi turvassa. K\u00e4yt\u00e4nn\u00f6llisten lokeroiden ja takataskun ansiosta t\u00e4m\u00e4 laukku sopii t\u00e4ydellisesti jokap\u00e4iv\u00e4iseen k\u00e4ytt\u00f6\u00f6n tarjoten toimivuutta ja tyylikkyytt\u00e4.<\/p>\n<p>&nbsp;<\/p>\n<p><strong>Koot:<\/strong><\/p>\n<ul>\n<li>Pituus: 23 cm<\/li>\n<li>Leveys: 18 cm<\/li>\n<li>Paksuus: 8 cm<\/li>\n<\/ul>","protected":false},"excerpt":{"rendered":"<p>See stiilne korgist \u00f5lakott \u00fchendab loodusliku ja vastupidava korgimaterjali ikoonilise Portugali kukemotiiviga, luues ainulaadse ja kultuuriliselt rikastatud aksessuaari. Pehme, kerge ja j\u00e4tkusuutlik&hellip;<\/p>","protected":false},"featured_media":5569,"comment_status":"open","ping_status":"closed","template":"","meta":{"wprm-recipe-roundup-name":"","wprm-recipe-roundup-description":""},"product_brand":[],"product_cat":[242],"product_tag":[202],"class_list":{"0":"post-5568","1":"product","2":"type-product","3":"status-publish","4":"has-post-thumbnail","6":"product_cat-kotid","7":"product_tag-kott","9":"first","10":"instock","11":"taxable","12":"shipping-taxable","13":"purchasable","14":"product-type-simple"},"supplier_id":9159,"supplier_sku":"","barcode":null,"atum_controlled":true,"out_stock_date":null,"out_stock_threshold":null,"inheritable":false,"inbound_stock":0,"stock_on_hold":0,"sold_today":0,"sales_last_days":0,"reserved_stock":0,"customer_returns":0,"warehouse_damage":0,"lost_in_post":0,"other_logs":0,"out_stock_days":0,"lost_sales":0,"has_location":false,"update_date":"2026-03-07T01:16:04","atum_locations":[],"atum_stock_status":"instock","restock_status":false,"low_stock_amount":"","sales_update_date":"2026-03-07T01:16:04","calc_backorders":null,"aioseo_notices":[],"_links":{"self":[{"href":"https:\/\/ecoshop.ee\/fi\/wp-json\/wp\/v2\/product\/5568","targetHints":{"allow":["GET"]}}],"collection":[{"href":"https:\/\/ecoshop.ee\/fi\/wp-json\/wp\/v2\/product"}],"about":[{"href":"https:\/\/ecoshop.ee\/fi\/wp-json\/wp\/v2\/types\/product"}],"replies":[{"embeddable":true,"href":"https:\/\/ecoshop.ee\/fi\/wp-json\/wp\/v2\/comments?post=5568"}],"version-history":[{"count":0,"href":"https:\/\/ecoshop.ee\/fi\/wp-json\/wp\/v2\/product\/5568\/revisions"}],"wp:featuredmedia":[{"embeddable":true,"href":"https:\/\/ecoshop.ee\/fi\/wp-json\/wp\/v2\/media\/5569"}],"wp:attachment":[{"href":"https:\/\/ecoshop.ee\/fi\/wp-json\/wp\/v2\/media?parent=5568"}],"wp:term":[{"taxonomy":"product_brand","embeddable":true,"href":"https:\/\/ecoshop.ee\/fi\/wp-json\/wp\/v2\/product_brand?post=5568"},{"taxonomy":"product_cat","embeddable":true,"href":"https:\/\/ecoshop.ee\/fi\/wp-json\/wp\/v2\/product_cat?post=5568"},{"taxonomy":"product_tag","embeddable":true,"href":"https:\/\/ecoshop.ee\/fi\/wp-json\/wp\/v2\/product_tag?post=5568"}],"curies":[{"name":"wp","href":"https:\/\/api.w.org\/{rel}","templated":true}]}}